{"id":3768,"date":"2024-05-23T12:31:54","date_gmt":"2024-05-23T17:31:54","guid":{"rendered":"https:\/\/ambbogota.esteri.it\/?page_id=3768"},"modified":"2025-01-24T15:40:42","modified_gmt":"2025-01-24T20:40:42","slug":"visto-per-i-familiari-stranieri-di-cittadini-italiani-ue","status":"publish","type":"page","link":"https:\/\/ambbogota.esteri.it\/it\/servizi-consolari-e-visti\/servizi-per-il-cittadino-straniero\/visti\/visti-requisiti\/visa-para-familiares\/visto-per-i-familiari-stranieri-di-cittadini-italiani-ue\/","title":{"rendered":"Visto per i Familiari Stranieri di Cittadini Italiani\/UE"},"content":{"rendered":"<p>Per informazioni generali su questo tipo di VISTO, visitate il seguente sito del Governo italiano: <a href=\"http:\/\/vistoperitalia.esteri.it\/\">vistoperitalia.esteri.it<\/a><\/p>\n<p><strong>A cosa serve e chi pu\u00f2 richiederlo<\/strong><\/p>\n<p>Questo visto consente ai familiari stranieri di cittadini italiani\/UE di recarsi in Italia, per soggiorni maggiori a 90 giorni, ai fini del ricongiungimento familiare.<\/p>\n<p>I familiari che hanno diritto al ricongiungimento familiare sono esclusivamente quelli individuati all\u2019art. 2 del DL 30\/2007:<\/p>\n<p>1) il coniuge;<br \/>\n2) il partner che abbia contratto con il cittadino UE un&#8217;unione registrata sulla base della legislazione di uno Stato Membro, qualora la legislazione dello Stato Membro ospitante equipari l&#8217;unione registrata al matrimonio e nel rispetto delle condizioni previste dalla pertinente legislazione dello Stato Membro ospitante;<br \/>\n3) i discendenti diretti di et\u00e0 inferiore a 21 anni o a carico e quelli del coniuge o partner;<br \/>\n4) gli ascendenti diretti a carico e quelli del coniuge o partner.<br \/>\nSono equiparati al discendente diretto\/ascendente diretto anche gli adottati\/adottanti ed i minori sottoposti a tutela\/affido permanente con provvedimenti emessi ai sensi della L. 184\/83.<\/p>\n<p>Il visto pu\u00f2 essere richiesto <u>sei mesi prima della data del viaggio<\/u> e fino a 15 giorni lavorativi prima della data del viaggio.<\/p>\n<p><strong>Tipo di visto<\/strong>: \u201cD\u201d visto per soggiorno di lunga durata (da pi\u00f9 di 90 giorni fino a 365 giorni).<\/p>\n<p><strong>\u00a0REQUISITI<\/strong>: Devono essere presentati seguendo il rigoroso ordine sotto indicato.<\/p>\n<ol>\n<li><a href=\"https:\/\/ambbogota.esteri.it\/wp-content\/uploads\/2023\/11\/Formulario_D_-VistoNazionale_spagnolo.pdf\"><strong>Modulo di richiesta di visto Nazionale<\/strong><\/a> debitamente compilato in tutti i campi e firmato.<\/li>\n<li><strong>Due fotografie<\/strong> (3 cm x 4 cm), sfondo bianco a colore (identiche e recenti), una delle quali deve essere incollata al modulo nella casella corrispondente.<\/li>\n<li><strong>Passaporto valido<\/strong> (con validit\u00e0 di almeno 3 mesi oltre la durata del visto) con almeno due pagine libere e una fotocopia del passaporto (solo la pagina del passaporto contenente i dati personali del titolare).<\/li>\n<li><strong>Carta d&#8217;identit\u00e0 colombiana<\/strong> &#8211; per gli stranieri <em>c\u00e9dula de extranjer\u00eda e visto colombiano<\/em>, in corso di validit\u00e0 (fotocopia ingrandita e leggibile).<\/li>\n<li><strong>Documentazione di stato civile attestante la condizione di familiare<\/strong> ai sensi dell\u2019art. 2 del DL 30\/2007 tradotta e legalizzata dal Ministero degli Affari Esteri della Colombia, oppure atto di matrimonio o nascita (a seconda della parentela) o unione civile trascritta in Italia. (Originale e fotocopia).<\/li>\n<li><strong>Fotocopia del passaporto italiano\/comunitario <\/strong>in corso di validit\u00e0 del familiare che desidera realizzare il ricongiungimento familiare.<\/li>\n<li><strong>Lettera di invito del familiare italiano\/comunitario<\/strong> dalla quale si evinca l\u2019intenzione di esercitare il diritto all\u2019unit\u00e0 familiare e un indirizzo di residenza o prenotazione alberghiera per le prime 10 notti in Italia.<\/li>\n<li><strong>Prenotazione<\/strong> di sola andata con destinazione finale Italia.<\/li>\n<\/ol>\n<p><strong><u>NOTE:<\/u><\/strong><\/p>\n<ul>\n<li>La richiesta di visto deve essere presentata presenzialmente dall\u2019interessato.<\/li>\n<li>Potranno essere ricevute solo le richieste di visto da <u>persone residenti in Colombia<\/u>.<\/li>\n<li>La procedura \u00e8 strettamente personale. <u>L&#8217;Ambasciata non ha autorizzato alcuna agenzia o intermediario per la richiesta del visto<\/u>.<\/li>\n<li>Per gli ascendenti diretti a carico e quelli del coniuge o partner l\u2019accertamento del carico deve essere dimostrato attraverso rimesse economiche da parte del cittadino italiano\/comunitario. Il sostegno economico deve essere di natura strutturale e per il medesimo non \u00e8 prevista una durata minima.<\/li>\n<li>La mancata presentazione di uno dei documenti sopra indicati pu\u00f2 comportare il rifiuto della domanda di visto allo sportello.<\/li>\n<li>Se il richiedente visto \u00e8 un minorenne, dovr\u00e0 essere anche presentato l\u2019atto di nascita del medesimo.<\/li>\n<li>Se il richiedente visto \u00e8 un minorenne, i genitori dovranno sottoscrivere dinanzi ad un Ufficio Notarile o dinanzi al funzionario consolare i seguenti moduli presenti nella sezione \u201c<a href=\"https:\/\/ambbogota.esteri.it\/it\/servizi-consolari-e-visti\/servizi-per-il-cittadino-straniero\/visti\/modulistica\/\">Modulistica<\/a><em>\u201d:<br \/>\n<\/em>&#8211; <a href=\"https:\/\/ambbogota.esteri.it\/wp-content\/uploads\/2023\/11\/Autorizacion-Padres-a-Tramitar-la-Visa.pdf\">Autorizaci\u00f3n padres a tramitar la visa<\/a><br \/>\n&#8211; <a href=\"https:\/\/ambbogota.esteri.it\/wp-content\/uploads\/2023\/11\/Modelo-B_Menor-de-Edad.pdf\">Modelo B menor de edad<\/a><\/li>\n<li>Se il richiedente visto \u00e8 un minorenne, deve essere anche presentato il <strong>permesso di uscita dal paese rilasciato da Migraci\u00f3n Colombia<\/strong> e apostillato dal Ministero degli Affari Esteri colombiano (originale e copia).<\/li>\n<li>L&#8217;Ambasciata d&#8217;Italia si riserva il diritto di richiedere la documentazione aggiuntiva che ritenga necessaria.<\/li>\n<li>Il visto (se concesso) potr\u00e0 essere rilasciato con una data di validit\u00e0 alcuni giorni prima dell\u2019ingresso in Italia. Coloro che desiderino entrare in Italia prima di tale data potranno entrare come turisti (senza visto) per un massimo di 3 mesi se la loro nazionalit\u00e0 rientra tra quelle esentate dalla richiesta di un visto turistico.<\/li>\n<li>La presentazione della documentazione richiesta non comporta necessariamente la concessione del visto. Poich\u00e9 il medesimo \u00e8 una concessione, anche qualora dovessero essere presentati tutti i documenti summenzionati, questo pu\u00f2 essere concesso o rifiutato. In quest&#8217;ultimo caso, verr\u00e0 rilasciato un &#8220;<em><u>Provvedimento di Diniego<\/u><\/em>&#8220;.<\/li>\n<li>Se il visto viene concesso, il titolare, una volta arrivato in Italia, deve richiedere il <em>Permesso di Soggiorno<\/em> alle autorit\u00e0 italiane competenti entro i primi otto giorni lavorativi.<\/li>\n<\/ul>\n","protected":false},"excerpt":{"rendered":"Per informazioni generali su questo tipo di VISTO, visitate il seguente sito del Governo italiano: vistoperitalia.esteri.it A cosa serve e chi pu\u00f2 richiederlo Questo visto consente ai familiari stranieri di cittadini italiani\/UE di recarsi in Italia, per soggiorni maggiori a 90 giorni, ai fini del ricongiungimento familiare. I familiari che hanno diritto al ricongiungimento familiare [&hellip;]","protected":false},"author":7,"featured_media":0,"parent":450,"menu_order":0,"comment_status":"closed","ping_status":"closed","template":"","meta":{"footnotes":""},"class_list":["post-3768","page","type-page","status-publish","hentry"],"_links":{"self":[{"href":"https:\/\/ambbogota.esteri.it\/it\/wp-json\/wp\/v2\/pages\/3768","targetHints":{"allow":["GET"]}}],"collection":[{"href":"https:\/\/ambbogota.esteri.it\/it\/wp-json\/wp\/v2\/pages"}],"about":[{"href":"https:\/\/ambbogota.esteri.it\/it\/wp-json\/wp\/v2\/types\/page"}],"author":[{"embeddable":true,"href":"https:\/\/ambbogota.esteri.it\/it\/wp-json\/wp\/v2\/users\/7"}],"replies":[{"embeddable":true,"href":"https:\/\/ambbogota.esteri.it\/it\/wp-json\/wp\/v2\/comments?post=3768"}],"version-history":[{"count":2,"href":"https:\/\/ambbogota.esteri.it\/it\/wp-json\/wp\/v2\/pages\/3768\/revisions"}],"predecessor-version":[{"id":5352,"href":"https:\/\/ambbogota.esteri.it\/it\/wp-json\/wp\/v2\/pages\/3768\/revisions\/5352"}],"up":[{"embeddable":true,"href":"https:\/\/ambbogota.esteri.it\/it\/wp-json\/wp\/v2\/pages\/450"}],"wp:attachment":[{"href":"https:\/\/ambbogota.esteri.it\/it\/wp-json\/wp\/v2\/media?parent=3768"}],"curies":[{"name":"wp","href":"https:\/\/api.w.org\/{rel}","templated":true}]}}