{"id":39,"date":"2023-04-11T17:55:33","date_gmt":"2023-04-11T15:55:33","guid":{"rendered":"https:\/\/ambasciatapraga.esteri.it\/?page_id=39"},"modified":"2025-02-11T15:00:16","modified_gmt":"2025-02-11T20:00:16","slug":"la-sede","status":"publish","type":"page","link":"https:\/\/ambbogota.esteri.it\/it\/chi-siamo\/la-sede\/","title":{"rendered":"La Sede"},"content":{"rendered":"<p>L&#8217;Ambasciata d&#8217;Italia a Bogot\u00e1 \u00e8 sita in Calle 93B #9-92, nel quartiere Chic\u00f3, zona nord della capitale colombiana.<\/p>\n<p>I recapiti degli Uffici dell&#8217;Ambasciata possono essere consultati cliccando\u00a0<a href=\"https:\/\/ambbogota.esteri.it\/it\/chi-siamo\/gli-uffici\/\">qui<\/a>.<\/p>\n<p>SI INFORMANO GLI UTENTI CHE LA SEDE DELL&#8217;AMBASCIATA NON DISPONE DI PARCHEGGIO PER I VISITATORI ED \u00c8 VIETATO PARCHEGGIARE ALL\u2019ESTERNO. SI CONSIGLIA DI UTILIZZARE I PARCHEGGI NELLE VICINANZE.<\/p>\n","protected":false},"excerpt":{"rendered":"L&#8217;Ambasciata d&#8217;Italia a Bogot\u00e1 \u00e8 sita in Calle 93B #9-92, nel quartiere Chic\u00f3, zona nord della capitale colombiana. I recapiti degli Uffici dell&#8217;Ambasciata possono essere consultati cliccando\u00a0qui. SI INFORMANO GLI UTENTI CHE LA SEDE DELL&#8217;AMBASCIATA NON DISPONE DI PARCHEGGIO PER I VISITATORI ED \u00c8 VIETATO PARCHEGGIARE ALL\u2019ESTERNO. SI CONSIGLIA DI UTILIZZARE I PARCHEGGI NELLE VICINANZE.","protected":false},"author":1,"featured_media":0,"parent":13,"menu_order":2,"comment_status":"closed","ping_status":"closed","template":"","meta":{"footnotes":""},"class_list":["post-39","page","type-page","status-publish","hentry"],"_links":{"self":[{"href":"https:\/\/ambbogota.esteri.it\/it\/wp-json\/wp\/v2\/pages\/39","targetHints":{"allow":["GET"]}}],"collection":[{"href":"https:\/\/ambbogota.esteri.it\/it\/wp-json\/wp\/v2\/pages"}],"about":[{"href":"https:\/\/ambbogota.esteri.it\/it\/wp-json\/wp\/v2\/types\/page"}],"author":[{"embeddable":true,"href":"https:\/\/ambbogota.esteri.it\/it\/wp-json\/wp\/v2\/users\/1"}],"replies":[{"embeddable":true,"href":"https:\/\/ambbogota.esteri.it\/it\/wp-json\/wp\/v2\/comments?post=39"}],"version-history":[{"count":6,"href":"https:\/\/ambbogota.esteri.it\/it\/wp-json\/wp\/v2\/pages\/39\/revisions"}],"predecessor-version":[{"id":5687,"href":"https:\/\/ambbogota.esteri.it\/it\/wp-json\/wp\/v2\/pages\/39\/revisions\/5687"}],"up":[{"embeddable":true,"href":"https:\/\/ambbogota.esteri.it\/it\/wp-json\/wp\/v2\/pages\/13"}],"wp:attachment":[{"href":"https:\/\/ambbogota.esteri.it\/it\/wp-json\/wp\/v2\/media?parent=39"}],"curies":[{"name":"wp","href":"https:\/\/api.w.org\/{rel}","templated":true}]}}