{"id":392,"date":"2023-08-10T15:17:54","date_gmt":"2023-08-10T20:17:54","guid":{"rendered":"https:\/\/ambbogota.esteri.it\/?page_id=392"},"modified":"2023-08-28T09:37:44","modified_gmt":"2023-08-28T14:37:44","slug":"messaggio","status":"publish","type":"page","link":"https:\/\/ambbogota.esteri.it\/it\/chi-siamo\/lambasciatore\/messaggio\/","title":{"rendered":"Messaggio"},"content":{"rendered":"<p style=\"text-align: justify;\">Nel momento in cui assumo la guida dell&#8217;Ambasciata d&#8217;Italia a Bogot\u00e1, desidero rivolgere il mio saluto pi\u00f9 cordiale ai connazionali residenti nel Paese, agli esponenti delle Associazioni e ai componenti del Comites, alla comunit\u00e0 di origine italiana qui presente e a tutti coloro che si riconoscono nell&#8217;Italia, nella sua cultura e nei suoi valori. L\u2019Italia e la Colombia sono legati da consolidati vincoli di amicizia e vicinanza, che affondano le radici nel tempo e grazie al contributo della nostra comunit\u00e0 qui residente lo storico rapporto tra i nostri popoli \u00e8 pi\u00f9 vivo che mai.<\/p>\n<p style=\"text-align: justify;\">Fin d\u2019ora desidero segnalare che sono a completa disposizione della collettivit\u00e0, con cui intendo mantenere un rapporto di stretta e reciproca collaborazione nell\u2019interesse dello sviluppo dei rapporti tra i due Paesi.<\/p>\n<p style=\"text-align: justify;\">Su queste premesse, ho il piacere di annunciare che a partire dall&#8217;11 settembre prossimo i servizi relativi all&#8217;emissione di passaporto, atti di stato civile (nascita, matrimonio, divorzio e morte), alla cittadinanza per matrimonio e alle altre pratiche consolari (richiesta di pubblicazioni di matrimonio, emissione di certificati, legalizzazione di matrimoni, autentiche di firma, atti di assenso, proroga di validit\u00e0 della patente italiana) verranno erogati in giornata senza necessit\u00e0 di previo appuntamento e senza contingentamenti di sorta.La ricezione verr\u00e0 assicurata sulla base dell&#8217;orario di arrivo e tenendo conto delle categorie protette (disabili, famiglie con bambini di et\u00e0 inferiore ai due anni, donne incinte, anziani over 75) che hanno priorit\u00e0 di accesso.<\/p>\n<p style=\"text-align: justify;\">Si tratta di un&#8217;innovazione che intende premiare la comunit\u00e0 italiana in Colombia offrendo un servizio consolare di particolare livello ed all&#8217;altezza delle migliori aspettative.<\/p>\n<p style=\"text-align: justify;\">E\u2019 per me un grande onore servire l\u2019Italia in Colombia in un momento in cui questo Paese attraversa una fase particolarmente dinamica di sviluppo e di fermento culturale. Insieme a tutti i miei collaboratori e alla rete consolare onoraria non lesineremo sforzi per raggiungere obiettivi sempre pi\u00f9 ambiziosi nell\u2019interesse delle nostre Nazioni.<\/p>\n<p style=\"text-align: justify;\">Sar\u00e0 mia cura sostenere il crescente interesse che l\u2019Italia dedica alla Colombia, valorizzando appieno i forti legami che la nostra comunit\u00e0 italiana qui presente conserva con la Madrepatria e mettendo a sistema l\u2019azione di tutte le eccellenze italiane interessate a questa splendida Nazione.<\/p>\n<p style=\"text-align: justify;\">Ai nostri connazionali, ai loro genitori ed antenati che hanno contribuito con il loro lavoro alla crescita del Paese, rivolgo un pensiero ed un sentito ringraziamento ed invito tutti gli italiani, gli amici colombiani e tutti coloro che guardano all\u2019Italia con simpatia di considerare l\u2019Ambasciata quale propria casa e di lavorare assieme per rafforzare sempre pi\u00f9 l\u2019amicizia tra i nostri due popoli.<\/p>\n","protected":false},"excerpt":{"rendered":"Nel momento in cui assumo la guida dell&#8217;Ambasciata d&#8217;Italia a Bogot\u00e1, desidero rivolgere il mio saluto pi\u00f9 cordiale ai connazionali residenti nel Paese, agli esponenti delle Associazioni e ai componenti del Comites, alla comunit\u00e0 di origine italiana qui presente e a tutti coloro che si riconoscono nell&#8217;Italia, nella sua cultura e nei suoi valori. L\u2019Italia [&hellip;]","protected":false},"author":5,"featured_media":0,"parent":38,"menu_order":0,"comment_status":"closed","ping_status":"closed","template":"","meta":{"footnotes":""},"class_list":["post-392","page","type-page","status-publish","hentry"],"_links":{"self":[{"href":"https:\/\/ambbogota.esteri.it\/it\/wp-json\/wp\/v2\/pages\/392","targetHints":{"allow":["GET"]}}],"collection":[{"href":"https:\/\/ambbogota.esteri.it\/it\/wp-json\/wp\/v2\/pages"}],"about":[{"href":"https:\/\/ambbogota.esteri.it\/it\/wp-json\/wp\/v2\/types\/page"}],"author":[{"embeddable":true,"href":"https:\/\/ambbogota.esteri.it\/it\/wp-json\/wp\/v2\/users\/5"}],"replies":[{"embeddable":true,"href":"https:\/\/ambbogota.esteri.it\/it\/wp-json\/wp\/v2\/comments?post=392"}],"version-history":[{"count":3,"href":"https:\/\/ambbogota.esteri.it\/it\/wp-json\/wp\/v2\/pages\/392\/revisions"}],"predecessor-version":[{"id":1089,"href":"https:\/\/ambbogota.esteri.it\/it\/wp-json\/wp\/v2\/pages\/392\/revisions\/1089"}],"up":[{"embeddable":true,"href":"https:\/\/ambbogota.esteri.it\/it\/wp-json\/wp\/v2\/pages\/38"}],"wp:attachment":[{"href":"https:\/\/ambbogota.esteri.it\/it\/wp-json\/wp\/v2\/media?parent=392"}],"curies":[{"name":"wp","href":"https:\/\/api.w.org\/{rel}","templated":true}]}}