{"id":3986,"date":"2024-06-12T10:22:22","date_gmt":"2024-06-12T15:22:22","guid":{"rendered":"https:\/\/ambbogota.esteri.it\/?page_id=3986"},"modified":"2025-01-27T16:44:45","modified_gmt":"2025-01-27T21:44:45","slug":"visto-per-lavoro-autonomo-fuori-quota","status":"publish","type":"page","link":"https:\/\/ambbogota.esteri.it\/it\/servizi-consolari-e-visti\/servizi-per-il-cittadino-straniero\/visti\/visti-requisiti\/visti-per-lavoro\/visto-per-lavoro-autonomo-fuori-quota\/","title":{"rendered":"Visto per Lavoro Autonomo \u2013 Fuori Quota"},"content":{"rendered":"<p>Per informazioni generali su questo tipo di VISTO, si prega di visitare il seguente sito del Governo italiano: <a href=\"http:\/\/vistoperitalia.esteri.it\">vistoperitalia.esteri.it<\/a><\/p>\n<p><strong>A cosa serve e chi pu\u00f2 utilizzarlo <\/strong><\/p>\n<p>Il visto di Lavoro Autonomo <em>Fuori Flussi<\/em> consente a un cittadino straniero di entrare e risiedere in Italia per svolgere un&#8217;attivit\u00e0 lavorativa autonoma al di fuori delle quote stabilite nel <em>Decreto Flussi, <\/em>la cui disciplina \u00e8 applicabile alle seguenti categorie professionali:<\/p>\n<ol>\n<li><strong>dirigenti o personale altamente specializzato <\/strong>di societ\u00e0 aventi sede o filiali in Italia<\/li>\n<li><strong>lettori universitari <\/strong>di scambio o di madre lingua<\/li>\n<li><strong>professori universitari<\/strong><\/li>\n<li><strong>traduttori <\/strong>e <strong>interpreti<\/strong><\/li>\n<\/ol>\n<p>La procedura inizia in Italia dove la stessa persona, fisica o giuridica, presenta presso la <em>Prefettura<\/em> territorialmente competente il rispettivo <em>Nulla Osta<\/em> al lavoro. Una volta che la <em>predetta autorit\u00e0<\/em> abbia rilasciato il <em>Nulla Osta<\/em>, l\u2019interessato residente in Colombia potr\u00e0 richiedere il visto.<\/p>\n<p>Il visto pu\u00f2 essere richiesto <u>sei mesi prima della data del viaggio<\/u> e fino a 15 giorni lavorativi prima della data del viaggio.<\/p>\n<p><strong>Tipo di visto<\/strong>: &#8220;C&#8221; visto per soggiorni di breve durata (fino a 90 giorni) o \u201cD\u201d visto per soggiorno di lunga durata (da pi\u00f9 di 90 giorni fino a 365 giorni).<\/p>\n<p><strong>REQUISITI<\/strong>: Devono essere presentati seguendo il rigoroso ordine sotto indicato.<\/p>\n<ol>\n<li><a href=\"https:\/\/ambbogota.esteri.it\/wp-content\/uploads\/2023\/11\/Formulario_D_-VistoNazionale_spagnolo.pdf\"><strong>Modulo di richiesta di visto Nazionale<\/strong><\/a> o <a href=\"https:\/\/ambbogota.esteri.it\/wp-content\/uploads\/2024\/07\/Formulario-bilingue.pdf\"><strong>Schengen<\/strong><\/a> debitamente compilato in tutti i campi e firmato.<\/li>\n<li><strong>Due fotografie<\/strong> (3 cm x 4 cm), sfondo bianco a colore (identiche e recenti), una delle quali deve essere incollata al modulo nella casella corrispondente.<\/li>\n<li><a href=\"https:\/\/ambbogota.esteri.it\/it\/servizi-consolari-e-visti\/servizi-per-il-cittadino-italiano\/diritti-consolari\/\"><strong>Pagamento dei diritti consolari<\/strong><\/a> (portare l&#8217;originale del versamento effettuato sul conto corrente n. 11538667 della Banca GNB Sudameris &#8211; Art. 29. Non si accettano fotocopie o bonifici bancari diretti).<\/li>\n<li><strong>Passaporto valido<\/strong> (con validit\u00e0 di almeno 3 mesi oltre la durata del visto) con almeno due pagine libere e una fotocopia del passaporto (solo la pagina del passaporto contenente i dati personali del titolare).<\/li>\n<li><strong>Carta d&#8217;identit\u00e0 colombiana<\/strong> &#8211; per gli stranieri <em>c\u00e9dula de extranjer\u00eda e visto colombiano<\/em>, in corso di validit\u00e0 (fotocopia ingrandita e leggibile).<\/li>\n<li><strong>Nulla Osta della Questura competente<\/strong> per il luogo in cui si svolger\u00e0 l\u2019attivit\u00e0 autonoma. La data del Nulla Osta non deve essere inferiore a tre mesi.<\/li>\n<li><strong>Certificazione della Direzione Territoriale del Lavoro<\/strong> del luogo di prevista esecuzione del contratto, che attesti che lo schema del contratto d&#8217;opera professionale non configura un rapporto di lavoro subordinato.<\/li>\n<li><strong>Fotocopia dei titoli di studio con relativa apostilla<\/strong>. \u00c8 possibile presentare anche la Dichiarazione di Valore.<\/li>\n<li><strong>Fotocopia del Contratto d&#8217;Opera<\/strong> nella quale si indichi chiaramente la data d&#8217;inizio e fine dell&#8217;incarico.<\/li>\n<li><strong>Disponibilit\u00e0 di un reddito &#8211; relativo al precedente esercizio finanziario<\/strong> &#8211; di importo superiore al livello minimo previsto dalla legge per l&#8217;esenzione dalla partecipazione alla spesa sanitaria (\u20ac8.500), gi\u00e0 acquisito nel paese di residenza. Tale reddito non pu\u00f2 essere dimostrato mediante il ricorso a fidejussione bancaria o polizza assicurativa.<\/li>\n<li><strong>Disponibilit\u00e0 di un alloggio idoneo <\/strong>in base al luogo nel quale svolger\u00e0 la sua attivit\u00e0 lavorativa e alla durata del soggiorno.<\/li>\n<li><strong>Prenotazione del volo <\/strong>di sola andata con destinazione finale Italia.<\/li>\n<\/ol>\n<p><strong><u>Note<\/u><\/strong>:<\/p>\n<ul>\n<li>La richiesta di visto deve essere presentata presenzialmente dall\u2019interessato.<\/li>\n<li>Potranno essere ricevute solo le richieste di visto da <u>persone residenti in Colombia<\/u>.<\/li>\n<li>La procedura \u00e8 strettamente personale. <u>L&#8217;Ambasciata non ha autorizzato alcuna agenzia o intermediario per la richiesta del visto<\/u>.<\/li>\n<li>La mancata presentazione di uno dei documenti sopra indicati pu\u00f2 comportare il rifiuto della domanda di visto allo sportello. La domanda <u>non potr\u00e0 essere accettata<\/u> se i diritti consolari non sono stati interamente pagati in anticipo direttamente alla banca (vedi <a href=\"https:\/\/ambbogota.esteri.it\/it\/servizi-consolari-e-visti\/servizi-per-il-cittadino-italiano\/diritti-consolari\/\"><strong>diritti consolari<\/strong><\/a>).<\/li>\n<li>L&#8217;Ambasciata d&#8217;Italia si riserva il diritto di richiedere la documentazione aggiuntiva che ritenga necessaria.<\/li>\n<li>Il visto (se concesso) potr\u00e0 essere rilasciato con una data di validit\u00e0 alcuni giorni prima dell\u2019inizio del contratto d\u2019opera.<\/li>\n<li>La presentazione della documentazione richiesta non comporta necessariamente la concessione del visto. Poich\u00e9 il medesimo \u00e8 una concessione, anche qualora dovessero essere presentati tutti i documenti summenzionati, questo pu\u00f2 essere concesso o rifiutato. In quest&#8217;ultimo caso, verr\u00e0 rilasciato un &#8220;<em><u>Provvedimento di Diniego<\/u><\/em>&#8220;.<\/li>\n<li>Se il visto viene concesso, il titolare, una volta arrivato in Italia, deve richiedere il <em>Permesso di Soggiorno<\/em> alle autorit\u00e0 italiane competenti entro i primi otto giorni lavorativi.<\/li>\n<\/ul>\n","protected":false},"excerpt":{"rendered":"Per informazioni generali su questo tipo di VISTO, si prega di visitare il seguente sito del Governo italiano: vistoperitalia.esteri.it A cosa serve e chi pu\u00f2 utilizzarlo Il visto di Lavoro Autonomo Fuori Flussi consente a un cittadino straniero di entrare e risiedere in Italia per svolgere un&#8217;attivit\u00e0 lavorativa autonoma al di fuori delle quote stabilite [&hellip;]","protected":false},"author":7,"featured_media":0,"parent":5496,"menu_order":0,"comment_status":"closed","ping_status":"closed","template":"","meta":{"footnotes":""},"class_list":["post-3986","page","type-page","status-publish","hentry"],"_links":{"self":[{"href":"https:\/\/ambbogota.esteri.it\/it\/wp-json\/wp\/v2\/pages\/3986","targetHints":{"allow":["GET"]}}],"collection":[{"href":"https:\/\/ambbogota.esteri.it\/it\/wp-json\/wp\/v2\/pages"}],"about":[{"href":"https:\/\/ambbogota.esteri.it\/it\/wp-json\/wp\/v2\/types\/page"}],"author":[{"embeddable":true,"href":"https:\/\/ambbogota.esteri.it\/it\/wp-json\/wp\/v2\/users\/7"}],"replies":[{"embeddable":true,"href":"https:\/\/ambbogota.esteri.it\/it\/wp-json\/wp\/v2\/comments?post=3986"}],"version-history":[{"count":3,"href":"https:\/\/ambbogota.esteri.it\/it\/wp-json\/wp\/v2\/pages\/3986\/revisions"}],"predecessor-version":[{"id":5401,"href":"https:\/\/ambbogota.esteri.it\/it\/wp-json\/wp\/v2\/pages\/3986\/revisions\/5401"}],"up":[{"embeddable":true,"href":"https:\/\/ambbogota.esteri.it\/it\/wp-json\/wp\/v2\/pages\/5496"}],"wp:attachment":[{"href":"https:\/\/ambbogota.esteri.it\/it\/wp-json\/wp\/v2\/media?parent=3986"}],"curies":[{"name":"wp","href":"https:\/\/api.w.org\/{rel}","templated":true}]}}