{"id":3994,"date":"2024-06-12T10:51:20","date_gmt":"2024-06-12T15:51:20","guid":{"rendered":"https:\/\/ambbogota.esteri.it\/?page_id=3994"},"modified":"2025-01-27T16:33:47","modified_gmt":"2025-01-27T21:33:47","slug":"visto-per-lavoro-autonomo-imprenditore","status":"publish","type":"page","link":"https:\/\/ambbogota.esteri.it\/it\/servizi-consolari-e-visti\/servizi-per-il-cittadino-straniero\/visti\/visti-requisiti\/visti-per-lavoro\/visto-per-lavoro-autonomo-imprenditore\/","title":{"rendered":"Visto per Lavoro Autonomo \u2013 Imprenditore"},"content":{"rendered":"<p>Per informazioni generali su questo tipo di VISTO, si prega di visitare il seguente sito del Governo italiano: <a href=\"http:\/\/vistoperitalia.esteri.it\">vistoperitalia.esteri.it<\/a><\/p>\n<p><strong>A cosa serve e chi pu\u00f2 utilizzarlo <\/strong><\/p>\n<p>Il visto di Lavoro Autonomo &#8211; <em>Imprenditore<\/em>, consente a un cittadino straniero di entrare e risiedere in Italia per svolgere un&#8217;attivit\u00e0 lavorativa in modo autonomo secondo il principio della programmazione dei flussi disciplinata dal <em>Decreto Flussi<\/em>, nel quale viene stabilito il numero di stranieri che possono entrare nel territorio nazionale per motivi di lavoro.<\/p>\n<p>La procedura inizia in Italia dove la stessa persona fisica presenta presso l\u2019autorit\u00e0 italiana territorialmente competente il rispettivo <em>Nulla Osta<\/em>. Una volta che la <em>predetta autorit\u00e0<\/em> abbia rilasciato il <em>Nulla Osta<\/em>, l\u2019interessato residente in Colombia potr\u00e0 richiedere il visto.<\/p>\n<p>Il visto pu\u00f2 essere richiesto <u>sei mesi prima della data del viaggio<\/u> e fino a 15 giorni lavorativi prima della data del viaggio.<\/p>\n<p><strong>Tipo di visto<\/strong>: &#8220;C&#8221; visto per soggiorni di breve durata (fino a 90 giorni) o \u201cD\u201d visto per soggiorno di lunga durata (da pi\u00f9 di 90 giorni fino a 365 giorni).<\/p>\n<p><strong>REQUISITI<\/strong>: Devono essere presentati seguendo il rigoroso ordine sotto indicato.<\/p>\n<ol>\n<li><a href=\"https:\/\/ambbogota.esteri.it\/wp-content\/uploads\/2023\/11\/Formulario_D_-VistoNazionale_spagnolo.pdf\"><strong>Modulo di richiesta di visto Nazionale<\/strong><\/a> o <a href=\"https:\/\/ambbogota.esteri.it\/wp-content\/uploads\/2024\/07\/Formulario-bilingue.pdf\"><strong>Schengen<\/strong><\/a> debitamente compilato in tutti i campi e firmato.<\/li>\n<li><strong>Due fotografie<\/strong> (3 cm x 4 cm), sfondo bianco a colore (identiche e recenti), una delle quali deve essere incollata al modulo nella casella corrispondente.<\/li>\n<li><a href=\"https:\/\/ambbogota.esteri.it\/it\/servizi-consolari-e-visti\/servizi-per-il-cittadino-italiano\/diritti-consolari\/\"><strong>Pagamento dei diritti consolari<\/strong><\/a> (portare l&#8217;originale del versamento effettuato sul conto corrente n. 11538667 della Banca GNB Sudameris &#8211; Art. 29. Non si accettano fotocopie o bonifici bancari diretti).<\/li>\n<li><strong>Passaporto valido<\/strong> (con validit\u00e0 di almeno 3 mesi oltre la durata del visto) con almeno due pagine libere e una fotocopia del passaporto (solo la pagina del passaporto contenente i dati personali del titolare).<\/li>\n<li><strong>Carta d&#8217;identit\u00e0 colombiana<\/strong> &#8211; per gli stranieri <em>c\u00e9dula de extranjer\u00eda e visto colombiano<\/em>, in corso di validit\u00e0 (Fotocopia ingrandita e leggibile).<\/li>\n<li><strong>Fotocopia dei titoli di studio con relativa apostille<\/strong>. \u00c8 possibile presentare anche la Dichiarazione di Valore.<\/li>\n<li><strong>Nulla Osta della Questura competente<\/strong> per il luogo in cui si svolger\u00e0 l\u2019attivit\u00e0 autonoma. La data del Nulla Osta non deve essere inferiore a tre mesi.<\/li>\n<li><strong>Attestazione relativa alle risorse finanziarie occorrenti per l\u2019esercizio dell\u2019attivit\u00e0 lavorativa, rilasciata dalla CCIAA<\/strong> (Camera di commercio, industria, artigianato e agricoltura) competente per il luogo in cui si svolger\u00e0 l\u2019attivit\u00e0 autonoma. L\u2019attestazione dovr\u00e0 essere comunque d\u2019importo non inferiore al triplo della somma pari alla capitalizzazione, su base annua, dell\u2019importo mensile dell\u2019assegno sociale <u>(a partire da 20.000 euro circa).<\/u><\/li>\n<li>Dimostrare con certezza che il <strong>piano di investimento<\/strong> (<strong>business plan<\/strong>) sia di un certo rilievo ed interesse economico per l&#8217;Italia e di poter disporre di risorse proprie, provenienti <strong><u>da fonti lecite, uguali o superiori a 500.000 Euro<\/u><\/strong><\/li>\n<li>Dimostrare che il piano di investimento (<strong>business plan<\/strong>) prospetti la creazione di <strong>almeno tre nuovi posti di lavoro<\/strong><\/li>\n<li><strong>Disponibilit\u00e0 di un reddito &#8211; relativo al precedente esercizio finanziario<\/strong> &#8211; di importo superiore al livello minimo previsto dalla legge per l&#8217;esenzione dalla partecipazione alla spesa sanitaria (\u20ac8.500), gi\u00e0 acquisito nel Paese di residenza<\/li>\n<li><strong>Dimostrazione della disponibilit\u00e0 di alloggio<\/strong> attraverso una delle seguenti opzioni:\n<ol>\n<li>Contratto di affitto di una casa o appartamento, registrato presso le autorit\u00e0 competenti in Italia e valido per il periodo di soggiorno richiesto.<\/li>\n<li>Documentazione che attesti l\u2019acquisto di un bene immobile in Italia.<\/li>\n<\/ol>\n<\/li>\n<li><strong>Prenotazione del volo <\/strong>di sola andata con destinazione finale Italia.<\/li>\n<\/ol>\n<p><strong><u>Note:<\/u><\/strong><\/p>\n<ul>\n<li>La richiesta di visto deve essere presentata presenzialmente dall\u2019interessato.<\/li>\n<li>Potranno essere ricevute solo le richieste di visto da <u>persone residenti in Colombia<\/u>.<\/li>\n<li>La procedura \u00e8 strettamente personale. <u>L&#8217;Ambasciata non ha autorizzato alcuna agenzia o intermediario per la richiesta del visto<\/u>.<\/li>\n<li>La mancata presentazione di uno dei documenti sopra indicati pu\u00f2 comportare il rifiuto della domanda di visto allo sportello. La domanda <u>non potr\u00e0 essere accettata<\/u> se i diritti consolari non sono stati interamente pagati in anticipo direttamente alla banca (vedi <a href=\"https:\/\/ambbogota.esteri.it\/it\/servizi-consolari-e-visti\/servizi-per-il-cittadino-italiano\/diritti-consolari\/\"><strong>diritti consolari<\/strong><\/a>).<\/li>\n<li>L&#8217;Ambasciata d&#8217;Italia si riserva il diritto di richiedere la documentazione aggiuntiva che ritiene necessaria.<\/li>\n<li>Il visto (se concesso) potr\u00e0 essere rilasciato con una data di validit\u00e0 alcuni giorni prima dell\u2019inizio dell\u2019esercizio dell\u2019attivit\u00e0 lavorativa.<\/li>\n<li>La presentazione della documentazione richiesta non comporta necessariamente la concessione del visto. Poich\u00e9 il medesimo \u00e8 una concessione, anche qualora dovessero essere presentati tutti i documenti summenzionati, questo pu\u00f2 essere concesso o rifiutato. In quest&#8217;ultimo caso, verr\u00e0 rilasciato un &#8220;<em><u>Provvedimento di Diniego<\/u><\/em>&#8220;.<\/li>\n<li>Se il visto viene concesso, il titolare, una volta arrivato in Italia, deve richiedere il <em>Permesso di Soggiorno<\/em> alle autorit\u00e0 italiane competenti entro i primi otto giorni lavorativi.<\/li>\n<\/ul>\n","protected":false},"excerpt":{"rendered":"Per informazioni generali su questo tipo di VISTO, si prega di visitare il seguente sito del Governo italiano: vistoperitalia.esteri.it A cosa serve e chi pu\u00f2 utilizzarlo Il visto di Lavoro Autonomo &#8211; Imprenditore, consente a un cittadino straniero di entrare e risiedere in Italia per svolgere un&#8217;attivit\u00e0 lavorativa in modo autonomo secondo il principio della [&hellip;]","protected":false},"author":7,"featured_media":0,"parent":5496,"menu_order":0,"comment_status":"closed","ping_status":"closed","template":"","meta":{"footnotes":""},"class_list":["post-3994","page","type-page","status-publish","hentry"],"_links":{"self":[{"href":"https:\/\/ambbogota.esteri.it\/it\/wp-json\/wp\/v2\/pages\/3994","targetHints":{"allow":["GET"]}}],"collection":[{"href":"https:\/\/ambbogota.esteri.it\/it\/wp-json\/wp\/v2\/pages"}],"about":[{"href":"https:\/\/ambbogota.esteri.it\/it\/wp-json\/wp\/v2\/types\/page"}],"author":[{"embeddable":true,"href":"https:\/\/ambbogota.esteri.it\/it\/wp-json\/wp\/v2\/users\/7"}],"replies":[{"embeddable":true,"href":"https:\/\/ambbogota.esteri.it\/it\/wp-json\/wp\/v2\/comments?post=3994"}],"version-history":[{"count":4,"href":"https:\/\/ambbogota.esteri.it\/it\/wp-json\/wp\/v2\/pages\/3994\/revisions"}],"predecessor-version":[{"id":5414,"href":"https:\/\/ambbogota.esteri.it\/it\/wp-json\/wp\/v2\/pages\/3994\/revisions\/5414"}],"up":[{"embeddable":true,"href":"https:\/\/ambbogota.esteri.it\/it\/wp-json\/wp\/v2\/pages\/5496"}],"wp:attachment":[{"href":"https:\/\/ambbogota.esteri.it\/it\/wp-json\/wp\/v2\/media?parent=3994"}],"curies":[{"name":"wp","href":"https:\/\/api.w.org\/{rel}","templated":true}]}}