{"id":42,"date":"2023-04-11T18:08:31","date_gmt":"2023-04-11T16:08:31","guid":{"rendered":"https:\/\/ambasciatapraga.esteri.it\/?page_id=42"},"modified":"2025-09-18T16:27:35","modified_gmt":"2025-09-18T21:27:35","slug":"la-rete-consolare","status":"publish","type":"page","link":"https:\/\/ambbogota.esteri.it\/it\/chi-siamo\/la-rete-consolare\/","title":{"rendered":"La Rete Consolare"},"content":{"rendered":"<h1 class=\"entry-title h3\">La Rete Consolare<\/h1>\n<p class=\"bg-info\"><strong>AMBASCIATA D&#8217;ITALIA<\/strong><\/p>\n<table class=\"table table-bordered\">\n<thead>\n<tr class=\"active\">\n<th style=\"text-align: center;\" colspan=\"2\">Bogot\u00e0<\/th>\n<\/tr>\n<\/thead>\n<tbody>\n<tr>\n<td><strong>Dipartimenti di riferimento<\/strong><\/td>\n<td>Amazonas, Boyac\u00e1, Distrito Capital, Caquet\u00e1, Casanare, Cundinamarca, Guain\u00eda, Guaviare, Meta, Tolima, Vaup\u00e9s e Vichada.<\/td>\n<\/tr>\n<\/tbody>\n<\/table>\n<p class=\"bg-info\"><strong>CONSOLATI ONORARI<\/strong><\/p>\n<table class=\"table table-bordered\">\n<thead>\n<tr class=\"active\">\n<th style=\"text-align: center;\" colspan=\"2\">Barranquilla<\/th>\n<\/tr>\n<\/thead>\n<tbody>\n<tr>\n<td>Console Onorario<\/td>\n<td><strong>Furio Ricciardiello<\/strong><\/td>\n<\/tr>\n<tr>\n<td colspan=\"2\">\n<table class=\"table\">\n<tbody>\n<tr>\n<td>Carrera 51B #82-254, Oficina 51, Centro Commerciale Bahia, Barranquilla<\/td>\n<td><a href=\"mailto:barranquilla.onorario@esteri.it\">barranquilla.onorario@esteri.it<\/a><\/td>\n<td>(+57) 312 842 25 99<\/td>\n<\/tr>\n<\/tbody>\n<\/table>\n<\/td>\n<\/tr>\n<tr>\n<td style=\"text-align: left;\" colspan=\"2\">Orari di apertura al pubblico: da marted\u00ec a venerd\u00ec dalle 09:00 alle 13:00 si riceve per ordine di arrivo. Sabato dalle 08:30 alle 12:30 con appuntamento previo scrivendo a <a href=\"mailto:barranquilla.onorario@esteri.it\">barranquilla.onorario@esteri.it<\/a>.<\/td>\n<\/tr>\n<tr>\n<td><strong>Dipartimenti di riferimento<\/strong><\/td>\n<td>Atl\u00e1ntico, Cesar, La Guajira e Magdalena<\/td>\n<\/tr>\n<tr>\n<td colspan=\"2\"><a href=\"https:\/\/ambbogota.esteri.it\/wp-content\/uploads\/2023\/10\/dlf_barranquilla_ita.pdf\">Decreto limitazioni di funzioni del Consolato Onorario<\/a><\/td>\n<\/tr>\n<\/tbody>\n<\/table>\n<table class=\"table table-bordered\" style=\"height: 235px;\" width=\"1380\">\n<thead>\n<tr class=\"active\">\n<th style=\"text-align: center;\" colspan=\"2\">Cali<\/th>\n<\/tr>\n<\/thead>\n<tbody>\n<tr>\n<td>Console Onorario<\/td>\n<td><strong>Maria Paulina Escobar Ferraiuoli<br \/>\n<\/strong><\/td>\n<\/tr>\n<tr>\n<td colspan=\"2\">\n<table class=\"table\" style=\"height: 32px;\" width=\"984\">\n<tbody>\n<tr>\n<td>Calle 36 Norte #6A-65, World Trade Center, Oficina 1709, Piso 17, Cali<\/td>\n<td><a href=\"mailto:cali.onorario@esteri.it\">cali.onorario@esteri.it<\/a><\/td>\n<td>(+57) 602 668 14 86<\/td>\n<\/tr>\n<\/tbody>\n<\/table>\n<\/td>\n<\/tr>\n<tr>\n<td colspan=\"2\">Informazione telefonica: luned\u00ec e marted\u00ec dalle 13:00 alle 14:00; mercoled\u00ec dalle 09:00 alle 11:00.<br \/>\nOrari di apertura al pubblico: luned\u00ec e marted\u00ec dalle 15:00 alle 17:00, unicamente con appuntamento da prenotare negli orari sopraindicati.<br \/>\nNon \u00e8 necessario l&#8217;appuntamento per i cittadini italiani, cui \u00e8 consentito l&#8217;accesso (negli orari di apertura) su presentazione del passaporto.<\/td>\n<\/tr>\n<tr>\n<td><strong>Dipartimenti di riferimento<\/strong><\/td>\n<td>Cauca, Huila, Nari\u00f1o, Putumayo e Valle del Cauca<\/td>\n<\/tr>\n<tr>\n<td colspan=\"2\"><a href=\"https:\/\/ambbogota.esteri.it\/wp-content\/uploads\/2023\/10\/dlf_cali_ita.pdf\">Decreto limitazioni di funzioni del Consolato Onorario<\/a><\/td>\n<\/tr>\n<\/tbody>\n<\/table>\n<table class=\"table table-bordered\">\n<thead>\n<tr class=\"active\">\n<th style=\"text-align: center;\" colspan=\"2\">Bucaramanga<\/th>\n<\/tr>\n<\/thead>\n<tbody>\n<tr>\n<td>Console Onorario<\/td>\n<td><strong>Lesley Guariglia<\/strong><\/td>\n<\/tr>\n<tr>\n<td colspan=\"2\">\n<table class=\"table\">\n<tbody>\n<tr>\n<td>Calle 34 entre Carreras 18 y 19, Centro Comercial Rosedal, Local 106, Bucaramanga<\/td>\n<td><a href=\"mailto:bucaramanga.onorario@esteri.it\">bucaramanga.onorario@esteri.it<\/a><\/td>\n<td><\/td>\n<\/tr>\n<\/tbody>\n<\/table>\n<\/td>\n<\/tr>\n<tr>\n<td colspan=\"2\">Orari di apertura al pubblico: da luned\u00ec a venerd\u00ec dalle 09:00 alle 11:00 e dalle 15:00 alle 17:00, solo previo appuntamento.<\/td>\n<\/tr>\n<tr>\n<td><strong>Dipartimenti di riferimento<\/strong><\/td>\n<td>Norte de Santander, Santander e Arauca<\/td>\n<\/tr>\n<tr>\n<td colspan=\"2\"><a href=\"https:\/\/ambbogota.esteri.it\/wp-content\/uploads\/2024\/08\/DLF_GUARIGLIA_CO_BUCARAMANGA_COLOMBIA.pdf\">Decreto limitazioni di funzioni del Consolato Onorario<\/a><\/td>\n<\/tr>\n<\/tbody>\n<\/table>\n<table class=\"table table-bordered\" width=\"1377\">\n<thead>\n<tr class=\"active\">\n<th style=\"text-align: center;\" colspan=\"2\">Manizales<\/th>\n<\/tr>\n<\/thead>\n<tbody>\n<tr>\n<td>Console Onorario<\/td>\n<td><strong>Guido Caciagli<br \/>\n<\/strong><\/td>\n<\/tr>\n<tr>\n<td colspan=\"2\">\n<table class=\"table\" width=\"1357\">\n<tbody>\n<tr>\n<td>Calle 53A # 22 &#8211; 30, La Leonora, Manizales<\/td>\n<td>manizales.onorario@esteri.it<\/td>\n<td>(+57) 321 694 73 11<\/td>\n<\/tr>\n<\/tbody>\n<\/table>\n<\/td>\n<\/tr>\n<tr>\n<td colspan=\"2\">Prenotazione appuntamento via e-mail o cellulare.<\/td>\n<\/tr>\n<tr>\n<td><strong>Dipartimenti di riferimento\u00a0 <\/strong><\/td>\n<td>Caldas, Quind\u00edo e Risaralda<\/td>\n<\/tr>\n<tr>\n<td colspan=\"2\"><a href=\"https:\/\/ambbogota.esteri.it\/wp-content\/uploads\/2024\/10\/FUNZIONI-CONSOLARI.pdf\">Decreto limitazioni di funzioni del Consolato Onorario<\/a><\/td>\n<\/tr>\n<\/tbody>\n<\/table>\n<table class=\"table table-bordered\" style=\"height: 189px;\" width=\"1377\">\n<thead>\n<tr class=\"active\">\n<th style=\"text-align: center;\" colspan=\"2\">Cartagena (al momento non operativo)<\/th>\n<\/tr>\n<\/thead>\n<tbody>\n<tr>\n<td>Console Onorario<\/td>\n<td><strong>In assenza di titolare<\/strong><\/td>\n<\/tr>\n<tr>\n<td colspan=\"2\"><\/td>\n<\/tr>\n<tr>\n<td colspan=\"2\"><\/td>\n<\/tr>\n<tr>\n<td><strong>Dipartimenti di riferimento<br \/>\n<\/strong><\/td>\n<td>Bol\u00edvar, C\u00f3rdoba, San Andr\u00e9s e Providencia e Sucre.<\/td>\n<\/tr>\n<tr>\n<td colspan=\"2\">Decreto limitazioni di funzioni del Consolato Onorario<\/td>\n<\/tr>\n<\/tbody>\n<\/table>\n<table class=\"table table-bordered\" style=\"height: 177px;\" width=\"1063\">\n<thead>\n<tr class=\"active\">\n<th style=\"text-align: center;\" colspan=\"2\">Medell\u00edn (al momento non operativo)<\/th>\n<\/tr>\n<\/thead>\n<tbody>\n<tr>\n<td>Console Onorario<\/td>\n<td><strong>In assenza di titolare<\/strong><\/td>\n<\/tr>\n<tr>\n<td colspan=\"2\">\n<table class=\"table\">\n<tbody>\n<tr>\n<td><\/td>\n<td><\/td>\n<td><\/td>\n<\/tr>\n<\/tbody>\n<\/table>\n<\/td>\n<\/tr>\n<tr>\n<td colspan=\"2\">Orari di apertura al pubblico:<\/td>\n<\/tr>\n<tr>\n<td><strong>Dipartimenti di riferimento<\/strong><\/td>\n<td>Antioquia e Choc\u00f3<\/td>\n<\/tr>\n<tr>\n<td colspan=\"2\"><\/td>\n<\/tr>\n<\/tbody>\n<\/table>\n<p><strong>CORRISPONDENTI CONSOLARI<\/strong><\/p>\n<table class=\"table table-bordered\" style=\"height: 100px;\" width=\"1297\">\n<thead>\n<tr class=\"active\">\n<th style=\"text-align: center;\" colspan=\"2\">Pasto<\/th>\n<\/tr>\n<\/thead>\n<tbody>\n<tr>\n<td>Corrispondente Consolare<\/td>\n<td><strong>Domenico Barbato<br \/>\n<\/strong><\/td>\n<\/tr>\n<tr>\n<td colspan=\"2\">\n<table class=\"table\">\n<tbody>\n<tr>\n<td>Carrera 42 #20A-20, Pasto<\/td>\n<td><a href=\"mailto:domeitalia@hotmail.com\">domeitalia@hotmail.com<\/a><\/td>\n<td>(+57) 300 613 11 72<\/td>\n<\/tr>\n<\/tbody>\n<\/table>\n<\/td>\n<\/tr>\n<tr>\n<td colspan=\"2\">Orari di apertura al pubblico: da luned\u00ec a venerd\u00ec, solo previo appuntamento.<\/td>\n<\/tr>\n<\/tbody>\n<\/table>\n<table class=\"table table-bordered\">\n<thead>\n<tr class=\"active\">\n<th style=\"text-align: center;\" colspan=\"2\">San Andr\u00e9s<\/th>\n<\/tr>\n<\/thead>\n<tbody>\n<tr>\n<td>Corrispondente Consolare<\/td>\n<td><strong>Paola Turconi<br \/>\n<\/strong><\/td>\n<\/tr>\n<tr>\n<td colspan=\"2\">\n<table class=\"table\">\n<tbody>\n<tr>\n<td>Avenida Boyac\u00e1 Edificio Herrera Local 3, 2do piso, Calle de las Proveedoras, San Andr\u00e9s<\/td>\n<td><a href=\"mailto:italturconi@hotmail.com\">italturconi@hotmail.com<\/a><\/td>\n<td>(+57) 608 512 30 98 \/ (+57) 608 512 08 14 \/ (+57) 300 600 96 55<\/td>\n<\/tr>\n<\/tbody>\n<\/table>\n<\/td>\n<\/tr>\n<\/tbody>\n<\/table>\n","protected":false},"excerpt":{"rendered":"La Rete Consolare AMBASCIATA D&#8217;ITALIA Bogot\u00e0 Dipartimenti di riferimento Amazonas, Boyac\u00e1, Distrito Capital, Caquet\u00e1, Casanare, Cundinamarca, Guain\u00eda, Guaviare, Meta, Tolima, Vaup\u00e9s e Vichada. CONSOLATI ONORARI Barranquilla Console Onorario Furio Ricciardiello Carrera 51B #82-254, Oficina 51, Centro Commerciale Bahia, Barranquilla barranquilla.onorario@esteri.it (+57) 312 842 25 99 Orari di apertura al pubblico: da marted\u00ec a venerd\u00ec dalle [&hellip;]","protected":false},"author":1,"featured_media":0,"parent":13,"menu_order":8,"comment_status":"closed","ping_status":"closed","template":"","meta":{"footnotes":""},"class_list":["post-42","page","type-page","status-publish","hentry"],"_links":{"self":[{"href":"https:\/\/ambbogota.esteri.it\/it\/wp-json\/wp\/v2\/pages\/42","targetHints":{"allow":["GET"]}}],"collection":[{"href":"https:\/\/ambbogota.esteri.it\/it\/wp-json\/wp\/v2\/pages"}],"about":[{"href":"https:\/\/ambbogota.esteri.it\/it\/wp-json\/wp\/v2\/types\/page"}],"author":[{"embeddable":true,"href":"https:\/\/ambbogota.esteri.it\/it\/wp-json\/wp\/v2\/users\/1"}],"replies":[{"embeddable":true,"href":"https:\/\/ambbogota.esteri.it\/it\/wp-json\/wp\/v2\/comments?post=42"}],"version-history":[{"count":9,"href":"https:\/\/ambbogota.esteri.it\/it\/wp-json\/wp\/v2\/pages\/42\/revisions"}],"predecessor-version":[{"id":6912,"href":"https:\/\/ambbogota.esteri.it\/it\/wp-json\/wp\/v2\/pages\/42\/revisions\/6912"}],"up":[{"embeddable":true,"href":"https:\/\/ambbogota.esteri.it\/it\/wp-json\/wp\/v2\/pages\/13"}],"wp:attachment":[{"href":"https:\/\/ambbogota.esteri.it\/it\/wp-json\/wp\/v2\/media?parent=42"}],"curies":[{"name":"wp","href":"https:\/\/api.w.org\/{rel}","templated":true}]}}