{"id":430,"date":"2023-08-11T11:45:30","date_gmt":"2023-08-11T16:45:30","guid":{"rendered":"https:\/\/ambbogota.esteri.it\/?page_id=430"},"modified":"2026-04-08T09:27:07","modified_gmt":"2026-04-08T14:27:07","slug":"diritti-consolari","status":"publish","type":"page","link":"https:\/\/ambbogota.esteri.it\/it\/servizi-consolari-e-visti\/servizi-per-il-cittadino-italiano\/diritti-consolari\/","title":{"rendered":"Diritti consolari"},"content":{"rendered":"<p>Il pagamento dei diritti consolari consente di richiedere il corrispondente servizio a partire dalla data del versamento. Si fa presente che le tariffe cambiano trimestralmente in base al tasso di cambio consolare e, pertanto, se il servizio viene chiesto in un trimestre successivo a quello del versamento si consiglia di controllare le tariffe.<\/p>\n<p><strong>&#8211; Per visualizzare la tabella delle tariffe consolari valide dal 1 aprile al 30 giugno 2026: <a href=\"https:\/\/ambbogota.esteri.it\/wp-content\/uploads\/2026\/03\/Tariffa-consolare-II-trimestre-2026.pdf\">cliccare qui<\/a><br \/>\n<\/strong><\/p>\n<p><strong>ATTENZIONE:<\/strong> Per motivi contabili legati alla variazione trimestrale dei diritti consolari, i Consolati onorari <u>non<\/u> riceveranno pratiche che comportino il pagamento di diritti consolari oltre il quindicesimo giorno del mese in cui scadono le tariffe in vigore, vale a dire: 15 marzo, 15 giugno, 15 settembre e 15 dicembre.<\/p>\n<p><strong>A partire dal 1 aprile 2024<\/strong> i pagamenti dei diritti consolari possono essere effettuati <u>secondo le seguenti modalit\u00e0:<\/u><\/p>\n<ol>\n<li><strong><u>Pagamento dei diritti consolari online<\/u><\/strong><\/li>\n<\/ol>\n<p>I pagamenti dei diritti consolari online potranno essere effettuati tramite il seguente link: <a href=\"https:\/\/www.psepagos.co\/PSEHostingUI\/ShowTicketOffice.aspx?ID=12561\">https:\/\/www.psepagos.co\/PSEHostingUI\/ShowTicketOffice.aspx?ID=12561<\/a><\/p>\n<p>L\u2019utente dovr\u00e0 fornire alla piattaforma PSE le seguenti informazioni:<\/p>\n<ul>\n<li>Nome e cognome del fruitore del servizio consolare<\/li>\n<li>Numero del documento d\u2019identit\u00e0 del fruitore del servizio consolare<\/li>\n<li>Numero dell\u2019articolo del servizio consolare in base al tariffario consolare selezionando dal men\u00f9 a tendina<\/li>\n<li>Ammontare del versamento<\/li>\n<\/ul>\n<p>Per le istruzioni dettagliate su come eseguire il pagamento dei servizi consolari online <strong><a href=\"https:\/\/ambbogota.esteri.it\/wp-content\/uploads\/2024\/03\/PASSO-A-PASSO-PSE.pdf\">cliccare qui<\/a>.<\/strong><strong>\u00a0<\/strong><\/p>\n<ol start=\"2\">\n<li><strong><u>Pagamento dei diritti consolari in contanti<\/u><\/strong> <strong><u>presso Banca GNB Sudameris<\/u><\/strong><\/li>\n<\/ol>\n<p>I pagamenti dei diritti consolari in contanti potranno essere effettuati presso qualsiasi filiale della Banca GNB Sudameris sul territorio nazionale sul seguente conto:<\/p>\n<ul>\n<li>Nome del conto: Embajada de Italia<\/li>\n<li>Numero di conto: 11538667<\/li>\n<li>Tipo di conto: conto corrente<\/li>\n<li>Banca: GNB Sudameris<\/li>\n<\/ul>\n<p>Per effettuare il pagamento, l\u2019utente deve fornire allo sportello della banca le seguenti informazioni:<\/p>\n<ul>\n<li>Ammontare del versamento<\/li>\n<li>Nome del fruitore del servizio consolare<\/li>\n<li>Numero del documento d\u2019identit\u00e0 del fruitore del servizio consolare<\/li>\n<li>Numero dell\u2019articolo del servizio consolare in base al tariffario consolare.<\/li>\n<li>Il numero di \u201cconvenio\u201d di ricezione delle percezioni per lo sportello assegnato \u00e8 il No. 421<\/li>\n<\/ul>\n<p>Il modulo di versamento dei diritti consolari <u>deve essere obbligatoriamente compilato con i dati del titolare della documentazione presentata<\/u>. In caso di documentazione relativa a minorenni vanno indicati i dati di uno dei genitori.<\/p>\n<p><u>In caso di pagamento in contati \u00e8 obbligatorio presentare le ricevute originali dei pagamenti<\/u> dei diritti consolari effettuati presso gli sportelli della Banca GNB Sudameris. <strong>In mancanza della ricevuta originale di pagamento non si potr\u00e0 usufruire del servizio consolare richiesto.<\/strong><\/p>\n<ol start=\"3\">\n<li><span style=\"text-decoration: underline;\"><strong>Pagamento dei diritti consolari con carta di credito\/debito<\/strong><\/span><\/li>\n<\/ol>\n<p>I pagamenti possono essere effettuati direttamente presso gli uffici dell\u2019Ambasciata mediante carta di credito o debito aderente al circuito Visa o Mastercard, secondo le seguenti modalit\u00e0:<\/p>\n<ul>\n<li>la carta deve essere presentata fisicamente (non \u00e8 possibile utilizzare il cellulare per effettuare i pagamenti);<\/li>\n<li>qualora il pagamento avvenga con carta di credito, questa deve riportare il nominativo del titolare e lo stesso deve essere presente in Ambasciata e munito di documento d\u2019identit\u00e0;<\/li>\n<li>il pagamento deve essere effettuato in un\u2019unica transazione (non \u00e8 possibile dividere il pagamento in pi\u00f9 carte o in pi\u00f9 transazioni);<\/li>\n<li>il pagamento deve essere effettuato prima di iniziare la pratica consolare richiesta.<\/li>\n<\/ul>\n<ul>\n<li><strong>Richiesta rimborso diritti consolari<\/strong><\/li>\n<\/ul>\n<p>Nel caso in cui il servizio consolare gi\u00e0 pagato non venga richiesto, l\u2019interessato potr\u00e0 chiedere il rimborso nel pi\u00f9 breve tempo possibile, consegnando\/inviando <strong>in originale<\/strong> la seguente documentazione:<\/p>\n<ol>\n<li><u>il<\/u><a href=\"https:\/\/ambbogota.esteri.it\/wp-content\/uploads\/2024\/09\/MODULO_RICHIESTA-RIMBORSO-DIRITTI-CONSOLARI-ITA.pdf\"> modulo di richiesta<\/a> compilato e firmato;<\/li>\n<li>la ricevuta di versamento dei diritti consolari del Banco GNB Sudameris;<\/li>\n<li>la fotocopia del documento d\u2019identit\u00e0 della persona che ha effettuato il versamento e richiede il rimborso i cui dati devono coincidere con quelli che risultano nella ricevuta di versamento.<\/li>\n<\/ol>\n<p>al seguente indirizzo:<\/p>\n<p>Embajada de Italia<br \/>\nOficina Administrativa<br \/>\nCalle 93B n.9-92, Bogot\u00e1.<\/p>\n<p>Una volta pervenuta la documentazione originale, il rimborso verr\u00e0 effettuato tramite bonifico bancario sul conto dell\u2019interessato in pesos, precedentemente indicato nel modulo di richiesta. (Il rimborso sar\u00e0 effettuato <strong>in contanti unicamente in casi eccezionali valutati da questa Ambasciata<\/strong>).<\/p>\n<p><u>Se il conto bancario \u00e8 intestato a nome di un\u2019altra persona diversa dal richiedente<\/u> sar\u00e0 necessario allegare i seguenti documenti:<\/p>\n<ol>\n<li>Dichiarazione con cui si autorizza l\u2019Ambasciata d\u2019Italia a Bogota a versare la somma corrispondente al rimborso sul conto della persona indicata nel modulo, completa di tutti i dati (nome, cognome, numero di documento d\u2019identit\u00e0).<\/li>\n<li>Copia del documento d\u2019identit\u00e0 del titolare del conto<\/li>\n<li>Certificazione bancaria del conto.<\/li>\n<\/ol>\n","protected":false},"excerpt":{"rendered":"Il pagamento dei diritti consolari consente di richiedere il corrispondente servizio a partire dalla data del versamento. Si fa presente che le tariffe cambiano trimestralmente in base al tasso di cambio consolare e, pertanto, se il servizio viene chiesto in un trimestre successivo a quello del versamento si consiglia di controllare le tariffe. &#8211; Per [&hellip;]","protected":false},"author":4,"featured_media":0,"parent":47,"menu_order":0,"comment_status":"closed","ping_status":"closed","template":"","meta":{"footnotes":""},"class_list":["post-430","page","type-page","status-publish","hentry"],"_links":{"self":[{"href":"https:\/\/ambbogota.esteri.it\/it\/wp-json\/wp\/v2\/pages\/430","targetHints":{"allow":["GET"]}}],"collection":[{"href":"https:\/\/ambbogota.esteri.it\/it\/wp-json\/wp\/v2\/pages"}],"about":[{"href":"https:\/\/ambbogota.esteri.it\/it\/wp-json\/wp\/v2\/types\/page"}],"author":[{"embeddable":true,"href":"https:\/\/ambbogota.esteri.it\/it\/wp-json\/wp\/v2\/users\/4"}],"replies":[{"embeddable":true,"href":"https:\/\/ambbogota.esteri.it\/it\/wp-json\/wp\/v2\/comments?post=430"}],"version-history":[{"count":7,"href":"https:\/\/ambbogota.esteri.it\/it\/wp-json\/wp\/v2\/pages\/430\/revisions"}],"predecessor-version":[{"id":7600,"href":"https:\/\/ambbogota.esteri.it\/it\/wp-json\/wp\/v2\/pages\/430\/revisions\/7600"}],"up":[{"embeddable":true,"href":"https:\/\/ambbogota.esteri.it\/it\/wp-json\/wp\/v2\/pages\/47"}],"wp:attachment":[{"href":"https:\/\/ambbogota.esteri.it\/it\/wp-json\/wp\/v2\/media?parent=430"}],"curies":[{"name":"wp","href":"https:\/\/api.w.org\/{rel}","templated":true}]}}