{"id":437,"date":"2023-08-11T12:39:38","date_gmt":"2023-08-11T17:39:38","guid":{"rendered":"https:\/\/ambbogota.esteri.it\/?page_id=437"},"modified":"2024-06-18T11:03:04","modified_gmt":"2024-06-18T16:03:04","slug":"visti-requisiti","status":"publish","type":"page","link":"https:\/\/ambbogota.esteri.it\/it\/servizi-consolari-e-visti\/servizi-per-il-cittadino-straniero\/visti\/visti-requisiti\/","title":{"rendered":"Visti &#8211; requisiti"},"content":{"rendered":"<ul>\n<li><strong>APPUNTAMENTI<\/strong><\/li>\n<\/ul>\n<p>Si avvisa l\u2019utenza che, come noto, a partire <strong>dal 7 novembre 2023<\/strong>,\u00a0<strong>non sar\u00e0 pi\u00fa richiesta la prenotazione tramite la piattaforma Prenot@mi<\/strong>\u00a0per la presentazione delle richieste di\u00a0<strong>visto per l\u2019Italia<\/strong> che saranno ricevute luned\u00ec, mercoled\u00ec, gioved\u00ec e venerd\u00ec dalle ore 08:30 alle ore 11:30 e marted\u00ec dalle ore 13:30 alle ore 15:00 <strong>senza previo appuntamento e senza contingentamenti di sorta<\/strong>.<\/p>\n<p><strong>Tutti gli utenti che si presentano in Ambasciata durante tale fascia oraria verranno ricevuti senza restrizioni. La ricezione verr\u00e0 assicurata sulla base dell\u2019orario di arrivo e tenendo conto delle categorie protette<\/strong>\u00a0(disabili, famiglie con bambini di et\u00e0 inferiore ai due anni, donne incinte, anziani over 75)\u00a0<strong>che avranno priorit\u00e0 di accesso<\/strong>.<\/p>\n<p>La richiesta di visto si pu\u00f2 realizzare a partire da sei mesi prima e sino 15 giorni dalla data prevista del viaggio. Non saranno ricevute le richieste di visto con data di partenza maggiore a sei mesi. Le richieste di visto con meno di 15 giorni dalla data di viaggio potranno essere rifiutate direttamente allo sportello.<\/p>\n<p>Esempio: se l\u2019interessato viaggia il 2 giugno pu\u00f2 presentare la richiesta di visto dal 2 dicembre e fino il 19 maggio.<\/p>\n<ul>\n<li><strong>PAGAMENTO<\/strong><\/li>\n<\/ul>\n<p>Il visto, cos\u00ec come molti dei servizi consolari, ha un valore che si deve pagare prima di presentarsi all\u2019intervista e prima di consegnare la documentazione per la richiesta di visto presso l\u2019Ambasciata.<\/p>\n<p>Il valore da pagare corrisponde alle tariffe dei diritti consolari stabilite ogni trimestre (non si dovr\u00e0 pagare il valore del tasso di cambio COP-EUR del giorno in cui si realizza il versamento).<\/p>\n<p>Il versamento dovr\u00e0 essere realizzato in contanti presso la Banca GNB Sudameris e non sar\u00e0 possibile ricevere nessuna tipologia di pagamento direttamente allo sportello. Nel caso in cui sia gi\u00e0 stato versato un valore inferiore a quello stabilito, si potr\u00e0 completare il corrispettivo valore in banca. Il giorno della richiesta di visto si dovranno presentare tutte le ricevute originali del versamento realizzato presso la Banca GNB Sudameris, Conto Corrente N. 11538667 Art. 29. Il valore della tariffa consolare varia a seconda della tipologia di visto (*).<\/p>\n<p>Per maggiori informazioni consultare la sezione\u00a0<a href=\"https:\/\/ambbogota.esteri.it\/it\/servizi-consolari-e-visti\/servizi-per-il-cittadino-italiano\/diritti-consolari\/\">diritti consolari<\/a><\/p>\n<p>(*) Il visto richiesto pi\u00f9 frequente \u00e8 quello di tipo D. La tariffa consolare del visto di studio (tipo D) ha un valore inferiore rispetto alle altre tipologie di visto tipo D.\u00a0Nel caso in cui non si dovesse effettuare il pagamento prima di presentarsi in Ambasciata<strong>, le richieste di visto non potranno essere ricevute.<\/strong><\/p>\n<ul>\n<li><strong>ORARIO DI RICEVIMENTO E CONSEGNA<\/strong><\/li>\n<\/ul>\n<p>La presentazione delle richieste di\u00a0<strong>visto per l\u2019Italia<\/strong> che pu\u00f3 avvenire luned\u00ec, mercoled\u00ec, gioved\u00ec e venerd\u00ec dalle ore 08:30 alle ore 11:30 e marted\u00ec dalle ore 13:30 alle ore 15:00 <strong>senza previo appuntamento e senza contingentamenti di sorta<\/strong>.<\/p>\n<p>Il richiedente visto, prima di essere chiamato allo sportello, dovr\u00e0 compilare il modulo di richiesta (<a href=\"https:\/\/ambbogota.esteri.it\/wp-content\/uploads\/2023\/09\/formulario_nazionale_spagnolo-compilato.pdf\">segua l\u2019esempio<\/a>) e DOVR\u00c0 ORGANIZZARE i documenti secondo l\u2019ordine indicato nei rispettivi requisiti presenti nella pagina web, dato che si dovr\u00e0 consegnare la documentazione completa e ordinata, includendo il passaporto, la foto addizionale e la ricevuta originale del versamento dei diritti consolari.<\/p>\n<p>Le risposte a TUTTE le richieste di visto e di pre-adozioni verranno date presenzialmente con appuntamento previo fissato dall\u2019ufficio visti attraverso una email. In tutti i casi gli orari sono perentori. L\u2019Ambasciata potr\u00e0 variare, a seconda delle esigenze organizzative, gli orari di ricevimento e di consegna.<\/p>\n<ul>\n<li><strong>APPROVAZIONE O DINIEGO DEL VISTO<\/strong><\/li>\n<\/ul>\n<p>Si ricorda che il rilascio del visto \u00e8 una concessione e non un diritto, pertanto, la richiesta di visto accettata potr\u00e0 essere approvata con il rilascio del visto o rifiutata con un diniego. In quest\u2019ultimo caso, sar\u00e0 rilasciato un documento denominato \u201c<em>Provvedimento di Diniego<\/em>\u201d.<\/p>\n<p>L\u2019Ambasciata potr\u00e0, in una fase intermedia, richiedere documentazione aggiuntiva. In tal caso, verr\u00e0 emesso un documento denominato \u201c<em>Preavviso di Rigetto<\/em>\u201d. L\u2019interessato avr\u00e0 un lasso di tempo di 10 giorni lavorativi per consegnare la documentazione richiesta.<\/p>\n<ul>\n<li><strong>INGRESSO IN ITALIA<\/strong><\/li>\n<\/ul>\n<p>Il fatto di essere titolari di visto tipo C o D non conferisce automaticamente il diritto di entrare in Italia o nell\u2019Area Schengen. Il titolare del visto dovr\u00e0 mostrare alla Polizia dell\u2019Immigrazione e delle Frontiere il passaporto con il relativo visto valido tipo C o D.<\/p>\n<p>I titolari del visto tipo D, dovranno entro i primi 8 giorni dall\u2019arrivo in Italia, richiedere il\u00a0<em>Permesso di Soggiorno<\/em>.<\/p>\n<p><strong>NOTA:\u00a0<\/strong>Si avvisa che non esiste una procedura di rinnovo del visto e che il cittadino straniero interessato a soggiornare nel territorio italiano, dopo aver ottenuto il visto D, dovr\u00e0 procedere a rinnovare il\u00a0<em>Permesso di Soggiorno<\/em>\u00a0dinanzi le autorit\u00e0 italiane competenti.<\/p>\n<p>&nbsp;<\/p>\n","protected":false},"excerpt":{"rendered":"APPUNTAMENTI Si avvisa l\u2019utenza che, come noto, a partire dal 7 novembre 2023,\u00a0non sar\u00e0 pi\u00fa richiesta la prenotazione tramite la piattaforma Prenot@mi\u00a0per la presentazione delle richieste di\u00a0visto per l\u2019Italia che saranno ricevute luned\u00ec, mercoled\u00ec, gioved\u00ec e venerd\u00ec dalle ore 08:30 alle ore 11:30 e marted\u00ec dalle ore 13:30 alle ore 15:00 senza previo appuntamento e [&hellip;]","protected":false},"author":5,"featured_media":0,"parent":89,"menu_order":0,"comment_status":"closed","ping_status":"closed","template":"","meta":{"footnotes":""},"class_list":["post-437","page","type-page","status-publish","hentry"],"_links":{"self":[{"href":"https:\/\/ambbogota.esteri.it\/it\/wp-json\/wp\/v2\/pages\/437","targetHints":{"allow":["GET"]}}],"collection":[{"href":"https:\/\/ambbogota.esteri.it\/it\/wp-json\/wp\/v2\/pages"}],"about":[{"href":"https:\/\/ambbogota.esteri.it\/it\/wp-json\/wp\/v2\/types\/page"}],"author":[{"embeddable":true,"href":"https:\/\/ambbogota.esteri.it\/it\/wp-json\/wp\/v2\/users\/5"}],"replies":[{"embeddable":true,"href":"https:\/\/ambbogota.esteri.it\/it\/wp-json\/wp\/v2\/comments?post=437"}],"version-history":[{"count":8,"href":"https:\/\/ambbogota.esteri.it\/it\/wp-json\/wp\/v2\/pages\/437\/revisions"}],"predecessor-version":[{"id":4050,"href":"https:\/\/ambbogota.esteri.it\/it\/wp-json\/wp\/v2\/pages\/437\/revisions\/4050"}],"up":[{"embeddable":true,"href":"https:\/\/ambbogota.esteri.it\/it\/wp-json\/wp\/v2\/pages\/89"}],"wp:attachment":[{"href":"https:\/\/ambbogota.esteri.it\/it\/wp-json\/wp\/v2\/media?parent=437"}],"curies":[{"name":"wp","href":"https:\/\/api.w.org\/{rel}","templated":true}]}}