{"id":442,"date":"2023-08-11T12:45:09","date_gmt":"2023-08-11T17:45:09","guid":{"rendered":"https:\/\/ambbogota.esteri.it\/?page_id=442"},"modified":"2025-01-24T15:00:59","modified_gmt":"2025-01-24T20:00:59","slug":"visa-por-motivos-religiosos","status":"publish","type":"page","link":"https:\/\/ambbogota.esteri.it\/it\/servizi-consolari-e-visti\/servizi-per-il-cittadino-straniero\/visti\/visti-requisiti\/visa-por-motivos-religiosos\/","title":{"rendered":"Visto per Motivi Religiosi"},"content":{"rendered":"<p>Per informazioni generali su questo tipo di VISTO, si prega di visitare il seguente sito del Governo italiano: <a href=\"http:\/\/vistoperitalia.esteri.it\">vistoperitalia.esteri.it<\/a><\/p>\n<p><strong>A cosa serve e chi pu\u00f2 richiederlo<\/strong>:<\/p>\n<p>Questo visto consente ai &#8220;<strong>ministri di culto<\/strong>&#8221; o ai membri &#8220;<strong>religiosi<\/strong>&#8221; della propria organizzazione confessionale di entrare in Italia per partecipare a eventi religiosi o per svolgere attivit\u00e0 connesse alla loro funzione religiosa e\/o pastorale.<\/p>\n<p><strong>Nota:<\/strong> <u>Le Organizzazioni confessionali devono essere riconosciute dallo Stato italiano<\/u>.<\/p>\n<p>Il visto pu\u00f2 essere richiesto <u>sei mesi prima della data di inizio del viaggio<\/u> e fino a 15 giorni lavorativi prima della data di inizio del viaggio.<\/p>\n<p><strong>Tipo di visto: <\/strong>\u201cC\u201d visto per soggiorni di breve durata (fino a 90 giorni) o \u201cD\u201d visto per soggiorno di lunga durata (da pi\u00f9 di 90 giorni fino a 365 giorni).<\/p>\n<p><strong>\u00a0REQUISITI<\/strong>: Devono essere presentati seguendo il rigoroso ordine sotto indicato.<\/p>\n<ol>\n<li><a href=\"https:\/\/ambbogota.esteri.it\/wp-content\/uploads\/2023\/11\/Formulario_D_-VistoNazionale_spagnolo.pdf\"><strong>Modulo di richiesta di visto Nazionale<\/strong><\/a> o <a href=\"https:\/\/ambbogota.esteri.it\/wp-content\/uploads\/2024\/07\/Formulario-bilingue.pdf\"><strong>Schengen<\/strong><\/a> debitamente compilato in tutti i campi e firmato.<\/li>\n<li><strong>Due fotografie<\/strong> (3 cm x 4 cm), sfondo bianco a colore (identiche e recenti), una delle quali deve essere incollata al modulo nella casella corrispondente.<\/li>\n<li><a href=\"https:\/\/ambbogota.esteri.it\/it\/servizi-consolari-e-visti\/servizi-per-il-cittadino-italiano\/diritti-consolari\/\"><strong>Pagamento dei diritti consolari<\/strong><\/a> (portare l&#8217;originale del versamento effettuato sul conto corrente n. 11538667 della Banca GNB Sudameris &#8211; Art. 29. Non si accettano copie o bonifici bancari diretti).<\/li>\n<li><strong>Passaporto valido<\/strong> (con validit\u00e0 di almeno 3 mesi oltre la durata del visto) con almeno due pagine libere e una copia semplice del passaporto (solo la pagina del passaporto contenente i dati personali del titolare).<\/li>\n<li><strong>Carta d&#8217;identit\u00e0 colombiana<\/strong> &#8211; per gli stranieri <em>c\u00e9dula de extranjer\u00eda e visto colombiano<\/em>, in corso di validit\u00e0 (fotocopia ingrandita e leggibile).<\/li>\n<li><strong>Lettera in originale della Congregazione\/Organizzazione Confessionale locale<\/strong> (con sede in Colombia) che indichi:\n<ol>\n<li>le generalit\u00e0 del richiedente, legalizzata dalla Nunziatura Apostolica in Colombia (per il culto cattolico) o autenticate in Notaria (per le altre confessioni);<\/li>\n<li>lo status religioso;<\/li>\n<li>l&#8217;indicazione dello scopo del viaggio, la data di inizio del soggiorno in Italia, la durata e l&#8217;espressa autorizzazione a rimanere in Italia per il tempo indicato.<\/li>\n<\/ol>\n<\/li>\n<li><strong>Lettera della Congregazione\/Organizzazione Confessionale in Italia<\/strong> (in originale) con firma legalizzata dalla Segreteria di Stato Vaticano (per il culto cattolico) che indichi:\n<ol>\n<li>le generalit\u00e0 complete del richiedente e il suo ruolo;<\/li>\n<li>la motivazione religiosa del viaggio;<\/li>\n<li>la data di inizio del soggiorno in Italia, la sua durata e il luogo;<\/li>\n<li>l\u2019impegno assunto per le spese di mantenimento e la garanzia di un alloggio per tutta la durata del soggiorno in Italia;<\/li>\n<li>la decisione di provvedere all&#8217;assistenza medica e ospedaliera per tutta la durata del soggiorno in Italia.<\/li>\n<\/ol>\n<\/li>\n<li><strong>Nel caso di Confessioni religiose diverse dalla cattolica<\/strong>: La lettera della Congregazione operante in Italia, che deve indicare anche i requisiti di cui al punto 7, deve essere legalizzata anche dalla massima autorit\u00e0 religiosa in Italia secondo la confessione religiosa di appartenenza.<\/li>\n<li><strong>Assicurazione sanitaria<\/strong> con copertura di 30.000 Euro negli Stati Schengen per assistenza medica, rimpatrio sanitario e trasporto funebre, per un minimo di 10 giorni a partire dalla data di uscita dal paese.<\/li>\n<li><strong>Prenotazione di un volo<\/strong> di andata e ritorno con destinazione finale Italia. Se si richiede un visto di tipo D, la prenotazione pu\u00f2 essere anche di sola andata.<\/li>\n<\/ol>\n<p><strong><u>NOTE:<\/u><\/strong><\/p>\n<ul>\n<li>La richiesta di visto deve essere presentata presenzialmente dall\u2019interessato.<\/li>\n<li>Potranno essere ricevute solo le richieste di visto da <u>persone residenti in Colombia<\/u>.<\/li>\n<li>La procedura \u00e8 strettamente personale. <u>L&#8217;Ambasciata non ha autorizzato alcuna agenzia o intermediario per la richiesta del visto<\/u>.<\/li>\n<li>La mancata presentazione di uno dei documenti sopra indicati pu\u00f2 comportare il rifiuto della domanda di visto allo sportello. La domanda <u>non potr\u00e0 essere accettata<\/u> se i diritti consolari non sono stati interamente pagati in anticipo direttamente alla banca (vedi <a href=\"https:\/\/ambbogota.esteri.it\/it\/servizi-consolari-e-visti\/servizi-per-il-cittadino-italiano\/diritti-consolari\/\"><strong>diritti consolari<\/strong><\/a>).<\/li>\n<li>L&#8217;Ambasciata d&#8217;Italia si riserva il diritto di richiedere la documentazione aggiuntiva che ritenga necessaria.<\/li>\n<li>La presentazione della documentazione richiesta non comporta necessariamente la concessione del visto. Poich\u00e9 il medesimo \u00e8 una concessione, anche qualora dovessero essere presentati tutti i documenti summenzionati, questo pu\u00f2 essere concesso o rifiutato. In quest&#8217;ultimo caso, verr\u00e0 rilasciato un &#8220;<em><u>Provvedimento di Diniego<\/u><\/em>&#8220;.<\/li>\n<li>Se il visto \u00e8 di tipo \u201cD\u201d, una volta arrivato in Italia, il titolare deve richiedere il Permesso di Soggiorno alle autorit\u00e0 italiane competenti entro i primi otto giorni lavorativi.<\/li>\n<\/ul>\n","protected":false},"excerpt":{"rendered":"Per informazioni generali su questo tipo di VISTO, si prega di visitare il seguente sito del Governo italiano: vistoperitalia.esteri.it A cosa serve e chi pu\u00f2 richiederlo: Questo visto consente ai &#8220;ministri di culto&#8221; o ai membri &#8220;religiosi&#8221; della propria organizzazione confessionale di entrare in Italia per partecipare a eventi religiosi o per svolgere attivit\u00e0 connesse [&hellip;]","protected":false},"author":5,"featured_media":0,"parent":437,"menu_order":0,"comment_status":"closed","ping_status":"closed","template":"","meta":{"footnotes":""},"class_list":["post-442","page","type-page","status-publish","hentry"],"_links":{"self":[{"href":"https:\/\/ambbogota.esteri.it\/it\/wp-json\/wp\/v2\/pages\/442","targetHints":{"allow":["GET"]}}],"collection":[{"href":"https:\/\/ambbogota.esteri.it\/it\/wp-json\/wp\/v2\/pages"}],"about":[{"href":"https:\/\/ambbogota.esteri.it\/it\/wp-json\/wp\/v2\/types\/page"}],"author":[{"embeddable":true,"href":"https:\/\/ambbogota.esteri.it\/it\/wp-json\/wp\/v2\/users\/5"}],"replies":[{"embeddable":true,"href":"https:\/\/ambbogota.esteri.it\/it\/wp-json\/wp\/v2\/comments?post=442"}],"version-history":[{"count":7,"href":"https:\/\/ambbogota.esteri.it\/it\/wp-json\/wp\/v2\/pages\/442\/revisions"}],"predecessor-version":[{"id":5331,"href":"https:\/\/ambbogota.esteri.it\/it\/wp-json\/wp\/v2\/pages\/442\/revisions\/5331"}],"up":[{"embeddable":true,"href":"https:\/\/ambbogota.esteri.it\/it\/wp-json\/wp\/v2\/pages\/437"}],"wp:attachment":[{"href":"https:\/\/ambbogota.esteri.it\/it\/wp-json\/wp\/v2\/media?parent=442"}],"curies":[{"name":"wp","href":"https:\/\/api.w.org\/{rel}","templated":true}]}}