{"id":4424,"date":"2024-08-27T08:42:18","date_gmt":"2024-08-27T13:42:18","guid":{"rendered":"https:\/\/ambbogota.esteri.it\/?page_id=4424"},"modified":"2025-05-21T15:51:50","modified_gmt":"2025-05-21T20:51:50","slug":"nascita-derivata-da-maternita-surrogata","status":"publish","type":"page","link":"https:\/\/ambbogota.esteri.it\/it\/servizi-consolari-e-visti\/servizi-per-il-cittadino-italiano\/stato-civile\/nascita-derivata-da-maternita-surrogata\/","title":{"rendered":"Nascita derivata da \u201cmaternita\u2019 surrogata\u201d"},"content":{"rendered":"<p>Con l\u2019entrata in vigore, il 3 dicembre 2024, della legge 4 novembre 2024 n.169, <strong>il reato di surrogazione di maternit\u00e0<\/strong> commesso da un cittadino <strong>italiano \u00e8 perseguibile anche all\u2019estero<\/strong> e punito ai sensi della legge italiana. Ci\u00f2 indipendente dal fatto che la relativa pratica sia consentita nel paese estero in cui ha avuto luogo.<\/p>\n<p>Al reato di surrogazione di maternit\u00e0 si applica la pena prevista dall\u2019art. 12, comma 6, della Legga 19 febbraio 2004 n.40, che gi\u00e0 lo prevedeva e sanzionava sul territorio nazionale.<\/p>\n<p>Si attira pertanto l\u2019attenzione degli utenti sulla circostanza che, in applicazione dell\u2019art. 38, comma 1, del D. Lgs. 3 febbraio 2011 n. 71, <strong>l\u2019autorit\u00e0 consolare<\/strong> alla quale venga presentato l\u2019atto di nascita di un bambino che risulti, o si possa presumere, essere nato mediante surrogazione di maternit\u00e0, <strong>sar\u00e0 tenuta a comunicare alla competente autorit\u00e0 giudiziaria nazionale la relativa ipotesi di reato<\/strong>, in concomitanza con l\u2019invio dell\u2019atto stesso al Comune italiano di riferimento.<\/p>\n","protected":false},"excerpt":{"rendered":"Con l\u2019entrata in vigore, il 3 dicembre 2024, della legge 4 novembre 2024 n.169, il reato di surrogazione di maternit\u00e0 commesso da un cittadino italiano \u00e8 perseguibile anche all\u2019estero e punito ai sensi della legge italiana. Ci\u00f2 indipendente dal fatto che la relativa pratica sia consentita nel paese estero in cui ha avuto luogo. Al [&hellip;]","protected":false},"author":7,"featured_media":0,"parent":68,"menu_order":0,"comment_status":"closed","ping_status":"closed","template":"","meta":{"footnotes":""},"class_list":["post-4424","page","type-page","status-publish","hentry"],"_links":{"self":[{"href":"https:\/\/ambbogota.esteri.it\/it\/wp-json\/wp\/v2\/pages\/4424","targetHints":{"allow":["GET"]}}],"collection":[{"href":"https:\/\/ambbogota.esteri.it\/it\/wp-json\/wp\/v2\/pages"}],"about":[{"href":"https:\/\/ambbogota.esteri.it\/it\/wp-json\/wp\/v2\/types\/page"}],"author":[{"embeddable":true,"href":"https:\/\/ambbogota.esteri.it\/it\/wp-json\/wp\/v2\/users\/7"}],"replies":[{"embeddable":true,"href":"https:\/\/ambbogota.esteri.it\/it\/wp-json\/wp\/v2\/comments?post=4424"}],"version-history":[{"count":6,"href":"https:\/\/ambbogota.esteri.it\/it\/wp-json\/wp\/v2\/pages\/4424\/revisions"}],"predecessor-version":[{"id":6490,"href":"https:\/\/ambbogota.esteri.it\/it\/wp-json\/wp\/v2\/pages\/4424\/revisions\/6490"}],"up":[{"embeddable":true,"href":"https:\/\/ambbogota.esteri.it\/it\/wp-json\/wp\/v2\/pages\/68"}],"wp:attachment":[{"href":"https:\/\/ambbogota.esteri.it\/it\/wp-json\/wp\/v2\/media?parent=4424"}],"curies":[{"name":"wp","href":"https:\/\/api.w.org\/{rel}","templated":true}]}}