{"id":444,"date":"2023-08-11T12:46:14","date_gmt":"2023-08-11T17:46:14","guid":{"rendered":"https:\/\/ambbogota.esteri.it\/?page_id=444"},"modified":"2025-01-27T16:41:00","modified_gmt":"2025-01-27T21:41:00","slug":"visa-para-trabajo-dependiente","status":"publish","type":"page","link":"https:\/\/ambbogota.esteri.it\/it\/servizi-consolari-e-visti\/servizi-per-il-cittadino-straniero\/visti\/visti-requisiti\/visti-per-lavoro\/visa-para-trabajo-dependiente\/","title":{"rendered":"Visto per Lavoro Subordinato"},"content":{"rendered":"<p>Per informazioni generali su questo tipo di VISTO, si prega di visitare il seguente sito del Governo italiano: <a href=\"http:\/\/vistoperitalia.esteri.it\">vistoperitalia.esteri.it<\/a><\/p>\n<p><strong>A cosa serve e chi pu\u00f2 utilizzarlo <\/strong><\/p>\n<p>Il visto per Lavoro Subordinato consente a un cittadino straniero di entrare e risiedere in Italia per svolgere un&#8217;attivit\u00e0 lavorativa a carico, sia essa assunta da una persona fisica o giuridica residente in Italia.<\/p>\n<p>La procedura inizia in Italia dove la stessa persona, fisica o giuridica, presenta presso la <em>Prefettura<\/em> territorialmente competente il rispettivo <em>Nulla Osta<\/em> al lavoro. Una volta che la <em>predetta autorit\u00e0<\/em> abbia rilasciato il <em>Nulla Osta<\/em>, l\u2019interessato residente in Colombia potr\u00e0 richiedere il visto.<\/p>\n<p>Il visto pu\u00f2 essere richiesto <u>sei mesi prima della data del viaggio<\/u> e fino a 15 giorni lavorativi prima della data del viaggio.<\/p>\n<p><strong>Tipo di visto<\/strong>: &#8220;C&#8221; visto per soggiorni di breve durata (fino a 90 giorni) o \u201cD\u201d visto per soggiorno di lunga durata (da pi\u00f9 di 90 giorni fino a 365 giorni).<\/p>\n<p><strong>REQUISITI<\/strong>: Devono essere presentati seguendo il rigoroso ordine sotto indicato.<\/p>\n<ol>\n<li><a href=\"https:\/\/ambbogota.esteri.it\/wp-content\/uploads\/2023\/11\/Formulario_D_-VistoNazionale_spagnolo.pdf\"><strong>Modulo di richiesta di visto Nazionale<\/strong><\/a> o <a href=\"https:\/\/ambbogota.esteri.it\/wp-content\/uploads\/2024\/07\/Formulario-bilingue.pdf\"><strong>Schengen<\/strong><\/a> debitamente compilato in tutti i campi e firmato.<\/li>\n<li><strong>Due fotografie<\/strong> (3 cm x 4 cm), sfondo bianco a colore (identiche e recenti), una delle quali deve essere incollata al modulo nella casella corrispondente.<\/li>\n<li><a href=\"https:\/\/ambbogota.esteri.it\/it\/servizi-consolari-e-visti\/servizi-per-il-cittadino-italiano\/diritti-consolari\/\"><strong>Pagamento dei diritti consolari<\/strong><\/a> (portare l&#8217;originale del versamento effettuato sul conto corrente n. 11538667 della Banca GNB Sudameris &#8211; Art. 29. Non si accettano fotocopie o bonifici bancari diretti).<\/li>\n<li><strong>Passaporto valido<\/strong> (con validit\u00e0 di almeno 3 mesi oltre la durata del visto) con almeno due pagine libere e una fotocopia del passaporto (solo la pagina del passaporto contenente i dati personali del titolare).<\/li>\n<li><strong>Carta d&#8217;identit\u00e0 colombiana<\/strong> &#8211; per gli stranieri <em>c\u00e9dula de extranjer\u00eda e visto colombiano<\/em>, in corso di validit\u00e0 (fotocopia ingrandita e leggibile).<\/li>\n<li><strong>Fotocopia del &#8220;Nulla Osta&#8221;<\/strong> rilasciato dalla Prefettura &#8211; S.U.I. (Sportello Unico Immigrazione).<\/li>\n<li><strong>Fotocopia della promessa di assunzione o contratto di assunzione in Italia, <\/strong>sottoscritta dal datore di lavoro.<\/li>\n<li><strong>Fotocopia dei titoli di studio con relativa apostilla<\/strong>. \u00c8 possibile presentare anche la Dichiarazione di Valore.<\/li>\n<li><strong>Certificato di lavoro attuale o dell\u2019ultimo lavoro svolto.<\/strong><\/li>\n<li><strong>Prenotazione del volo <\/strong>di sola andata con destinazione finale Italia.<\/li>\n<\/ol>\n<p><strong><u>NOTE<\/u><\/strong><strong>:<\/strong><\/p>\n<ul>\n<li>La richiesta di visto deve essere presentata presenzialmente dall\u2019interessato.<\/li>\n<li>Potranno essere ricevute solo le richieste di visto da <u>persone residenti in Colombia<\/u>.<\/li>\n<li>La procedura \u00e8 strettamente personale. <u>L&#8217;Ambasciata non ha autorizzato alcuna agenzia o intermediario per la richiesta del visto<\/u>.<\/li>\n<li>Si informa che l&#8217;Ufficio Visti non potr\u00e0 ricevere la domanda fintanto che non abbia<strong> ricevuto il Nulla Osta trasmesso dall&#8217;Ufficio S.U.I. (Prefettura in Italia).<\/strong><\/li>\n<li>Si ricorda che il &#8220;<em>Nulla Osta<\/em>&#8221; <strong>ha una validit\u00e0 di 6 mesi<\/strong> (dalla data di emissione del S.U.I.) e <strong>deve essere utilizzato prima della sua scadenza<\/strong>.<\/li>\n<li>La mancata presentazione di uno dei documenti sopra indicati pu\u00f2 comportare il rifiuto della domanda di visto allo sportello. La domanda <u>non potr\u00e0 essere accettata<\/u> se i diritti consolari non sono stati interamente pagati in anticipo direttamente alla banca (vedi <a href=\"https:\/\/ambbogota.esteri.it\/it\/servizi-consolari-e-visti\/servizi-per-il-cittadino-italiano\/diritti-consolari\/\"><strong>diritti consolari<\/strong><\/a>).<\/li>\n<li>L&#8217;Ambasciata d&#8217;Italia si riserva il diritto di richiedere la documentazione aggiuntiva che ritenga necessaria.<\/li>\n<li>Il visto (se concesso) potr\u00e0 essere rilasciato con una data di validit\u00e0 alcuni giorni prima dell\u2019inizio del contratto di lavoro.<\/li>\n<li>La presentazione della documentazione richiesta non comporta necessariamente la concessione del visto. Poich\u00e9 il medesimo \u00e8 una concessione, anche qualora dovessero essere presentati tutti i documenti summenzionati, questo pu\u00f2 essere concesso o rifiutato. In quest&#8217;ultimo caso, verr\u00e0 rilasciato un &#8220;<em><u>Provvedimento di Diniego<\/u><\/em>&#8220;.<\/li>\n<li>Se il visto viene concesso, il titolare, una volta arrivato in Italia, deve richiedere il <em>Permesso di Soggiorno<\/em> alle autorit\u00e0 italiane competenti entro i primi otto giorni lavorativi.<\/li>\n<\/ul>\n","protected":false},"excerpt":{"rendered":"Per informazioni generali su questo tipo di VISTO, si prega di visitare il seguente sito del Governo italiano: vistoperitalia.esteri.it A cosa serve e chi pu\u00f2 utilizzarlo Il visto per Lavoro Subordinato consente a un cittadino straniero di entrare e risiedere in Italia per svolgere un&#8217;attivit\u00e0 lavorativa a carico, sia essa assunta da una persona fisica [&hellip;]","protected":false},"author":5,"featured_media":0,"parent":5496,"menu_order":0,"comment_status":"closed","ping_status":"closed","template":"","meta":{"footnotes":""},"class_list":["post-444","page","type-page","status-publish","hentry"],"_links":{"self":[{"href":"https:\/\/ambbogota.esteri.it\/it\/wp-json\/wp\/v2\/pages\/444","targetHints":{"allow":["GET"]}}],"collection":[{"href":"https:\/\/ambbogota.esteri.it\/it\/wp-json\/wp\/v2\/pages"}],"about":[{"href":"https:\/\/ambbogota.esteri.it\/it\/wp-json\/wp\/v2\/types\/page"}],"author":[{"embeddable":true,"href":"https:\/\/ambbogota.esteri.it\/it\/wp-json\/wp\/v2\/users\/5"}],"replies":[{"embeddable":true,"href":"https:\/\/ambbogota.esteri.it\/it\/wp-json\/wp\/v2\/comments?post=444"}],"version-history":[{"count":6,"href":"https:\/\/ambbogota.esteri.it\/it\/wp-json\/wp\/v2\/pages\/444\/revisions"}],"predecessor-version":[{"id":5522,"href":"https:\/\/ambbogota.esteri.it\/it\/wp-json\/wp\/v2\/pages\/444\/revisions\/5522"}],"up":[{"embeddable":true,"href":"https:\/\/ambbogota.esteri.it\/it\/wp-json\/wp\/v2\/pages\/5496"}],"wp:attachment":[{"href":"https:\/\/ambbogota.esteri.it\/it\/wp-json\/wp\/v2\/media?parent=444"}],"curies":[{"name":"wp","href":"https:\/\/api.w.org\/{rel}","templated":true}]}}