{"id":448,"date":"2023-08-11T12:47:29","date_gmt":"2023-08-11T17:47:29","guid":{"rendered":"https:\/\/ambbogota.esteri.it\/?page_id=448"},"modified":"2025-05-28T15:23:42","modified_gmt":"2025-05-28T20:23:42","slug":"visa-de-turismo-visita-familiar","status":"publish","type":"page","link":"https:\/\/ambbogota.esteri.it\/it\/servizi-consolari-e-visti\/servizi-per-il-cittadino-straniero\/visti\/visti-requisiti\/visa-de-turismo-visita-familiar\/","title":{"rendered":"Visto per Turismo\/Famiglia"},"content":{"rendered":"<p>Per informazioni generali su questo tipo di VISTO, si prega di visitare il seguente sito del Governo italiano: <a href=\"http:\/\/vistoperitalia.esteri.it\/\">vistoperitalia.esteri.it<\/a><\/p>\n<p><strong>I cittadini colombiani sono esentati dal richiedere un visto quando si recano nell&#8217;area Schengen per turismo\/affari\/missione\/gara sportiva\/studio\/invito, per un massimo di 90 giorni nell&#8217;arco di 180 giorni. Il conteggio dei giorni inizia dal primo giorno di ingresso nell&#8217;area Schengen (come risulta dal timbro sul passaporto).<\/strong><\/p>\n<p>Si precisa che le uniche autorit\u00e0 competenti per autorizzare l&#8217;ingresso nel territorio sono quelle di frontiera, le quali potrebbero richiedere documenti giustificativi del viaggio, come: biglietto di andata e ritorno, assicurazione sanitaria di viaggio valida per gli Stati Schengen con copertura minima di 30.000 euro e con durata coerente a quella del viaggio, disponibilit\u00e0 di un alloggio durante tutto il periodo di soggiorno e garanzie economiche.<\/p>\n<p><strong>A cosa serve e chi pu\u00f2 richiederlo<\/strong>:<\/p>\n<p>Questo visto consente al viaggiatore di entrare e viaggiare nell&#8217;area Schengen (*) per motivi di turismo\/visita familiare. Attualmente, i Paesi che aderiscono al trattato di Schengen sono i seguenti:<\/p>\n<p>(*) Austria, Belgio, Bulgaria, Croazia, Danimarca, Estonia, Francia, Finlandia, Germania, Grecia, Islanda, Italia, Lettonia, Liechtenstein, Lituania, Lussemburgo, Malta, Norvegia, Paesi Bassi, Polonia, Portogallo, Repubblica Ceca, Romania, Slovacchia, Slovenia, Spagna, Svezia, Svizzera, Ungheria.<\/p>\n<p>Nota: se il viaggiatore visita diversi Paesi Schengen, il visto deve essere richiesto presso l&#8217;Ambasciata del Paese in cui trascorrer\u00e0 pi\u00f9 tempo. A parit\u00e0 di tempo, il visto deve essere richiesto presso l&#8217;ambasciata del paese del primo ingresso in Europa.<\/p>\n<p>Il visto pu\u00f2 essere richiesto <u>sei mesi prima della data del viaggio<\/u> e fino a 15 giorni lavorativi prima della data del viaggio.<\/p>\n<p><strong>Tipo di visto:<\/strong> &#8220;C&#8221; Visto di breve durata, soggiorno fino ad un massimo di 90 giorni entro 180 giorni.<\/p>\n<p><strong>REQUISITI<\/strong>: Devono essere presentati seguendo il rigoroso ordine sotto indicato.<\/p>\n<ol>\n<li><a href=\"https:\/\/ambbogota.esteri.it\/wp-content\/uploads\/2024\/07\/Formulario-bilingue.pdf\"><strong>Modulo di richiesta di visto Schengen<\/strong><\/a> debitamente compilato in tutti i campi e firmato.<\/li>\n<li><strong>Due fotografie<\/strong> (3 cm x 4 cm), sfondo bianco a colore (identiche e recenti), una delle quali deve essere incollata al modulo nella casella corrispondente.<\/li>\n<li><a href=\"https:\/\/ambbogota.esteri.it\/it\/servizi-consolari-e-visti\/servizi-per-il-cittadino-italiano\/diritti-consolari\/\"><strong>Pagamento dei diritti consolari<\/strong><\/a> (portare l&#8217;originale del versamento effettuato sul conto corrente n. 11538667 della Banca GNB Sudameris &#8211; Art. 29, non si accettano copie o bonifici bancari diretti).<\/li>\n<li><strong>Passaporto valido<\/strong> (con validit\u00e0 di almeno 3 mesi oltre la durata del visto) con almeno due pagine libere e una <strong>copia<\/strong> semplice del <strong>passaporto<\/strong> (solo la pagina del passaporto contenente i dati personali del titolare).<\/li>\n<li><strong>Carta d&#8217;identit\u00e0 colombiana<\/strong> &#8211; per gli stranieri <em>c\u00e9dula de extranjer\u00eda e visto colombiano<\/em>, in corso di validit\u00e0 (fotocopia ingrandita e leggibile).<\/li>\n<li><strong>Prenotazioni alberghiere e programma di viaggio nell&#8217;area Schengen<\/strong> &#8211; chiari e leggibili.<\/li>\n<li><strong>Solo nel caso in cui ci sia un invito da parte di un cittadino italiano<\/strong> e\/o europeo o di un cittadino straniero regolarmente soggiornante in Italia, si dovr\u00e0 presentare la lettera di invito scritta e firmata dall\u2019invitante secondo le indicazioni di legge (vedi <a href=\"https:\/\/ambbogota.esteri.it\/wp-content\/uploads\/2024\/04\/Carta-de-invitacion-por-turismo.pdf\">formato<\/a>).<\/li>\n<li><strong>Dimostrare la disponibilit\u00e0 dei mezzi economici secondo i valori indicati nella <\/strong><a href=\"https:\/\/vistoperitalia.esteri.it\/Moduli\/it\/Direttiva_MinInterno_1-3-2000.pdf\">Tabella A<\/a> allegata alla Direttiva del Ministero dell\u2019Interno del 01.03.2000, attraverso gli estratti bancari dei conti di risparmio e\/o dei conti correnti degli ultimi sei mesi, nonch\u00e9 delle eventuali carte di credito nazionali e internazionali (in originale) vidimate dalla banca. Nel caso in cui non siano disponibili gli estratti bancari dell\u2019ultimo periodo, si dovr\u00e0 presentare, oltre al certificato dei movimenti bancari dell\u2019ultimo periodo di cui non si abbia l\u2019estratto bancario, anche il certificato del saldo disponibile aggiornato dei conti.<\/li>\n<li><strong>Lettera di presentazione del datore di lavoro<\/strong> che indichi il tempo di servizio, la posizione, lo stipendio e il periodo di ferie o permessi concessi, nonch\u00e9 le ultime sei buste paga. Se<strong> si \u00e8 imprenditore e\/o professionista<\/strong>, allegare una <strong>copia del RUT<\/strong>, <strong>Dichiarazione dei redditi<\/strong> dell\u2019anno anteriore, nonch\u00e9 i movimenti bancari della azienda degli ultimi sei mesi in originale.<\/li>\n<li><strong>Se il richiedente visto turistico non pu\u00f2 dimostrare la disponibilit\u00e0 economica personale<\/strong> (in quanto minorenne, studente, casalinga, pensionato, ecc.), la persona che si fa carico del suo mantenimento (padre, madre, coniuge, figlio) deve redigere una lettera di impegno a coprire le spese nell&#8217;area Schengen firmata davanti a un notaio, con una copia del suo documento d&#8217;identit\u00e0 e, a seconda dei casi, dello stato civile di matrimonio o di nascita per dimostrare il rapporto di parentela (allegare informazioni finanziarie sulle sue entrate economiche come indicato al punto 8). I pensionati devono presentare le ultime sei buste paga e\/o qualsiasi altro documento comprovante il loro reddito (originale e copia).<\/li>\n<li><strong>Gli studenti devono presentare il certificato scolastico<\/strong> e il certificato dei voti (in originale) anche se sono in vacanza. Se viaggiano durante il periodo scolastico, devono presentare l&#8217;autorizzazione della scuola\/universit\u00e0 per assentarsi dalle lezioni.<\/li>\n<li><strong>Assicurazione di assistenza medica di viaggio valida per l&#8217;area Schengen<\/strong> con le seguenti coperture:\n<ul>\n<li>Assistenza medica per malattia: copertura minima di 30.000 euro.<\/li>\n<li>Assistenza medica per infortuni: copertura minima di 30.000 euro.<\/li>\n<li>Rimpatrio: copertura minima di 30.000 euro.<br \/>\nLa compagnia assicurativa deve avere un rappresentante\/sede in Europa. L&#8217;assicurazione di viaggio non pu\u00f2 avere una franchigia. L&#8217;assicurazione deve essere valida per la durata del visto.<\/li>\n<\/ul>\n<\/li>\n<li><strong>Prenotazione di un volo<\/strong> di andata e ritorno con eventuali prenotazioni di aerei\/treni\/autobus\/noleggio automobile per trasferimenti all&#8217;interno dell&#8217;area Schengen<\/li>\n<\/ol>\n<p><strong><u>NOTE:<\/u><\/strong><\/p>\n<ul>\n<li>La richiesta di visto deve essere presentata presenzialmente dall\u2019interessato.<\/li>\n<li>Potranno essere ricevute solo le richieste di visto da <u>persone residenti in Colombia<\/u>.<\/li>\n<li>La procedura \u00e8 strettamente personale. <u>L&#8217;Ambasciata non ha autorizzato alcuna agenzia o intermediario per la richiesta del visto<\/u>.<\/li>\n<li>Per i minori di 18 anni che viaggiano con i genitori, \u00e8 necessaria la presenza di entrambi all&#8217;Ambasciata e una copia dell\u2019atto di nascita del minore.<\/li>\n<li>Nel caso in cui il minore viaggi da solo o con uno dei genitori, \u00e8 necessario allegare la rispettiva <strong>autorizzazione di uscita del Paese<\/strong>, munite di apostilla dal Ministero degli Affari Esteri colombiano (originale e copia).<\/li>\n<li>La mancata presentazione di uno dei documenti sopra indicati pu\u00f2 comportare il rifiuto della domanda di visto allo sportello. La domanda <u>non potr\u00e0 essere accettata<\/u> se i diritti consolari non sono stati interamente pagati in anticipo direttamente alla banca (vedi <a href=\"https:\/\/ambbogota.esteri.it\/it\/servizi-consolari-e-visti\/servizi-per-il-cittadino-italiano\/diritti-consolari\/\"><strong>diritti consolari<\/strong><\/a>).<\/li>\n<li>Si precisa che l\u2019Ambasciata d\u2019Italia si riserva il diritto di accettare documentazione di conti bancari attivi in un paese che non sia la Colombia o l\u2019UE.<\/li>\n<li>L&#8217;Ambasciata d&#8217;Italia si riserva il diritto di richiedere la documentazione aggiuntiva che ritenga necessaria.<\/li>\n<li>La presentazione della documentazione richiesta non comporta necessariamente la concessione del visto. Poich\u00e9 il visto \u00e8 una concessione, anche qualora dovessero essere presentati tutti i documenti summenzionati, questo pu\u00f2 essere concesso o rifiutato. In quest&#8217;ultimo caso, verr\u00e0 rilasciato un &#8220;<em><u>Provvedimento di Diniego<\/u><\/em>&#8220;.<\/li>\n<\/ul>\n","protected":false},"excerpt":{"rendered":"Per informazioni generali su questo tipo di VISTO, si prega di visitare il seguente sito del Governo italiano: vistoperitalia.esteri.it I cittadini colombiani sono esentati dal richiedere un visto quando si recano nell&#8217;area Schengen per turismo\/affari\/missione\/gara sportiva\/studio\/invito, per un massimo di 90 giorni nell&#8217;arco di 180 giorni. Il conteggio dei giorni inizia dal primo giorno di [&hellip;]","protected":false},"author":5,"featured_media":0,"parent":437,"menu_order":0,"comment_status":"closed","ping_status":"closed","template":"","meta":{"footnotes":""},"class_list":["post-448","page","type-page","status-publish","hentry"],"_links":{"self":[{"href":"https:\/\/ambbogota.esteri.it\/it\/wp-json\/wp\/v2\/pages\/448","targetHints":{"allow":["GET"]}}],"collection":[{"href":"https:\/\/ambbogota.esteri.it\/it\/wp-json\/wp\/v2\/pages"}],"about":[{"href":"https:\/\/ambbogota.esteri.it\/it\/wp-json\/wp\/v2\/types\/page"}],"author":[{"embeddable":true,"href":"https:\/\/ambbogota.esteri.it\/it\/wp-json\/wp\/v2\/users\/5"}],"replies":[{"embeddable":true,"href":"https:\/\/ambbogota.esteri.it\/it\/wp-json\/wp\/v2\/comments?post=448"}],"version-history":[{"count":6,"href":"https:\/\/ambbogota.esteri.it\/it\/wp-json\/wp\/v2\/pages\/448\/revisions"}],"predecessor-version":[{"id":6525,"href":"https:\/\/ambbogota.esteri.it\/it\/wp-json\/wp\/v2\/pages\/448\/revisions\/6525"}],"up":[{"embeddable":true,"href":"https:\/\/ambbogota.esteri.it\/it\/wp-json\/wp\/v2\/pages\/437"}],"wp:attachment":[{"href":"https:\/\/ambbogota.esteri.it\/it\/wp-json\/wp\/v2\/media?parent=448"}],"curies":[{"name":"wp","href":"https:\/\/api.w.org\/{rel}","templated":true}]}}