{"id":4493,"date":"2024-09-06T12:14:57","date_gmt":"2024-09-06T17:14:57","guid":{"rendered":"https:\/\/ambbogota.esteri.it\/?page_id=4493"},"modified":"2025-07-25T11:23:19","modified_gmt":"2025-07-25T16:23:19","slug":"visto-per-lavoro-subordinato-lavoratore-da-remoto","status":"publish","type":"page","link":"https:\/\/ambbogota.esteri.it\/it\/servizi-consolari-e-visti\/servizi-per-il-cittadino-straniero\/visti\/visti-requisiti\/visti-per-lavoro\/visto-per-lavoro-subordinato-lavoratore-da-remoto\/","title":{"rendered":"Visto per Lavoro Subordinato \u2013 Lavoratore da Remoto"},"content":{"rendered":"<p>Per informazioni generali su questo tipo di VISTO, si prega di visitare il seguente sito del Governo italiano: <a href=\"http:\/\/vistoperitalia.esteri.it\">vistoperitalia.esteri.it<\/a><\/p>\n<p><strong>A cosa serve e chi pu\u00f2 utilizzarlo<\/strong><\/p>\n<p>Il visto di Lavoro Subordinato- <em>Lavoratore da Remoto <\/em>consente a un cittadino straniero di entrare e risiedere in Italia per svolgere un&#8217;attivit\u00e0 di lavoro subordinato o di collaborazione secondo le modalit\u00e0 di cui all\u2019articolo 2, comma 1, del decreto legislativo 15 giugno 2015, n. 81; il datore di lavoro o il committente potranno avere la Sede legale in Italia oppure all\u2019estero.<\/p>\n<p>Il visto pu\u00f2 essere richiesto <u>sei mesi prima della data del viaggio<\/u> e fino a 15 giorni lavorativi prima della data del viaggio.<\/p>\n<p><strong>Tipo di visto<\/strong>: &#8220;C&#8221; visto per soggiorni di breve durata (fino a 90 giorni) o \u201cD\u201d visto per soggiorno di lunga durata (da pi\u00f9 di 90 giorni fino a 365 giorni).<\/p>\n<p><strong>REQUISITI<\/strong>: Devono essere presentati seguendo il rigoroso ordine sotto indicato.<\/p>\n<ol>\n<li><a href=\"https:\/\/ambbogota.esteri.it\/wp-content\/uploads\/2023\/11\/Formulario_D_-VistoNazionale_spagnolo.pdf\"><strong>Modulo di richiesta di visto Nazionale<\/strong><\/a> o <a href=\"https:\/\/ambbogota.esteri.it\/wp-content\/uploads\/2024\/07\/Formulario-bilingue.pdf\"><strong>Schengen<\/strong><\/a> debitamente compilato in tutti i campi e firmato.<\/li>\n<li><strong>Due fotografie<\/strong> (3 cm x 4 cm), sfondo bianco a colore (identiche e recenti), una delle quali deve essere incollata al modulo nella casella corrispondente.<\/li>\n<li><a href=\"https:\/\/ambbogota.esteri.it\/it\/servizi-consolari-e-visti\/servizi-per-il-cittadino-italiano\/diritti-consolari\/\"><strong>Pagamento dei diritti consolari<\/strong><\/a> (portare l&#8217;originale del versamento effettuato sul conto corrente n. 11538667 della Banca GNB Sudameris &#8211; Art. 29. Non si accettano fotocopie o bonifici bancari diretti).<\/li>\n<li><strong>Passaporto valido<\/strong> (con validit\u00e0 di almeno 3 mesi oltre la durata del visto) con almeno due pagine libere e una fotocopia del passaporto (solo la pagina del passaporto contenente i dati personali del titolare).<\/li>\n<li><strong>Carta d&#8217;identit\u00e0 colombiana<\/strong> &#8211; per gli stranieri <em>c\u00e9dula de extranjer\u00eda e visto colombiano<\/em>, in corso di validit\u00e0 (Fotocopia ingrandita e leggibile).<\/li>\n<li><strong>Dimostrare lo status di lavoratore altamente qualificato<\/strong> attraverso una delle seguenti alternative:<br \/>\na)<strong><u> Il possesso di un titolo di istruzione superiore di livello terziario<\/u><\/strong> (rilasciato da una universit\u00e0 competente nel paese dove \u00e8 stato conseguito) che attesti il completamento di un percorso di istruzione superiore di durata almeno triennale o di una qualificazione professionale di livello post secondario di durata almeno triennale o corrispondente almeno al livello 6 del Quadro nazionale delle qualificazioni di cui al decreto del Ministero del lavoro e delle politiche sociali dell&#8217;8 gennaio 2018, recante \u00abIstituzione del Quadro nazionale delle qualificazioni rilasciate nell&#8217;ambito del Sistema nazionale di certificazione delle competenze di cui al decreto legislativo 16 gennaio 2013, n. 13\u00bb, pubblicato nella Gazzetta ufficiale n. 20 del 25 gennaio 2018. Se il titolo \u00e8 stato ottenuto in un paese non appartenente all&#8217;UE, questo deve essere accompagnato dalla <a href=\"https:\/\/ambbogota.esteri.it\/it\/italia-e-colombia\/diplomazia-culturale\/studiare-in-italia\/dichiarazioni-di-valore\/\">Dichiarazione di Valore<\/a> o, alternativamente, da una <strong>Attestazione di Comparabilit\u00e0 <\/strong>emessa dal CIMEA.<br \/>\n<u>Si fa enfasi sul fatto che il richiedente dovr\u00e0 presentare in sede d\u2019intervista la relativa Dichiarazione di Valore rilasciata dall\u2019Ufficio Studi dell\u2019Ambasciata d\u2019Italia la cui richiesta potr\u00e0 essere avanzata all\u2019indirizzo mail: <\/u><a href=\"mailto:estudios.iicbogota@esteri.it\">estudios.iicbogota@esteri.it<\/a> <u>in alternativa, in caso si presentasse il CIMEA, il diretto interessato dovr\u00e0 richiedere la verifica dei propri titoli e ottenere la \u201cLUCE VERDE\u201d, la cui richiesta potr\u00e0 essere avanzata all\u2019indirizzo mail: <a href=\"mailto:iicbogota@esteri.it\">iicbogota@esteri.it<\/a> senza la quale non si potr\u00e0 ricevere la domanda.<br \/>\n<\/u>b)<strong><u> Il possesso dei requisiti previsti dal decreto legislativo 6 novembre 2007, n. 206, limitatamente all&#8217;esercizio di professioni regolamentate<\/u><\/strong>; Il possesso di tali requisiti deve essere attestato antecedentemente la domanda di visto da una delle Autorit\u00e0 Italiane indicate all&#8217;articolo 5 del Decreto Legislativo 6 novembre 2007, n. 206, (vedasi Elenco Professioni regolamentate e autorit\u00e0 competenti &#8211; impresainungiorno.gov.it). Ai fini del visto il richiedente dovr\u00e0 pertanto produrre copia della suddetta attestazione.<br \/>\nc)<strong><u> Il possesso di una qualifica professionale superiore attestata da almeno cinque anni di esperienza professionale<\/u><\/strong> di livello paragonabile ai titoli d&#8217;istruzione superiori di livello terziario, pertinenti alla professione o al settore specificato nel contratto di lavoro o all&#8217;offerta vincolante; per provare il possesso di tale requisito il richiedente dovr\u00e0 presentare i seguenti documenti rilasciati dall\u2019autorit\u00e0 pubblica nel paese dove tale esperienza \u00e8 stata conseguita (es. Camera di Commercio, Comune, enti pubblici competenti, enti previdenziali, ecc.): &#8211; dati identificativi dell\u2019impresa e lo specifico settore di attivit\u00e0 in cui l\u2019impresa opera od ha operato; &#8211; la posizione rivestita dall\u2019interessato all\u2019interno dell\u2019impresa (titolare, socio, dipendente); &#8211; fotocopia del contratto di lavoro e\/o fotocopie delle buste paga relative al periodo lavorativo svolto (almeno sei per ogni anno dichiarato); &#8211; attestazione del datore di lavoro con descrizione delle esperienze conseguite all\u2019interno dell\u2019impresa ed indicazione delle date di inizio e fine rapporto.<br \/>\nd) <strong><u>Il possesso di una qualifica professionale superiore attestata da almeno tre anni di esperienza professionale pertinente acquisita nei sette anni precedenti la presentazione della domanda<\/u><\/strong>, qualora il richiedente sia un dirigente o uno specialista nel settore delle tecnologie dell&#8217;informazione e della comunicazione di cui alla classificazione ISCO-08, n. 133 e n. 25.La documentazione di cui ai punti <strong>a), b) e d)<\/strong>, rilasciata da autorit\u00e0\/soggetti <u>non<\/u> appartenenti a Paesi UE deve essere presentata in copia autentica (o copia conforme all&#8217;originale), dopo essere stata legalizzata e apostillata dalle competenti autorit\u00e0 corredata dalla traduzione in lingua italiana. La traduzione dovr\u00e0 essere certificata conforme al testo originale e munita di apostilla.In particolare, con riferimento al titolo di istruzione superiore e relativa qualifica professionale di livello terziario, di cui al punto 1, in luogo della Dichiarazione di Valore \u00e8 possibile presentare l\u2019attestazione di comparabilit\u00e0 rilasciata dal Centro di Informazione sulla Mobilit\u00e0 e le Equivalenze Accademiche (CIMEA).<\/li>\n<li><strong>Dimostrazione di avere un\u2019esperienza pregressa di almeno sei mesi<\/strong> nell\u2019ambito dell\u2019attivit\u00e0 lavorativa da svolgere come lavoratore da remoto.<\/li>\n<li><strong>Disponibilit\u00e0 di un reddito minimo annuo <\/strong>derivante da fonti lecite non inferiore al triplo del livello minimo previsto per l\u2019esenzione dalla partecipazione alla spesa sanitaria (\u20ac8.500 X 3= \u20ac25.500), gi\u00e0 acquisito nel paese di residenza. A tal fine, si dovranno presentare:<br \/>\na. Dichiarazione dei redditi dell&#8217;anno immediatamente precedente.<br \/>\nb. Gli estratti conto bancari del\/dei conto\/conti, a nome del richiedente, degli ultimi 12 mesi precedenti alla data di presentazione della richiesta di visto (originali, debitamente timbrati dalla banca emittente &#8211; non sono ammessi documenti scaricati da internet senza i criteri sopra indicati). Nel caso in cui non siano disponibili gli estratti conto dell&#8217;ultimo periodo, si richiede di presentare, oltre al certificato dei movimenti bancari dei periodi che non dispongono di estratto conto, il certificato del saldo disponibile del\/dei conto\/i bancario\/i.<\/li>\n<li><strong>Il contratto di lavoro, di collaborazione o la relativa offerta<\/strong> vincolante per lo svolgimento di una attivit\u00e0 lavorativa che richiede il possesso di uno dei requisiti di cui all\u2019articolo 27 \u2013 quater, comma 1, del decreto legislativo 25 luglio 1998, n. 286. L\u2019importo della retribuzione annuale, come ricavato dal contratto di lavoro ovvero dall&#8217;offerta vincolante, non deve essere inferiore alla retribuzione prevista nei contratti collettivi nazionali stipulati da associazioni sindacali comparativamente pi\u00f9 rappresentative sul piano nazionale, e comunque non inferiore alla retribuzione media annuale lorda come rilevata dall&#8217;ISTAT e disponibile al seguente link: <a href=\"http:\/\/dati.istat.it\/viewhtml.aspx?il=blank&amp;vh=0000&amp;vf=0&amp;vcq=1100&amp;graph=0&amp;view-metadata=1&amp;lang=it&amp;QueryId=12006\">http:\/\/dati.istat.it\/viewhtml.aspx?il=blank&amp;vh=0000&amp;vf=0&amp;vcq=1100&amp;graph=0&amp;view-metadata=1&amp;lang=it&amp;QueryId=12006<\/a><\/li>\n<li><strong>Dichiarazione sottoscritta dal datore di lavoro<\/strong>, corredata da una fotocopia del documento di riconoscimento in corso di validit\u00e0, che attesti l\u2019assenza di condanne a suo carico, negli ultimi 5 anni, per reati di cui all\u2019articolo 22, comma 5- bis, del Testo Unico.<\/li>\n<li><strong>Copertura sanitaria\/assicurativa per cure mediche e ricoveri ospedalieri,<\/strong> valida per tutto il periodo di soggiorno dalla data di partenza dal territorio colombiano con copertura minima di 30.000 Euro.<\/li>\n<li><strong>Dimostrazione della disponibilit\u00e0 di alloggio<\/strong> attraverso una delle seguenti opzioni:<br \/>\na. Contratto di affitto di una casa o appartamento, registrato presso le autorit\u00e0 competenti in Italia e valido per il periodo di soggiorno richiesto.<br \/>\nb. Documentazione che attesti l&#8217;acquisto di un immobile in Italia.<\/li>\n<li><strong>Prenotazione del volo <\/strong>di sola andata con destinazione finale Italia.<\/li>\n<\/ol>\n<p><strong><u>Note<\/u><\/strong>:<\/p>\n<ul>\n<li>La richiesta di visto deve essere presentata presenzialmente dall\u2019interessato.<\/li>\n<li>Potranno essere ricevute solo le richieste di visto da <u>persone residenti in Colombia<\/u>.<\/li>\n<li>La procedura \u00e8 strettamente personale. <u>L&#8217;Ambasciata non ha autorizzato alcuna agenzia o intermediario per la richiesta del visto<\/u>.<\/li>\n<li>La mancata presentazione di uno dei documenti sopra indicati pu\u00f2 comportare il rifiuto della domanda di visto allo sportello. La domanda <u>non potr\u00e0 essere accettata<\/u> se i diritti consolari non sono stati interamente pagati in anticipo direttamente alla banca (vedi <a href=\"https:\/\/ambbogota.esteri.it\/it\/servizi-consolari-e-visti\/servizi-per-il-cittadino-italiano\/diritti-consolari\/\"><strong>diritti consolari<\/strong><\/a>).<\/li>\n<li>L&#8217;Ambasciata d&#8217;Italia si riserva il diritto di richiedere la documentazione aggiuntiva che ritenga necessaria.<\/li>\n<li>Il visto (se concesso) potr\u00e0 essere rilasciato con una data di validit\u00e0 alcuni giorni prima dell\u2019inizio del contratto di lavoro o collaborazione.<\/li>\n<li>La presentazione della documentazione richiesta non comporta necessariamente la concessione del visto. Poich\u00e9 il medesimo \u00e8 una concessione, anche qualora dovessero essere presentati tutti i documenti summenzionati, questo pu\u00f2 essere concesso o rifiutato. In quest&#8217;ultimo caso, verr\u00e0 rilasciato un &#8220;<em><u>Provvedimento di Diniego<\/u><\/em>&#8220;.<\/li>\n<li>Se il visto viene concesso, il titolare, una volta arrivato in Italia, deve richiedere il <em>Permesso di Soggiorno<\/em> alle autorit\u00e0 italiane competenti, entro i primi otto giorni lavorativi, anche se il visto ha una durata inferiore ai 90 giorni.<\/li>\n<li>Per la richiesta del Permesso di Soggiorno, il titolare del visto deve presentare in Italia gli stessi documenti originali che sono stati presentati al momento della richiesta del visto e vidimati dall&#8217;Ambasciata d&#8217;Italia in Colombia. Pertanto, gli originali e le fotocopie di tutti i documenti richiesti devono essere presentati all&#8217;Ambasciata il giorno della richiesta del visto.<\/li>\n<\/ul>\n","protected":false},"excerpt":{"rendered":"Per informazioni generali su questo tipo di VISTO, si prega di visitare il seguente sito del Governo italiano: vistoperitalia.esteri.it A cosa serve e chi pu\u00f2 utilizzarlo Il visto di Lavoro Subordinato- Lavoratore da Remoto consente a un cittadino straniero di entrare e risiedere in Italia per svolgere un&#8217;attivit\u00e0 di lavoro subordinato o di collaborazione secondo [&hellip;]","protected":false},"author":7,"featured_media":0,"parent":5496,"menu_order":0,"comment_status":"closed","ping_status":"closed","template":"","meta":{"footnotes":""},"class_list":["post-4493","page","type-page","status-publish","hentry"],"_links":{"self":[{"href":"https:\/\/ambbogota.esteri.it\/it\/wp-json\/wp\/v2\/pages\/4493","targetHints":{"allow":["GET"]}}],"collection":[{"href":"https:\/\/ambbogota.esteri.it\/it\/wp-json\/wp\/v2\/pages"}],"about":[{"href":"https:\/\/ambbogota.esteri.it\/it\/wp-json\/wp\/v2\/types\/page"}],"author":[{"embeddable":true,"href":"https:\/\/ambbogota.esteri.it\/it\/wp-json\/wp\/v2\/users\/7"}],"replies":[{"embeddable":true,"href":"https:\/\/ambbogota.esteri.it\/it\/wp-json\/wp\/v2\/comments?post=4493"}],"version-history":[{"count":6,"href":"https:\/\/ambbogota.esteri.it\/it\/wp-json\/wp\/v2\/pages\/4493\/revisions"}],"predecessor-version":[{"id":6765,"href":"https:\/\/ambbogota.esteri.it\/it\/wp-json\/wp\/v2\/pages\/4493\/revisions\/6765"}],"up":[{"embeddable":true,"href":"https:\/\/ambbogota.esteri.it\/it\/wp-json\/wp\/v2\/pages\/5496"}],"wp:attachment":[{"href":"https:\/\/ambbogota.esteri.it\/it\/wp-json\/wp\/v2\/media?parent=4493"}],"curies":[{"name":"wp","href":"https:\/\/api.w.org\/{rel}","templated":true}]}}