{"id":452,"date":"2023-08-11T12:50:11","date_gmt":"2023-08-11T17:50:11","guid":{"rendered":"https:\/\/ambbogota.esteri.it\/?page_id=452"},"modified":"2025-01-24T14:36:54","modified_gmt":"2025-01-24T19:36:54","slug":"visa-de-reingreso","status":"publish","type":"page","link":"https:\/\/ambbogota.esteri.it\/it\/servizi-consolari-e-visti\/servizi-per-il-cittadino-straniero\/visti\/visti-requisiti\/visa-de-reingreso\/","title":{"rendered":"Visto di Reingresso"},"content":{"rendered":"<p>Per informazioni generali su questo tipo di VISTO, si prega di visitare il seguente sito del Governo italiano: <a href=\"http:\/\/vistoperitalia.esteri.it\">vistoperitalia.esteri.it<\/a><\/p>\n<p><strong>A cosa serve e chi pu\u00f2 utilizzarlo?<\/strong><\/p>\n<p>Il Visto di reingresso pu\u00f2 essere richiesto dai cittadini stranieri gi\u00e0 regolarmente residenti in Italia che si trovino temporaneamente in Colombia con il &#8220;Permesso di Soggiorno&#8221; in una delle seguenti condizioni:<\/p>\n<ol>\n<li>Permesso di Soggiorno scaduto da non pi\u00f9 di 60 giorni e di cui il titolare ha chiesto il rinnovo alle autorit\u00e0 italiane nei termini di legge;<\/li>\n<li>&#8220;Permesso di Soggiorno&#8221; scaduto da non pi\u00f9 di 60 giorni e di cui il titolare <strong>non ha richiesto<\/strong> il rinnovo nei termini di legge. Il termine di 60 giorni \u00e8 esteso a 6 mesi in caso di comprovati gravi motivi di salute personale o di un parente stretto (genitori, coniugi, figli).<\/li>\n<li>In corso di validit\u00e0 ma rubato o smarrito.<\/li>\n<\/ol>\n<p><strong>Nota<\/strong>: Il rilascio del visto \u00e8 subordinato all&#8217;autorizzazione da parte della Questura italiana competente per territorio.<\/p>\n<p>Il visto pu\u00f2 essere richiesto <u>sei mesi prima della data di inizio del viaggio<\/u> e fino a 15 giorni lavorativi prima della data del viaggio.<\/p>\n<p><strong>Tipo di visto:<\/strong> visto &#8220;D&#8221; per soggiorni di lunga durata superiori a 90 giorni.<\/p>\n<p><strong>\u00a0REQUISITI<\/strong>: Devono essere presentati seguendo il rigoroso ordine sotto indicato.<\/p>\n<ol>\n<li><a href=\"https:\/\/ambbogota.esteri.it\/wp-content\/uploads\/2023\/11\/Formulario_D_-VistoNazionale_spagnolo.pdf\"><strong>Modulo di richiesta di visto Nazionale<\/strong><\/a> debitamente compilato in tutti i campi e firmato.<\/li>\n<li><strong>Due fotografie<\/strong> (3 cm x 4 cm), sfondo bianco a colore (identiche e recenti), una delle quali deve essere incollata al modulo nella casella corrispondente.<\/li>\n<li><a href=\"https:\/\/ambbogota.esteri.it\/it\/servizi-consolari-e-visti\/servizi-per-il-cittadino-italiano\/diritti-consolari\/\"><strong>Pagamento dei diritti consolari<\/strong><\/a> (portare l&#8217;originale del versamento effettuato sul conto corrente n. 11538667 della Banca GNB Sudameris &#8211; Art. 29. Non si accettano copie o bonifici bancari diretti).<\/li>\n<li><strong>Passaporto valido<\/strong> (con validit\u00e0 di almeno 3 mesi oltre la durata del visto) con almeno due pagine libere e una copia semplice del passaporto (solo la pagina del passaporto contenente i dati personali del titolare).<\/li>\n<li><strong>Carta d&#8217;identit\u00e0 colombiana<\/strong> &#8211; per gli stranieri <em>c\u00e9dula de extranjer\u00eda e visto colombiano<\/em>, in corso di validit\u00e0 (fotocopia ingrandita e leggibile).<\/li>\n<li><strong>A seconda dei casi \u00e8 necessario presentare<\/strong>:\n<ul>\n<li><strong>Nel primo caso<\/strong>: originale e fotocopia del &#8220;Permesso di Soggiorno&#8221; anche se con scadenza non superiore a 60 giorni cos\u00ec come della domanda di rinnovo presentata alla Questura, compresa la fotocopia del versamento effettuato alle Poste Italiane (fotocopia leggibile).<\/li>\n<li><strong>Nel secondo caso<\/strong>: originale e fotocopia del &#8220;Permesso di Soggiorno&#8221; anche se con scadenza non superiore a 60 giorni in caso di gravi motivi di salute personale o di un parente stretto; \u00e8 necessario presentare anche il certificato medico legalizzato e apostillato, insieme all\u2019atto di nascita con il quale si possa verificare la parentela con il familiare malato.<\/li>\n<li><strong>Nel terzo caso<\/strong>: un modulo compilato e firmato che denunci il furto o lo smarrimento del &#8220;Permesso di Soggiorno&#8221; (<a href=\"https:\/\/ambbogota.esteri.it\/wp-content\/uploads\/2023\/11\/Modulo_-Denuncia_Furto_Smarrimento-Permesso-di-Soggiorno.pdf\">vedi modulo<\/a>), una fotocopia del &#8220;Permesso di Soggiorno&#8221;, se disponibile.<\/li>\n<\/ul>\n<\/li>\n<li><strong>Certificato relativo al sistema d\u2019ingressi\/uscite aeroportuali<\/strong> rilasciato da Migraci\u00f3n Colombia, nel caso in cui non sia presente sul passaporto il timbro d\u2019ingresso in Colombia. Tale requisito \u00e8 valido per tutti i casi precedentemente indicati.<\/li>\n<li><strong>Prenotazione di volo<\/strong> di solo andata con destinazione finale Italia.<\/li>\n<\/ol>\n<p><strong><u>NOTE<\/u><\/strong><strong>:<\/strong><\/p>\n<ul>\n<li>La richiesta di visto deve essere presentata presenzialmente dall\u2019interessato.<\/li>\n<li>La procedura \u00e8 strettamente personale. <u>L&#8217;Ambasciata non ha autorizzato alcuna agenzia o intermediario per la richiesta del visto<\/u>.<\/li>\n<li>I tempi di consegna del visto dipendono dai tempi di risposta della Questura italiana incaricata di rilasciare il relativo nulla osta (\u201cNulla Osta\u201d) necessario per la concessione del visto.<\/li>\n<li>La mancata presentazione di uno dei documenti sopra indicati pu\u00f2 comportare il rifiuto della domanda di visto allo sportello. La domanda <u>non potr\u00e0 essere accettata<\/u> se i diritti consolari non sono stati interamente pagati in anticipo direttamente alla banca (vedi <a href=\"https:\/\/ambbogota.esteri.it\/it\/servizi-consolari-e-visti\/servizi-per-il-cittadino-italiano\/diritti-consolari\/\"><strong>diritti consolari<\/strong><\/a>).<\/li>\n<li>L&#8217;Ambasciata d&#8217;Italia si riserva il diritto di richiedere la documentazione aggiuntiva che ritenga necessaria.<\/li>\n<li>La presentazione della documentazione richiesta non comporta necessariamente la concessione del visto. Poich\u00e9 il medesimo \u00e8 una concessione, anche qualora dovessero essere presentati tutti i documenti summenzionati, questo pu\u00f2 essere concesso o rifiutato. In quest&#8217;ultimo caso, verr\u00e0 rilasciato un &#8220;<em><u>Provvedimento di Diniego<\/u><\/em>&#8220;.<\/li>\n<\/ul>\n","protected":false},"excerpt":{"rendered":"Per informazioni generali su questo tipo di VISTO, si prega di visitare il seguente sito del Governo italiano: vistoperitalia.esteri.it A cosa serve e chi pu\u00f2 utilizzarlo? Il Visto di reingresso pu\u00f2 essere richiesto dai cittadini stranieri gi\u00e0 regolarmente residenti in Italia che si trovino temporaneamente in Colombia con il &#8220;Permesso di Soggiorno&#8221; in una delle [&hellip;]","protected":false},"author":5,"featured_media":0,"parent":437,"menu_order":0,"comment_status":"closed","ping_status":"closed","template":"","meta":{"footnotes":""},"class_list":["post-452","page","type-page","status-publish","hentry"],"_links":{"self":[{"href":"https:\/\/ambbogota.esteri.it\/it\/wp-json\/wp\/v2\/pages\/452","targetHints":{"allow":["GET"]}}],"collection":[{"href":"https:\/\/ambbogota.esteri.it\/it\/wp-json\/wp\/v2\/pages"}],"about":[{"href":"https:\/\/ambbogota.esteri.it\/it\/wp-json\/wp\/v2\/types\/page"}],"author":[{"embeddable":true,"href":"https:\/\/ambbogota.esteri.it\/it\/wp-json\/wp\/v2\/users\/5"}],"replies":[{"embeddable":true,"href":"https:\/\/ambbogota.esteri.it\/it\/wp-json\/wp\/v2\/comments?post=452"}],"version-history":[{"count":6,"href":"https:\/\/ambbogota.esteri.it\/it\/wp-json\/wp\/v2\/pages\/452\/revisions"}],"predecessor-version":[{"id":5315,"href":"https:\/\/ambbogota.esteri.it\/it\/wp-json\/wp\/v2\/pages\/452\/revisions\/5315"}],"up":[{"embeddable":true,"href":"https:\/\/ambbogota.esteri.it\/it\/wp-json\/wp\/v2\/pages\/437"}],"wp:attachment":[{"href":"https:\/\/ambbogota.esteri.it\/it\/wp-json\/wp\/v2\/media?parent=452"}],"curies":[{"name":"wp","href":"https:\/\/api.w.org\/{rel}","templated":true}]}}