{"id":455,"date":"2023-08-11T13:24:27","date_gmt":"2023-08-11T18:24:27","guid":{"rendered":"https:\/\/ambbogota.esteri.it\/?page_id=455"},"modified":"2025-07-25T08:40:17","modified_gmt":"2025-07-25T13:40:17","slug":"visa-de-estudio-del-idioma-italiano-y-o-de-otros-cursos","status":"publish","type":"page","link":"https:\/\/ambbogota.esteri.it\/it\/servizi-consolari-e-visti\/servizi-per-il-cittadino-straniero\/visti\/visti-requisiti\/visas-de-estudio\/visa-de-estudio-del-idioma-italiano-y-o-de-otros-cursos\/","title":{"rendered":"Visto di Studio della Lingua Italiana e\/o di Altri Corsi"},"content":{"rendered":"<p>Per informazioni generali su questo tipo di VISTO, si prega di visitare il seguente sito del Governo italiano: <a href=\"http:\/\/vistoperitalia.esteri.it\">vistoperitalia.esteri.it<\/a><\/p>\n<p><strong>\u00a0<\/strong><strong>A cosa serve e chi pu\u00f2 richiederlo<\/strong><\/p>\n<ol>\n<li>Questo visto consente l\u2019ingresso in Italia ai cittadini stranieri residenti in Colombia che desiderino <strong><u>perfezionare<\/u><\/strong> la conoscenza della lingua italiana dal livello B2.<strong> <u>Le richieste di coloro che non hanno nessuna conoscenza della lingua italiana non saranno ricevute.<\/u><\/strong><\/li>\n<li>Consente l&#8217;ingresso anche a coloro che desiderino approfondire la conoscenza di altri tipi di studi\/corsi (es. Moda-Arte-Cucina-Ecc.) purch\u00e9 il corso in questione rappresenti una continuazione di studi precedenti gi\u00e0 svolti in Colombia (questi requisiti non si applicano al visto per Studi Universitari, Scambio, Post-Laurea).<\/li>\n<\/ol>\n<p>Si precisa che <strong>l&#8217;intensit\u00e0 oraria minima di studio in presenza<\/strong> per questo tipo di visto \u00e8 di <strong>20 ore settimanali.<\/strong><\/p>\n<p>Il visto pu\u00f2 essere richiesto <u>sei mesi prima della data di inizio del corso<\/u> e fino a 15 giorni lavorativi prima della data di inizio del corso.<\/p>\n<p><strong>Tipo di visto<\/strong>: &#8220;D&#8221; visto per soggiorni di lunga durata (da pi\u00f9 di 90 giorni fino a 365 giorni).<\/p>\n<p><strong>REQUISITI<\/strong>: Devono essere presentati seguendo il rigoroso ordine sotto indicato.<\/p>\n<ol>\n<li><a href=\"https:\/\/ambbogota.esteri.it\/wp-content\/uploads\/2023\/11\/Formulario_D_-VistoNazionale_spagnolo.pdf\"><strong>Modulo di richiesta di visto Nazionale<\/strong><\/a> debitamente compilato in tutti i campi e firmato.<\/li>\n<li><strong>Due fotografie<\/strong> (3 cm x 4 cm), sfondo bianco a colore (identiche e recenti), una delle quali deve essere incollata al modulo nella casella corrispondente.<\/li>\n<li><a href=\"https:\/\/ambbogota.esteri.it\/it\/servizi-consolari-e-visti\/servizi-per-il-cittadino-italiano\/diritti-consolari\/\"><strong>Pagamento dei diritti consolari<\/strong><\/a> (portare l&#8217;originale del versamento effettuato sul conto corrente n. 11538667 della Banca GNB Sudameris &#8211; Art. 29 Visto di studio. Non si accettano fotocopie o bonifici bancari diretti).<\/li>\n<li><strong>Passaporto valido<\/strong> (con validit\u00e0 di almeno 3 mesi oltre la durata del visto) con almeno due pagine libere e una fotocopia del passaporto (solo la pagina del passaporto contenente i dati personali del titolare).<\/li>\n<li><strong>Carta d&#8217;identit\u00e0 colombiana<\/strong> &#8211; per gli stranieri <em>c\u00e9dula de extranjer\u00eda e visto colombiano<\/em>, in corso di validit\u00e0 (fotocopia ingrandita e leggibile).<\/li>\n<li><strong>Certificato di iscrizione in italiano dell&#8217;Istituto\/Accademia<\/strong> nella quale si svolger\u00e0 il corso di lingua italiana (o di altro corso scelto) con la descrizione del livello (intermedio\/avanzato) che si vuole frequentare, la data di inizio e di fine corso e l\u2019intensit\u00e0 oraria prevista (originale e fotocopia). Nel caso di frequenza di un corso di lingua italiana, la certificazione deve includere anche il livello iniziale e finale del corso.<\/li>\n<li>Per altri corsi diversi dalla lingua italiana (vedi punto B) il richiedente deve presentare il<strong> certificato di iscrizione (vedi punto 6), nel quale si indichi anche la lingua in cui sar\u00e0 tenuto il corso<\/strong> e la documentazione di studio ottenuta in precedenza, debitamente apostillata, dove si dimostri di aver gi\u00e0 acquisito una conoscenza della materia che si desidera perfezionare in Italia.<\/li>\n<li><strong>Certificazione livello B1 di italiano <\/strong>(per coloro che desiderino frequentare corsi di lingua italiana). L&#8217;Ambasciata d&#8217;Italia si riserva il diritto di verificare il livello di conoscenza della lingua italiana durante l&#8217;intervista e di richiedere qualsiasi altra documentazione aggiuntiva che ritenga necessaria. Si precisa che la certificazione non deve avere una data di rilascio superiore a due anni rispetto alla data di presentazione della domanda di visto.<\/li>\n<li><strong>Certificazione ufficiale livello B2 della lingua in cui si svolger\u00e0 il corso<\/strong> (per coloro che desiderino frequentare altri corsi diversi dalla lingua italiana), Se il corso di studi \u00e8 erogato in lingua italiana, tale certificato dovr\u00e0 essere emesso da una delle seguenti entit\u00e0: Istituto Italiano di Cultura; CILS; CELI; PLIDA. In ogni caso, l&#8217;Ambasciata d&#8217;Italia si riserva il diritto di verificare il livello di conoscenza della lingua italiana durante l&#8217;intervista e di richiedere qualsiasi altra documentazione aggiuntiva che ritenga necessaria. Al contrario, se il corso di studi \u00e8 erogato in lingua inglese, il certificato dovr\u00e0 essere emesso esclusivamente da una delle seguenti tre entit\u00e0: TOEFL IBT, MICHIGAN, IELTS. In entrambi i casi, la certificazione non deve avere una data di rilascio superiore a due anni rispetto alla data di presentazione della domanda di visto.<\/li>\n<li><a href=\"https:\/\/ambbogota.esteri.it\/es\/servizi-consolari-e-visti\/servizi-per-il-cittadino-straniero\/declaraciones-de-valor\/\"><strong>Dichiarazione di Valore<\/strong><\/a> (non richiesta per i corsi di lingua italiana): <strong>fotocopia dell&#8217;originale rilasciata dall&#8217;Ufficio Studi dell&#8217;Ambasciata d&#8217;Italia<\/strong>; l&#8217;interessato dovr\u00e0 contattare previamente il predetto Ufficio via e-mail a: <a href=\"mailto:estudios.iicbogota@esteri.it\">estudios.iicbogota@esteri.it<\/a>. Gli studenti che non necessitano della Dichiarazione di Valore, dovranno comunque contattare previamente l&#8217;Ufficio Studi all&#8217;indirizzo e-mail <a href=\"mailto:iicbogota@esteri.it\">iicbogota@esteri.it<\/a> per richiedere la verifica dei loro titoli di studio e ottenere la &#8220;Luce Verde&#8221; che dovr\u00e0 essere presentata il giorno della richiesta del visto. L&#8217;Ufficio Studi valuter\u00e0 caso per caso se \u00e8 necessario fissare un appuntamento in presenza per gli studenti che richiedono la &#8220;Luce Verde&#8221;.<\/li>\n<li><strong>Dimostrazione della disponibilit\u00e0 di mezzi economici<\/strong> (per la durata del primo anno accademico), che deve essere costante nel tempo (non di ultimo momento) <strong><u>e completamente disponibile il giorno di presentazione della domanda di visto<\/u><\/strong> secondo i valori indicati nella Tabella A allegata alla Direttiva del Ministero dell&#8217;Interno Italiano del 01.03.2000, che prevede la disponibilit\u00e0 del seguente importo minimo: <strong>206,58 Euro base + 27,89 Euro x ogni giorno<\/strong> della durata del corso, ad esempio: per i corsi di 365 giorni: 27,89&#215;365+206,58= <strong>10.386,43 Euro<\/strong>) dimostrabili attraverso una delle seguenti opzioni:\n<ol>\n<li><strong>Disponibilit\u00e0 di un conto <em>bancario<\/em><\/strong><em> intestato allo studente o ai genitori*<\/em> in una <u>Banca italiana\/U.E<\/u>** con informazioni aggiornate. Tale disponibilit\u00e0 deve essere dimostrata tramite gli estratti conto bancari degli ultimi sei mesi precedenti la data di presentazione della domanda di visto (in originale, debitamente timbrato dalla Banca emittente &#8211; non sono ammessi documenti scaricati da internet senza i criteri sopra menzionati). Nel caso in cui non siano disponibili gli estratti conti dell\u2019ultimo periodo, si richiede di presentare oltre al certificato dei movimenti bancari dei periodi che non hanno estratto conto bancario, anche il certificato del saldo disponibile del\/dei conto\/i bancario\/i. Non \u00e8 ammessa la dimostrazione economica attraverso il possesso della carta di credito.<\/li>\n<li><strong>Disponibilit\u00e0 di un conto <em>bancario<\/em><\/strong><em> intestato allo studente o ai genitori*<\/em> in una <u>Banca in Colombia<\/u>** con informazioni aggiornate. Tale disponibilit\u00e0 deve essere dimostrata tramite gli estratti conto bancari degli ultimi sei mesi precedenti la data di presentazione della domanda di visto (in originale, debitamente timbrato dalla Banca emittente &#8211; non sono ammessi documenti scaricati da internet senza i criteri sopra menzionati). Nel caso in cui non siano disponibili gli estratti conti dell\u2019ultimo periodo, si richiede di presentare oltre al certificato dei movimenti bancari dei periodi che non hanno estratto conto bancario, anche il certificato del saldo disponibile del\/dei conto\/i bancario\/i. Non \u00e8 ammessa la dimostrazione economica attraverso il possesso della carta di credito.<br \/>\n*Quando le spese siano a carico dei genitori: <u>lettera di impegno dei genitori firmata davanti a un notaio pubblico<\/u> e copia semplice e leggibile dell&#8217;atto di nascita del richiedente visto che dimostri la parentela.<\/li>\n<li><strong>Nel caso la persona sia beneficiaria di una borsa di studio<\/strong> fornita da enti riconosciuti (ad es. Universit\u00e0, Colfuturo, Colciencias, ecc.) la lettera dell&#8217;Ente deve indicare il nome del borsista, lo scopo della borsa di studio e l&#8217;importo esatto assegnato; deve essere sottoscritta dal responsabile dell&#8217;Ente erogatore e accompagnata dalla fotocopia della carta d&#8217;identit\u00e0 dello stesso.<br \/>\n**Si precisa che l&#8217;Ambasciata d&#8217;Italia si riserva il diritto di accettare documentazione di conti bancari attivi in un paese che non sia la Colombia o l&#8217;UE.<\/li>\n<\/ol>\n<\/li>\n<\/ol>\n<ol start=\"12\">\n<li><strong>Dimostrazione della disponibilit\u00e0 di alloggio<\/strong> <strong>attraverso una delle seguenti opzioni:<br \/>\n<\/strong>a.\u00a0 \u00a0Prenotazione di albergo\/residenza che copra le prime 10 notti dall\u2019arrivo in Italia.<br \/>\nb.\u00a0 Lettera di invito sottoscritta da un cittadino italiano\/europeo o da uno straniero regolarmente residente in Italia (vedi <a href=\"https:\/\/ambbogota.esteri.it\/wp-content\/uploads\/2024\/04\/Carta-de-invitacion-por-estudio.pdf\">modulo<\/a>).<\/li>\n<li><strong>Assicurazione sanitaria <\/strong>con copertura di Euro 30.000 negli Stati Schengen per assistenza medica, trasporto sanitario e rimpatrio funebre, almeno per i primi 10 giorni dalla data di partenza dal paese di origine.<\/li>\n<li><strong>Prenotazione di un volo <\/strong>di andata e ritorno con destinazione finale Italia e dimostrazione della disponibilit\u00e0 di mezzi economici per acquistare il biglietto di ritorno in Colombia nel caso venga presentato solo il biglietto di andata. Si precisa che il viaggio deve essere effettuato al massimo 8 giorni prima dell&#8217;inizio del corso.<\/li>\n<\/ol>\n<p><strong>\u00a0<\/strong><strong><u>NOTE:<\/u><\/strong><\/p>\n<ul>\n<li>La richiesta di visto deve essere presentata presenzialmente dall\u2019interessato.<\/li>\n<li>Potranno essere ricevute solo le richieste di visto da <u>persone residenti in Colombia<\/u>.<\/li>\n<li>La procedura \u00e8 strettamente personale. <u>L&#8217;Ambasciata non ha autorizzato alcuna agenzia o intermediario per la richiesta del visto<\/u>.<\/li>\n<li>Il certificato d\u2019iscrizione al corso del punto 6 (di lingua) e 7 (altri corsi), deve sempre essere accompagnata da una fotocopia del documento d&#8217;identit\u00e0 del titolare o del rappresentante dell&#8217;accademia di lingue o di un altro ente che ha emesso il certificato.<\/li>\n<li>La lettera d&#8217;invito (punto 12b) deve essere sempre accompagnata da una fotocopia del documento d&#8217;identit\u00e0 del dichiarante con la firma visibile e una fotocopia del permesso di soggiorno valido, nel caso in cui l&#8217;invitante fosse un cittadino straniero regolarmente residente in Italia.<\/li>\n<li><strong>Non sono accettate garanzie economiche da parte di terzi residenti in Italia o all\u2019estero, che non siano familiari stretti indicati nel punto 11<\/strong>.<\/li>\n<li>La mancata presentazione di uno dei documenti sopra indicati pu\u00f2 comportare il rifiuto della domanda di visto allo sportello. La domanda <u>non potr\u00e0 essere accettata<\/u> se i diritti consolari non sono stati interamente pagati in anticipo direttamente alla banca (vedi <a href=\"https:\/\/ambbogota.esteri.it\/it\/servizi-consolari-e-visti\/servizi-per-il-cittadino-italiano\/diritti-consolari\/\"><strong>diritti consolari<\/strong><\/a>).<\/li>\n<li>L&#8217;Ambasciata d&#8217;Italia si riserva il diritto di verificare il livello di conoscenza della lingua italiana e di richiedere qualsiasi altra documentazione aggiuntiva che ritenga necessaria.<\/li>\n<li>Il visto (se concesso) potr\u00e0 essere rilasciato con una data di validit\u00e0 alcuni giorni prima dell&#8217;inizio degli studi, come indicato nel certificato d\u2019iscrizione al corso. Coloro che desiderino entrare in Italia prima di tale data potranno farlo come turisti (senza visto) per un massimo di 3 mesi se la loro nazionalit\u00e0 rientra tra quelle esentate dalla richiesta di un visto turistico.<\/li>\n<li>La presentazione della documentazione richiesta non comporta necessariamente la concessione del visto. Poich\u00e9 il medesimo \u00e8 una concessione, anche qualora dovessero essere presentati tutti i documenti summenzionati, questo pu\u00f2 essere concesso o rifiutato. In quest&#8217;ultimo caso, verr\u00e0 rilasciato un &#8220;<em><u>Provvedimento di Diniego<\/u><\/em>&#8220;.<\/li>\n<li>Se il visto viene concesso, il titolare, una volta arrivato in Italia, deve richiedere il <em>Permesso di Soggiorno<\/em> alle autorit\u00e0 italiane competenti entro i primi otto giorni lavorativi.<\/li>\n<\/ul>\n","protected":false},"excerpt":{"rendered":"Per informazioni generali su questo tipo di VISTO, si prega di visitare il seguente sito del Governo italiano: vistoperitalia.esteri.it \u00a0A cosa serve e chi pu\u00f2 richiederlo Questo visto consente l\u2019ingresso in Italia ai cittadini stranieri residenti in Colombia che desiderino perfezionare la conoscenza della lingua italiana dal livello B2. Le richieste di coloro che non [&hellip;]","protected":false},"author":5,"featured_media":0,"parent":439,"menu_order":0,"comment_status":"closed","ping_status":"closed","template":"","meta":{"footnotes":""},"class_list":["post-455","page","type-page","status-publish","hentry"],"_links":{"self":[{"href":"https:\/\/ambbogota.esteri.it\/it\/wp-json\/wp\/v2\/pages\/455","targetHints":{"allow":["GET"]}}],"collection":[{"href":"https:\/\/ambbogota.esteri.it\/it\/wp-json\/wp\/v2\/pages"}],"about":[{"href":"https:\/\/ambbogota.esteri.it\/it\/wp-json\/wp\/v2\/types\/page"}],"author":[{"embeddable":true,"href":"https:\/\/ambbogota.esteri.it\/it\/wp-json\/wp\/v2\/users\/5"}],"replies":[{"embeddable":true,"href":"https:\/\/ambbogota.esteri.it\/it\/wp-json\/wp\/v2\/comments?post=455"}],"version-history":[{"count":8,"href":"https:\/\/ambbogota.esteri.it\/it\/wp-json\/wp\/v2\/pages\/455\/revisions"}],"predecessor-version":[{"id":6731,"href":"https:\/\/ambbogota.esteri.it\/it\/wp-json\/wp\/v2\/pages\/455\/revisions\/6731"}],"up":[{"embeddable":true,"href":"https:\/\/ambbogota.esteri.it\/it\/wp-json\/wp\/v2\/pages\/439"}],"wp:attachment":[{"href":"https:\/\/ambbogota.esteri.it\/it\/wp-json\/wp\/v2\/media?parent=455"}],"curies":[{"name":"wp","href":"https:\/\/api.w.org\/{rel}","templated":true}]}}