{"id":461,"date":"2023-08-11T13:28:48","date_gmt":"2023-08-11T18:28:48","guid":{"rendered":"https:\/\/ambbogota.esteri.it\/?page_id=461"},"modified":"2025-07-25T08:58:12","modified_gmt":"2025-07-25T13:58:12","slug":"visa-de-estudio-para-la-inscripcion-en-una-universidad-operante-en-italia","status":"publish","type":"page","link":"https:\/\/ambbogota.esteri.it\/it\/servizi-consolari-e-visti\/servizi-per-il-cittadino-straniero\/visti\/visti-requisiti\/visas-de-estudio\/visa-de-estudio-para-la-inscripcion-en-una-universidad-operante-en-italia\/","title":{"rendered":"Visto di Studio per l&#8217;Iscrizione a un&#8217;Universit\u00e0 Operante in Italia"},"content":{"rendered":"<p>Per informazioni generali su questo tipo di VISTO, si prega di visitare il seguente sito del Governo italiano: <a href=\"http:\/\/vistoperitalia.esteri.it\">vistoperitalia.esteri.it<\/a><\/p>\n<p><strong>A cosa serve e chi pu\u00f2 utilizzarlo<\/strong><\/p>\n<p>Questo visto consente l&#8217;ingresso di cittadini stranieri residenti in Colombia che, in possesso di un diploma, desiderino continuare gli studi Universitari (Laurea Triennale\/Laurea Magistrale\/Master of Science) presso un&#8217;Universit\u00e0 regolarmente operante in Italia.<\/p>\n<p>Il visto pu\u00f2 essere richiesto <u>sei mesi prima della data di inizio del corso<\/u> e fino a 15 giorni lavorativi prima della data di inizio.<\/p>\n<p>Si ricorda che per l&#8217;anno accademico 2025\/2026 la scadenza per la presentazione delle domande di visto \u00e8 il <strong>01 dicembre 2025<\/strong>.<\/p>\n<p>Ogni anno il Ministero dell\u2019Istruzione italiano emette le rispettive indicazioni operative per l\u2019iscrizione, pertanto, prima di richiedere il visto, lo studente deve consultare il sito dell\u2019Ambasciata per avviare le procedure di:<\/p>\n<ol>\n<li><strong><u>preiscrizione<\/u><\/strong> all\u2019Universit\u00e0 italiana prescelta dallo studente (P.U.) attraverso il Portale Universitaly;<\/li>\n<li>rilascio dell\u2019indispensabile <a href=\"https:\/\/ambbogota.esteri.it\/es\/servizi-consolari-e-visti\/servizi-per-il-cittadino-straniero\/declaraciones-de-valor\/\">\u201cDichiarazione di Valore\u201d<\/a> o <strong><u>\u201cLuce verde\u201d<\/u><\/strong> per convalidare gli studi precedentemente effettuati in Colombia.<\/li>\n<\/ol>\n<p><strong>Solo dopo che l\u2019Universit\u00e0 italiana avr\u00e0 accettato la pre-iscrizione (che dovr\u00e0 essere presentata in formato cartaceo e firmata il giorno della richiesta di visto) e l\u2019Ufficio Studi dell\u2019Ambasciata avr\u00e0 rilasciato la \u201cDichiarazione di Valore\u201d o la \u201cLuce Verde\u201d (a seconda del caso), lo studente potr\u00e0 presentarsi per la richiesta di VISTO.<\/strong><\/p>\n<p><strong>Tipo di visto<\/strong>: &#8220;D&#8221; visto per soggiorni di lunga durata (da pi\u00f9 di 90 giorni fino a 365 giorni).<\/p>\n<p><strong>REQUISITI<\/strong>: Devono essere presentati seguendo il rigoroso ordine sotto indicato.<\/p>\n<ol>\n<li><a href=\"https:\/\/ambbogota.esteri.it\/wp-content\/uploads\/2023\/11\/Formulario_D_-VistoNazionale_spagnolo.pdf\"><strong>Modulo di richiesta di visto Nazionale<\/strong><\/a> debitamente compilato in tutti i campi e firmato.<\/li>\n<li><strong>Due fotografie<\/strong> (3 cm x 4 cm), sfondo bianco a colore (identiche e recenti), una delle quali deve essere incollata al modulo nella casella corrispondente.<\/li>\n<li><a href=\"https:\/\/ambbogota.esteri.it\/it\/servizi-consolari-e-visti\/servizi-per-il-cittadino-italiano\/diritti-consolari\/\"><strong>Pagamento dei diritti consolari<\/strong><\/a> (portare l&#8217;originale del versamento effettuato sul conto corrente n. 11538667 della Banca GNB Sudameris &#8211; Art. 29 Visto di studio. Non si accettano fotocopie o bonifici bancari diretti).<\/li>\n<li><strong>Passaporto valido<\/strong> (con validit\u00e0 di almeno 3 mesi oltre la durata del visto) con almeno due pagine libere e una fotocopia del passaporto (solo la pagina del passaporto contenente i dati personali del titolare).<\/li>\n<li><strong>Carta d&#8217;identit\u00e0 colombiana<\/strong> &#8211; per gli stranieri <em>c\u00e9dula de extranjer\u00eda e visto colombiano<\/em>, in corso di validit\u00e0 (fotocopia ingrandita e leggibile).<\/li>\n<li><strong>Pre-iscrizione sul portale Universitaly, in formato cartaceo e firmata<\/strong>.<\/li>\n<li><strong>Lettera di accettazione dell&#8217;Universit\u00e0 italiana<\/strong> con l&#8217;indicazione del corso che si intende seguire, la data di inizio e fine, la sua durata e la specificazione della lingua in cui verr\u00e0 svolto (<u>originale e fotocopia<\/u>).<\/li>\n<li><a href=\"https:\/\/ambbogota.esteri.it\/es\/servizi-consolari-e-visti\/servizi-per-il-cittadino-straniero\/declaraciones-de-valor\/\"><strong>Dichiarazione di Valore<\/strong><\/a>: <strong>fotocopia dell&#8217;originale rilasciata dall&#8217;Ufficio Studi dell&#8217;Ambasciata d&#8217;Italia<\/strong>; l&#8217;interessato dovr\u00e0 contattare previamente il predetto Ufficio via e-mail a: <a href=\"mailto:estudios.iicbogota@esteri.it\">estudios.iicbogota@esteri.it<\/a>. Gli studenti che non necessitano della Dichiarazione di Valore, dovranno comunque contattare previamente l&#8217;Ufficio Studi all\u2019indirizzo e-mail <a href=\"mailto:iicbogota@esteri.it\">iicbogota@esteri.it<\/a> per richiedere la verifica dei loro titoli di studio e ottenere la &#8220;Luce Verde&#8221; che dovr\u00e0 essere presentata il giorno della richiesta del visto. L&#8217;Ufficio Studi valuter\u00e0 caso per caso se \u00e8 necessario fissare un appuntamento in presenza per gli studenti che richiedono la &#8220;Luce Verde&#8221;.<\/li>\n<li><strong>Certificazione ufficiale livello B2 della lingua in cui si svolger\u00e0 il corso<\/strong>. Se il corso di studi \u00e8 erogato in lingua italiana, tale certificato dovr\u00e0 essere emesso da una delle seguenti entit\u00e0: Istituto Italiano di Cultura; CILS; CELI; PLIDA. In ogni caso, l&#8217;Ambasciata d&#8217;Italia si riserva il diritto di verificare il livello di conoscenza della lingua italiana durante l&#8217;intervista e di richiedere qualsiasi altra documentazione aggiuntiva che ritenga necessaria. Al contrario, se il corso di studi \u00e8 erogato in lingua inglese, il certificato dovr\u00e0 essere emesso esclusivamente da una delle seguenti tre entit\u00e0: TOEFL IBT, MICHIGAN, IELTS. In entrambi i casi, la certificazione non deve avere una data di rilascio superiore a due anni rispetto alla data di presentazione della domanda di visto.<\/li>\n<li><strong>Dimostrazione della disponibilit\u00e0 di mezzi economici<\/strong> (per la durata del primo anno accademico), che deve essere costante nel tempo (non di ultimo momento) <strong><u>e completamente disponibile il giorno di presentazione della domanda di visto. <\/u><\/strong>Per l\u2019anno accademico 2024\/2025, la disponibilit\u00e0 economica da dimostrare \u00e8 stata fissata in un importo <strong><u>non inferiore a 534,41 euro per ogni mese, pari a 6.947,33 euro<\/u><\/strong> annui, dimostrabili attraverso una delle seguenti opzioni:\n<ol>\n<li><strong>Disponibilit\u00e0 di un conto <em>bancario<\/em><\/strong><em> intestato allo studente o ai genitori*<\/em> in una <u>Banca italiana\/U.E<\/u>** con informazioni aggiornate. Tale disponibilit\u00e0 deve essere dimostrata tramite gli estratti conto bancari degli ultimi sei mesi precedenti la data di presentazione della domanda di visto (in originale, debitamente timbrato dalla Banca emittente &#8211; non sono ammessi documenti scaricati da internet senza i criteri sopra menzionati). Nel caso in cui non siano disponibili gli estratti conti dell\u2019ultimo periodo, si richiede di presentare oltre al certificato dei movimenti bancari dei periodi che non hanno estratto conto bancario, anche il certificato del saldo disponibile del\/dei conto\/i bancario\/i. Non \u00e8 ammessa la dimostrazione economica attraverso il possesso della carta di credito.<\/li>\n<li><strong>Disponibilit\u00e0 di un conto <em>bancario<\/em><\/strong><em> intestato allo studente o ai genitori*<\/em> in una <u>Banca in Colombia<\/u>** con informazioni aggiornate. Tale disponibilit\u00e0 deve essere dimostrata tramite gli estratti conto bancari degli ultimi sei mesi precedenti la data di presentazione della domanda di visto (in originale, debitamente timbrato dalla Banca emittente &#8211; non sono ammessi documenti scaricati da internet senza i criteri sopra menzionati). Nel caso in cui non siano disponibili gli estratti conti dell\u2019ultimo periodo, si richiede di presentare oltre al certificato dei movimenti bancari dei periodi che non hanno estratto conto bancario, anche il certificato del saldo disponibile del\/dei conto\/i bancario\/i. Non \u00e8 ammessa la dimostrazione economica attraverso il possesso della carta di credito.<br \/>\n*Quando le spese siano a carico dei genitori: <u>lettera di impegno dei genitori firmata davanti a un notaio pubblico<\/u> e copia semplice e leggibile dell&#8217;atto di nascita del richiedente visto che dimostri la parentela.<\/li>\n<li><strong>Nel caso la persona sia beneficiaria di una borsa di studio<\/strong> fornita da enti riconosciuti (ad es. Universit\u00e0, Colfuturo, Colciencias, ecc.) la lettera dell&#8217;Ente deve indicare il nome del borsista, lo scopo della borsa di studio e l&#8217;importo esatto assegnato; deve essere sottoscritta dal responsabile dell&#8217;Ente erogatore e accompagnata dalla fotocopia della carta d&#8217;identit\u00e0 dello stesso.<br \/>\n**Si precisa che l&#8217;Ambasciata d&#8217;Italia si riserva il diritto di accettare documentazione di conti bancari attivi in un paese che non sia la Colombia o l&#8217;UE.<\/li>\n<\/ol>\n<\/li>\n<li><strong>Dimostrazione della disponibilit\u00e0 di alloggio<\/strong> attraverso una delle seguenti opzioni:<br \/>\na.\u00a0 Prenotazione di albergo\/residenza che copra le prime 10 notti dall\u2019arrivo in Italia.<br \/>\nb.\u00a0 Lettera di invito sottoscritta da un cittadino italiano\/europeo o da uno straniero regolarmente residente in Italia (vedi <a href=\"https:\/\/ambbogota.esteri.it\/wp-content\/uploads\/2024\/04\/Carta-de-invitacion-por-estudio.pdf\">modulo<\/a>).<\/li>\n<li><strong>Assicurazione sanitaria <\/strong>con copertura di Euro 30.000 negli Stati Schengen per assistenza medica, trasporto sanitario e rimpatrio funebre, almeno per i primi 10 giorni dalla data di partenza dal paese di origine.<\/li>\n<li><strong>Prenotazione di un volo <\/strong>di andata e ritorno con destinazione finale Italia e dimostrazione della disponibilit\u00e0 di mezzi economici per acquistare il biglietto di ritorno in Colombia nel caso venga presentato solo il biglietto di andata.<strong> Si precisa che il viaggio deve essere effettuato al massimo 8 giorni prima dell&#8217;inizio del corso.<\/strong><\/li>\n<\/ol>\n<p><strong><u>NOTE:<\/u><\/strong><\/p>\n<ul>\n<li>La richiesta di visto deve essere presentata presenzialmente dall\u2019interessato.<\/li>\n<li>Potranno essere ricevute solo le richieste di visto da <u>persone residenti in Colombia<\/u>.<\/li>\n<li>La procedura \u00e8 strettamente personale. <u>L&#8217;Ambasciata non ha autorizzato alcuna agenzia o intermediario per la richiesta del visto<\/u>.<\/li>\n<li>La mancata presentazione di uno dei documenti sopra indicati pu\u00f2 comportare il rifiuto della domanda di visto allo sportello. La domanda <u>non potr\u00e0 essere accettata<\/u> se i diritti consolari non sono stati interamente pagati in anticipo direttamente alla banca (vedi <a href=\"https:\/\/ambbogota.esteri.it\/it\/servizi-consolari-e-visti\/servizi-per-il-cittadino-italiano\/diritti-consolari\/\"><strong>diritti consolari<\/strong><\/a>).<\/li>\n<li><strong>La lettera di invito <\/strong>(punto 11b) deve essere sempre accompagnata da una fotocopia del documento d&#8217;identit\u00e0 del dichiarante con firma visibile e fotocopia del Permesso di soggiorno valido, nel caso in cui<strong> l&#8217;invitante fosse un cittadino straniero regolarmente residente in Italia.<\/strong><\/li>\n<li><strong>Non sono accettate garanzie economiche da parte di terzi residenti in Italia o all\u2019estero, che non siano familiari stretti indicati nel punto 10<\/strong>.<\/li>\n<li>Se il richiedente visto ha un\u2019et\u00e0 compresa tra i 17 e i 18 anni, deve essere anche presentato l\u2019atto di nascita del medesimo.<\/li>\n<li>Se il richiedente visto ha un\u2019et\u00e0 compresa tra i 17 e i 18 anni, i genitori dovranno sottoscrivere dinanzi ad un Ufficio Notarile o dinanzi al funzionario consolare i seguenti moduli presenti nella sezione \u201c<a href=\"https:\/\/ambbogota.esteri.it\/es\/servizi-consolari-e-visti\/servizi-per-il-cittadino-straniero\/visti\/formularios\/\"><em>Modulistica<\/em><\/a><em>\u201d:<br \/>\n<\/em>&#8211; <a href=\"https:\/\/ambbogota.esteri.it\/wp-content\/uploads\/2023\/11\/Autorizacion-Padres-a-Tramitar-la-Visa.pdf\">Autorizaci\u00f3n padres a tramitar la visa<\/a><br \/>\n&#8211; <a href=\"https:\/\/ambbogota.esteri.it\/wp-content\/uploads\/2023\/11\/Declaracion-De-Cesion-De-La-Responsabilidad-Del-La-Menor-a-Tercero-Por-El-Periodo-De-Estancia-En-Italia-por-Estudio.pdf\">Declaraci\u00f3n de cesi\u00f3n de la responsabilidad del\/la menor a tercero por el periodo de estancia en Italia por estudio<\/a><br \/>\n&#8211; <a href=\"https:\/\/ambbogota.esteri.it\/wp-content\/uploads\/2023\/11\/Dichiarazione-Di-Accettazione-Di-Presa-In-Carico-Di-Minore-Per-Studio.pdf\">Dichiarazione di accettazione di presa in carico di minore per studio<\/a><br \/>\n&#8211; <a href=\"https:\/\/ambbogota.esteri.it\/wp-content\/uploads\/2023\/11\/Modelo-B_Menor-de-Edad.pdf\">Modelo B menor de edad<\/a><\/li>\n<li>Se il richiedente visto ha un\u2019et\u00e0 compresa tra i 17 e i 18 anni, deve essere anche presentato il <strong>permesso di uscita dal paese rilasciato da Migraci\u00f3n Colombia<\/strong> e apostillato dal Ministero degli Affari Esteri colombiano (originale e fotocopia).<\/li>\n<li>L&#8217;Ambasciata d&#8217;Italia si riserva il diritto di verificare il livello di conoscenza della lingua italiana e di richiedere qualsiasi altra documentazione aggiuntiva che ritenga necessaria.<\/li>\n<li>Il visto (se concesso) potr\u00e0 essere rilasciato con una data di validit\u00e0 alcuni giorni prima dell&#8217;inizio degli studi, come indicato nella lettera dell&#8217;Universit\u00e0 italiana. Coloro che desiderino entrare in Italia prima di tale data potranno farlo come turisti (senza visto) per un massimo di 3 mesi se la loro nazionalit\u00e0 rientra tra quelle esentate dalla richiesta di un visto turistico.<\/li>\n<li>La presentazione della documentazione richiesta non comporta necessariamente la concessione del visto. Poich\u00e9 il medesimo \u00e8 una concessione, anche qualora dovessero essere presentati tutti i documenti summenzionati, questo pu\u00f2 essere concesso o rifiutato. In quest&#8217;ultimo caso, verr\u00e0 rilasciato un &#8220;<em><u>Provvedimento di Diniego<\/u><\/em>&#8220;.<\/li>\n<li>Se il visto viene concesso, il titolare, una volta arrivato in Italia, deve richiedere il <em>Permesso di Soggiorno<\/em> alle autorit\u00e0 italiane competenti entro i primi otto giorni lavorativi.<\/li>\n<\/ul>\n","protected":false},"excerpt":{"rendered":"Per informazioni generali su questo tipo di VISTO, si prega di visitare il seguente sito del Governo italiano: vistoperitalia.esteri.it A cosa serve e chi pu\u00f2 utilizzarlo Questo visto consente l&#8217;ingresso di cittadini stranieri residenti in Colombia che, in possesso di un diploma, desiderino continuare gli studi Universitari (Laurea Triennale\/Laurea Magistrale\/Master of Science) presso un&#8217;Universit\u00e0 regolarmente [&hellip;]","protected":false},"author":5,"featured_media":0,"parent":439,"menu_order":0,"comment_status":"closed","ping_status":"closed","template":"","meta":{"footnotes":""},"class_list":["post-461","page","type-page","status-publish","hentry"],"_links":{"self":[{"href":"https:\/\/ambbogota.esteri.it\/it\/wp-json\/wp\/v2\/pages\/461","targetHints":{"allow":["GET"]}}],"collection":[{"href":"https:\/\/ambbogota.esteri.it\/it\/wp-json\/wp\/v2\/pages"}],"about":[{"href":"https:\/\/ambbogota.esteri.it\/it\/wp-json\/wp\/v2\/types\/page"}],"author":[{"embeddable":true,"href":"https:\/\/ambbogota.esteri.it\/it\/wp-json\/wp\/v2\/users\/5"}],"replies":[{"embeddable":true,"href":"https:\/\/ambbogota.esteri.it\/it\/wp-json\/wp\/v2\/comments?post=461"}],"version-history":[{"count":9,"href":"https:\/\/ambbogota.esteri.it\/it\/wp-json\/wp\/v2\/pages\/461\/revisions"}],"predecessor-version":[{"id":6742,"href":"https:\/\/ambbogota.esteri.it\/it\/wp-json\/wp\/v2\/pages\/461\/revisions\/6742"}],"up":[{"embeddable":true,"href":"https:\/\/ambbogota.esteri.it\/it\/wp-json\/wp\/v2\/pages\/439"}],"wp:attachment":[{"href":"https:\/\/ambbogota.esteri.it\/it\/wp-json\/wp\/v2\/media?parent=461"}],"curies":[{"name":"wp","href":"https:\/\/api.w.org\/{rel}","templated":true}]}}