{"id":464,"date":"2023-08-11T13:37:18","date_gmt":"2023-08-11T18:37:18","guid":{"rendered":"https:\/\/ambbogota.esteri.it\/?page_id=464"},"modified":"2025-09-05T14:35:44","modified_gmt":"2025-09-05T19:35:44","slug":"visa-de-reagrupacion-familiar-para-hijos","status":"publish","type":"page","link":"https:\/\/ambbogota.esteri.it\/it\/servizi-consolari-e-visti\/servizi-per-il-cittadino-straniero\/visti\/visti-requisiti\/visa-para-familiares\/visa-de-reagrupacion-familiar-para-hijos\/","title":{"rendered":"Visto per Ricongiungimento Familiare per Figli Minorenni"},"content":{"rendered":"<p>Per informazioni generali su questo tipo di VISTO, visitate il seguente sito del Governo italiano: <a href=\"http:\/\/vistoperitalia.esteri.it\/\">vistoperitalia.esteri.it<\/a><\/p>\n<p><strong>A cosa serve e chi pu\u00f2 richiederlo<\/strong><\/p>\n<p>Viene utilizzato per il ricongiungimento familiare tra i genitori (cittadini stranieri regolarmente residenti in Italia) e i figli minorenni residenti in Colombia.<\/p>\n<p>La procedura inizia in Italia, dove il genitore presenta la domanda di ricongiungimento familiare presso la <em>Prefettura<\/em> territorialmente competente. Una volta che la predetta autorit\u00e0 abbia rilasciato il <em>Nulla Osta<\/em>, il minore potr\u00e0 richiedere il visto.<\/p>\n<p>Il visto pu\u00f2 essere richiesto <u>sei mesi prima della data del viaggio<\/u> e fino a 15 giorni lavorativi prima della data del viaggio.<\/p>\n<p><strong>Tipo di visto<\/strong>: \u201cD\u201d visto per soggiorno di lunga durata (da pi\u00f9 di 90 giorni fino a 365 giorni).<\/p>\n<p><strong>\u00a0REQUISITI<\/strong>: Devono essere presentati seguendo il rigoroso ordine sotto indicato.<\/p>\n<ol>\n<li><a href=\"https:\/\/ambbogota.esteri.it\/wp-content\/uploads\/2023\/11\/Formulario_D_-VistoNazionale_spagnolo.pdf\"><strong>Modulo di richiesta di visto Nazionale<\/strong><\/a> debitamente compilato in tutti i campi e firmato.<\/li>\n<li><strong>Due fotografie<\/strong> (3 cm x 4 cm), sfondo bianco a colore (identiche e recenti), una delle quali deve essere incollata al modulo nella casella corrispondente.<\/li>\n<li><a href=\"https:\/\/ambbogota.esteri.it\/it\/servizi-consolari-e-visti\/servizi-per-il-cittadino-italiano\/diritti-consolari\/\"><strong>Pagamento dei diritti consolari<\/strong><\/a> (portare l&#8217;originale del versamento effettuato sul conto corrente n. 11538667 della Banca GNB Sudameris &#8211; Art. 29. Non si accettano fotocopie o bonifici bancari diretti).<\/li>\n<li><strong>Passaporto valido<\/strong> (con validit\u00e0 di almeno 3 mesi oltre la durata del visto) con almeno due pagine libere e una fotocopia del passaporto (solo la pagina del passaporto contenente i dati personali del titolare).<\/li>\n<li><strong>Carta d&#8217;identit\u00e0 colombiana<\/strong> &#8211; per gli stranieri <em>c\u00e9dula de extranjer\u00eda e visto colombiano<\/em>, in corso di validit\u00e0 (fotocopia ingrandita e leggibile).<\/li>\n<li><strong>Fotocopia del <em>&#8220;Nulla Osta&#8221;<\/em><\/strong> rilasciato dalla Prefettura &#8211; S.U.I. (Sportello Unico Immigrazione).<\/li>\n<li><strong>Atto di nascita del minorenne che richiede il visto<\/strong> &#8211; insieme all&#8217;apostilla rilasciata dal Ministero degli Affari Esteri della Colombia. (Originale e fotocopia)<\/li>\n<li><strong>Atto di matrimonio dei genitori, <\/strong>qualora esista il vincolo matrimoniale. Deve essere presentato insieme all&#8217;apostilla rilasciata dal Ministero degli Affari Esteri della Colombia. (Originale e fotocopia).<br \/>\n<strong>Importante:<\/strong> nel caso in cui non esista matrimonio tra i genitori e l&#8217;iscrizione del figlio\/a sia stata effettuata solo da uno di loro, \u00e8 indispensabile che il\/la richiedente del Nulla Osta S.U.I di ricongiungimento familiare abbia dichiarato il minore; in caso contrario il figlio dovr\u00e0 essere riconosciuto. Tale riconoscimento dovr\u00e0 essere registrato nell\u2019Atto di nascita del figlio\/a.<\/li>\n<li><strong>Traduzione in italiano<\/strong> del documento di cui al punto 7 e 8, apostillata dalle autorit\u00e0 locali. <a href=\"https:\/\/ambbogota.esteri.it\/es\/servizi-consolari-e-visti\/servizi-per-il-cittadino-straniero\/traduzione-e-legalizzazione-dei-documenti\/\">https:\/\/ambbogota.esteri.it\/es\/servizi-consolari-e-visti\/servizi-per-il-cittadino-straniero\/traduzione-e-legalizzazione-dei-documenti\/<\/a><\/li>\n<li><strong>Fotocopia del Permesso di soggiorno e del Passaporto <\/strong>(solo della pagina contenente i dati personali) del genitore residente in Italia.<\/li>\n<li><strong>Fotocopia leggibile della Carta d\u2019identit\u00e0 colombiana<\/strong> di entrambi i genitori.<\/li>\n<li><strong>Autorizzazione sottoscritta<\/strong> dai genitori che confermi <strong>che il minore \u00e8 autorizzato a viaggiare e risiedere in Italia<\/strong> (vedi <a href=\"https:\/\/ambbogota.esteri.it\/wp-content\/uploads\/2023\/11\/Modelo-B_Menor-de-Edad_RicongiungimentoFamiliare.pdf\">modulo<\/a> Modelo B menor de edad ricongiungimento familiare). L&#8217;autorizzazione deve essere sottoscritta dinnanzi a un notaio (o al giudice minorile) e apostillata dal Ministero degli Affari Esteri colombiano. In alternativa, se entrambi i genitori si trovano temporaneamente in Colombia, l&#8217;autorizzazione pu\u00f2 essere firmata davanti al funzionario dell&#8217;Ambasciata d\u2019Italia. Nel caso in cui entrambi i genitori si trovino in Italia, l&#8217;autorizzazione deve essere rilasciata davanti a uno dei Consolati del paese di origine operanti in Italia e apostillata dalle autorit\u00e0 competenti in Colombia (originale e copia). In tutti i casi portare con s\u00e9 l&#8217;originale &#8211; che verr\u00e0 restituito &#8211; e la fotocopia che verr\u00e0 conservata agli atti dell&#8217;Ambasciata.<br \/>\n<strong>Importante<\/strong>: \u00e8 fondamentale che sull&#8217;autorizzazione al viaggio compaia la dicitura &#8220;residenza&#8221;. Se non compare, la domanda di visto non sar\u00e0 accettata.<\/li>\n<li><strong>Autorizzazione dei genitori a richiedere il visto per un minore<\/strong> (vedi <a href=\"https:\/\/ambbogota.esteri.it\/wp-content\/uploads\/2023\/11\/Autorizacion-Padres-a-Tramitar-la-Visa.pdf\">modulo<\/a>). L&#8217;autorizzazione deve essere rilasciata davanti a un notaio (o a un giudice minorile) e apostillata dal Ministero degli Affari Esteri colombiano. In alternativa, se entrambi i genitori si trovano temporaneamente in Colombia, tale autorizzazione pu\u00f2 essere firmata davanti al funzionario dell&#8217;Ambasciata d\u2019Italia. Nel caso in cui entrambi i genitori si trovino in Italia, l&#8217;autorizzazione deve essere sottoscritta davanti a uno dei Consolati del paese di origine operanti in Italia e apostillata dalle autorit\u00e0 competenti in Colombia (originale e copia). In ogni caso portare con s\u00e9 l&#8217;originale &#8211; che verr\u00e0 restituito &#8211; e la copia che verr\u00e0 conservata agli atti dell&#8217;Ambasciata.<\/li>\n<li><strong>Permesso di uscita dal paese rilasciato da Migraci\u00f3n Colombia<\/strong> e apostillato dal Ministero degli Affari Esteri colombiano (originale e copia).<\/li>\n<li><strong>I minori che non possano presentarsi con uno o entrambi i genitori<\/strong> per cause di forza maggiore (es. si trovino all\u2019estero) dovranno essere accompagnati da un adulto debitamente autorizzato con una procura legalizzata dal Ministero degli Affari Esteri della Colombia (originale e copia).<\/li>\n<li><strong>Prenotazione<\/strong> di sola andata con destinazione finale Italia.<\/li>\n<\/ol>\n<p><strong><u>NOTE:<\/u><\/strong><\/p>\n<ul>\n<li>La richiesta di visto deve essere presentata presenzialmente dall\u2019interessato e dovr\u00e0 essere presente il minore.<\/li>\n<li>Potranno essere ricevute solo le richieste di visto da <u>persone residenti in Colombia<\/u>.<\/li>\n<li>La procedura \u00e8 strettamente personale. <u>L&#8217;Ambasciata non ha autorizzato alcuna agenzia o intermediario per la richiesta del visto<\/u>.<\/li>\n<li>Si informa che l&#8217;Ufficio Visti non potr\u00e0 ricevere la domanda fintanto che non abbia<strong> ricevuto il Nulla Osta trasmesso dall&#8217;Ufficio S.U.I. (Prefettura in Italia).<\/strong><\/li>\n<li>Si ricorda che il &#8220;<em>Nulla Osta<\/em>&#8221; <strong>ha una validit\u00e0 di 6 mesi<\/strong> (dalla data di emissione del S.U.I.) e <strong>deve essere utilizzato prima della sua scadenza<\/strong>.<\/li>\n<li><strong>L&#8217;Ambasciata pu\u00f2 ricevere richieste di visto da parte di persone che abbiano appena raggiunto la maggiore et\u00e0, purch\u00e9 il &#8220;Nulla Osta&#8221; sia stato rilasciato prima dei 18 anni<\/strong>.<\/li>\n<li>La mancata presentazione di uno dei documenti sopra indicati pu\u00f2 comportare il rifiuto della domanda di visto allo sportello. La domanda <u>non potr\u00e0 essere accettata<\/u> se i diritti consolari non sono stati interamente pagati in anticipo direttamente alla banca (vedi <a href=\"https:\/\/ambbogota.esteri.it\/it\/servizi-consolari-e-visti\/servizi-per-il-cittadino-italiano\/diritti-consolari\/\"><strong>diritti consolari<\/strong><\/a>).<\/li>\n<li>L&#8217;Ambasciata d&#8217;Italia si riserva il diritto di richiedere la documentazione aggiuntiva che ritenga necessaria.<\/li>\n<li>Il visto (se concesso) potr\u00e0 essere rilasciato con una data di validit\u00e0 alcuni giorni prima dell\u2019ingresso in Italia. Coloro che desiderino entrare in Italia prima di tale data potranno entrare come turisti (senza visto) per un massimo di 3 mesi se la loro nazionalit\u00e0 rientra tra quelle esentate dalla richiesta di un visto turistico.<\/li>\n<li>La presentazione della documentazione richiesta non comporta necessariamente la concessione del visto. Poich\u00e9 il medesimo \u00e8 una concessione, anche qualora dovessero essere presentati tutti i documenti summenzionati, questo pu\u00f2 essere concesso o rifiutato. In quest&#8217;ultimo caso, verr\u00e0 rilasciato un &#8220;<em><u>Provvedimento di Diniego<\/u><\/em>&#8220;.<\/li>\n<li>Se il visto viene concesso, il titolare, una volta arrivato in Italia, deve richiedere il <em>Permesso di Soggiorno<\/em> alle autorit\u00e0 italiane competenti entro i primi otto giorni lavorativi.<\/li>\n<\/ul>\n","protected":false},"excerpt":{"rendered":"Per informazioni generali su questo tipo di VISTO, visitate il seguente sito del Governo italiano: vistoperitalia.esteri.it A cosa serve e chi pu\u00f2 richiederlo Viene utilizzato per il ricongiungimento familiare tra i genitori (cittadini stranieri regolarmente residenti in Italia) e i figli minorenni residenti in Colombia. La procedura inizia in Italia, dove il genitore presenta la [&hellip;]","protected":false},"author":5,"featured_media":0,"parent":450,"menu_order":0,"comment_status":"closed","ping_status":"closed","template":"","meta":{"footnotes":""},"class_list":["post-464","page","type-page","status-publish","hentry"],"_links":{"self":[{"href":"https:\/\/ambbogota.esteri.it\/it\/wp-json\/wp\/v2\/pages\/464","targetHints":{"allow":["GET"]}}],"collection":[{"href":"https:\/\/ambbogota.esteri.it\/it\/wp-json\/wp\/v2\/pages"}],"about":[{"href":"https:\/\/ambbogota.esteri.it\/it\/wp-json\/wp\/v2\/types\/page"}],"author":[{"embeddable":true,"href":"https:\/\/ambbogota.esteri.it\/it\/wp-json\/wp\/v2\/users\/5"}],"replies":[{"embeddable":true,"href":"https:\/\/ambbogota.esteri.it\/it\/wp-json\/wp\/v2\/comments?post=464"}],"version-history":[{"count":6,"href":"https:\/\/ambbogota.esteri.it\/it\/wp-json\/wp\/v2\/pages\/464\/revisions"}],"predecessor-version":[{"id":6902,"href":"https:\/\/ambbogota.esteri.it\/it\/wp-json\/wp\/v2\/pages\/464\/revisions\/6902"}],"up":[{"embeddable":true,"href":"https:\/\/ambbogota.esteri.it\/it\/wp-json\/wp\/v2\/pages\/450"}],"wp:attachment":[{"href":"https:\/\/ambbogota.esteri.it\/it\/wp-json\/wp\/v2\/media?parent=464"}],"curies":[{"name":"wp","href":"https:\/\/api.w.org\/{rel}","templated":true}]}}