{"id":466,"date":"2023-08-11T13:37:51","date_gmt":"2023-08-11T18:37:51","guid":{"rendered":"https:\/\/ambbogota.esteri.it\/?page_id=466"},"modified":"2025-01-24T15:44:56","modified_gmt":"2025-01-24T20:44:56","slug":"visa-de-reagrupacion-familiar-entre-conyuges","status":"publish","type":"page","link":"https:\/\/ambbogota.esteri.it\/it\/servizi-consolari-e-visti\/servizi-per-il-cittadino-straniero\/visti\/visti-requisiti\/visa-para-familiares\/visa-de-reagrupacion-familiar-entre-conyuges\/","title":{"rendered":"Visto per Ricongiungimento Familiare tra Coniugi"},"content":{"rendered":"<p>Per informazioni generali su questo tipo di VISTO, visitate il seguente sito del Governo italiano: <a href=\"http:\/\/vistoperitalia.esteri.it\/\">vistoperitalia.esteri.it<\/a><\/p>\n<p><strong>A cosa serve e chi pu\u00f2 richiederlo<\/strong><\/p>\n<p>Questo visto consente ai cittadini stranieri di entrare e risiedere in Italia se desiderano ricongiungersi con il coniuge straniero regolarmente residente in Italia.<\/p>\n<p>La procedura inizia in Italia, dove il coniuge presenta la domanda di ricongiungimento familiare presso la <em>Prefettura<\/em> territorialmente competente. Una volta che la <em>predetta autorit\u00e0<\/em> abbia rilasciato il <em>Nulla Osta<\/em>, il coniuge residente in Colombia \u00e0 richiedere il visto.<\/p>\n<p>Il visto pu\u00f2 essere richiesto <u>sei mesi prima della data del viaggio<\/u> e fino a 15 giorni lavorativi prima della data del viaggio.<\/p>\n<p><strong>Tipo di visto<\/strong>: \u201cD\u201d visto per soggiorno di lunga durata (da pi\u00f9 di 90 giorni fino a 365 giorni).<\/p>\n<p><strong>\u00a0REQUISITI<\/strong>: Devono essere presentati seguendo il rigoroso ordine sotto indicato.<\/p>\n<ol>\n<li><a href=\"https:\/\/ambbogota.esteri.it\/wp-content\/uploads\/2023\/11\/Formulario_D_-VistoNazionale_spagnolo.pdf\"><strong>Modulo di richiesta di visto Nazionale<\/strong><\/a> debitamente compilato in tutti i campi e firmato.<\/li>\n<li><strong>Due fotografie<\/strong> (3 cm x 4 cm), sfondo bianco a colore (identiche e recenti), una delle quali deve essere incollata al modulo nella casella corrispondente.<\/li>\n<li><a href=\"https:\/\/ambbogota.esteri.it\/it\/servizi-consolari-e-visti\/servizi-per-il-cittadino-italiano\/diritti-consolari\/\"><strong>Pagamento dei diritti consolari<\/strong><\/a> (portare l&#8217;originale del versamento effettuato sul conto corrente n. 11538667 della Banca GNB Sudameris &#8211; Art. 29. Non si accettano fotocopie o bonifici bancari diretti).<\/li>\n<li><strong>Passaporto valido<\/strong> (con validit\u00e0 di almeno 3 mesi oltre la durata del visto) con almeno due pagine libere e una fotocopia del passaporto (solo la pagina del passaporto contenente i dati personali del titolare).<\/li>\n<li><strong>Carta d&#8217;identit\u00e0 colombiana<\/strong> &#8211; per gli stranieri <em>c\u00e9dula de extranjer\u00eda e visto colombiano<\/em>, in corso di validit\u00e0 (fotocopia ingrandita e leggibile).<\/li>\n<li><strong>Fotocopia del <em>&#8220;Nulla Osta&#8221;<\/em><\/strong> rilasciato dalla Prefettura &#8211; S.U.I. (Sportello Unico Immigrazione).<\/li>\n<li><strong>Atto di matrimonio<\/strong>. Deve essere presentato insieme all&#8217;apostilla rilasciata dal Ministero degli Affari Esteri della Colombia. (Originale e fotocopia).<\/li>\n<li><strong>Traduzione in italiano<\/strong> del documento di cui al punto 7, apostillata dalle autorit\u00e0 locali. <a href=\"https:\/\/ambbogota.esteri.it\/es\/servizi-consolari-e-visti\/servizi-per-il-cittadino-straniero\/traduzione-e-legalizzazione-dei-documenti\/\">https:\/\/ambbogota.esteri.it\/es\/servizi-consolari-e-visti\/servizi-per-il-cittadino-straniero\/traduzione-e-legalizzazione-dei-documenti\/<\/a><\/li>\n<li><strong>Fotocopia del Permesso di Soggiorno <\/strong>in corso di validit\u00e0 del coniuge residente in Italia.<\/li>\n<li><strong>Fotocopia della Carta d\u2019identit\u00e0 colombiana e del Passaporto <\/strong>del coniuge residente in Italia.<\/li>\n<li><strong>Prenotazione<\/strong> di sola andata con destinazione finale Italia.<\/li>\n<\/ol>\n<p><strong><u>NOTE:<\/u><\/strong><\/p>\n<ul>\n<li>La richiesta di visto deve essere presentata presenzialmente dall\u2019interessato.<\/li>\n<li>Potranno essere ricevute solo le richieste di visto da <u>persone residenti in Colombia<\/u>.<\/li>\n<li>La procedura \u00e8 strettamente personale. <u>L&#8217;Ambasciata non ha autorizzato alcuna agenzia o intermediario per la richiesta del visto<\/u>.<\/li>\n<li>Si informa che l&#8217;Ufficio Visti non potr\u00e0 ricevere la domanda fintanto che non abbia<strong> ricevuto il Nulla Osta trasmesso dall&#8217;Ufficio S.U.I. (Prefettura in Italia).<\/strong><\/li>\n<li>Si ricorda che il &#8220;<em>Nulla Osta<\/em>&#8221; <strong>ha una validit\u00e0 di 6 mesi<\/strong> (dalla data di emissione del S.U.I.) e <strong>deve essere utilizzato prima della sua scadenza<\/strong>.<\/li>\n<li>La mancata presentazione di uno dei documenti sopra indicati pu\u00f2 comportare il rifiuto della domanda di visto allo sportello. La domanda <u>non potr\u00e0 essere accettata<\/u> se i diritti consolari non sono stati interamente pagati in anticipo direttamente alla banca (vedi <a href=\"https:\/\/ambbogota.esteri.it\/it\/servizi-consolari-e-visti\/servizi-per-il-cittadino-italiano\/diritti-consolari\/\"><strong>diritti consolari<\/strong><\/a>).<\/li>\n<li>L&#8217;Ambasciata d&#8217;Italia si riserva il diritto di richiedere la documentazione aggiuntiva che ritenga necessaria.<\/li>\n<li>Il visto (se concesso) potr\u00e0 essere rilasciato con una data di validit\u00e0 alcuni giorni prima dell\u2019ingresso in Italia. Coloro che desiderino entrare in Italia prima di tale data potranno entrare come turisti (senza visto) per un massimo di 3 mesi se la loro nazionalit\u00e0 rientra tra quelle esentate dalla richiesta di un visto turistico.<\/li>\n<li>La presentazione della documentazione richiesta non comporta necessariamente la concessione del visto. Poich\u00e9 il medesimo \u00e8 una concessione, anche qualora dovessero essere presentati tutti i documenti summenzionati, questo pu\u00f2 essere concesso o rifiutato. In quest&#8217;ultimo caso, verr\u00e0 rilasciato un &#8220;<em><u>Provvedimento di Diniego<\/u><\/em>&#8220;.<\/li>\n<li>Se il visto viene concesso, il titolare, una volta arrivato in Italia, deve richiedere il <em>Permesso di Soggiorno<\/em> alle autorit\u00e0 italiane competenti entro i primi otto giorni lavorativi.<\/li>\n<\/ul>\n","protected":false},"excerpt":{"rendered":"Per informazioni generali su questo tipo di VISTO, visitate il seguente sito del Governo italiano: vistoperitalia.esteri.it A cosa serve e chi pu\u00f2 richiederlo Questo visto consente ai cittadini stranieri di entrare e risiedere in Italia se desiderano ricongiungersi con il coniuge straniero regolarmente residente in Italia. La procedura inizia in Italia, dove il coniuge presenta [&hellip;]","protected":false},"author":5,"featured_media":0,"parent":450,"menu_order":0,"comment_status":"closed","ping_status":"closed","template":"","meta":{"footnotes":""},"class_list":["post-466","page","type-page","status-publish","hentry"],"_links":{"self":[{"href":"https:\/\/ambbogota.esteri.it\/it\/wp-json\/wp\/v2\/pages\/466","targetHints":{"allow":["GET"]}}],"collection":[{"href":"https:\/\/ambbogota.esteri.it\/it\/wp-json\/wp\/v2\/pages"}],"about":[{"href":"https:\/\/ambbogota.esteri.it\/it\/wp-json\/wp\/v2\/types\/page"}],"author":[{"embeddable":true,"href":"https:\/\/ambbogota.esteri.it\/it\/wp-json\/wp\/v2\/users\/5"}],"replies":[{"embeddable":true,"href":"https:\/\/ambbogota.esteri.it\/it\/wp-json\/wp\/v2\/comments?post=466"}],"version-history":[{"count":6,"href":"https:\/\/ambbogota.esteri.it\/it\/wp-json\/wp\/v2\/pages\/466\/revisions"}],"predecessor-version":[{"id":5356,"href":"https:\/\/ambbogota.esteri.it\/it\/wp-json\/wp\/v2\/pages\/466\/revisions\/5356"}],"up":[{"embeddable":true,"href":"https:\/\/ambbogota.esteri.it\/it\/wp-json\/wp\/v2\/pages\/450"}],"wp:attachment":[{"href":"https:\/\/ambbogota.esteri.it\/it\/wp-json\/wp\/v2\/media?parent=466"}],"curies":[{"name":"wp","href":"https:\/\/api.w.org\/{rel}","templated":true}]}}