{"id":468,"date":"2023-08-11T13:38:26","date_gmt":"2023-08-11T18:38:26","guid":{"rendered":"https:\/\/ambbogota.esteri.it\/?page_id=468"},"modified":"2025-01-24T15:57:38","modified_gmt":"2025-01-24T20:57:38","slug":"visa-para-reagrupacion-entre-hijos-y-padres-menores-de-65-anos","status":"publish","type":"page","link":"https:\/\/ambbogota.esteri.it\/it\/servizi-consolari-e-visti\/servizi-per-il-cittadino-straniero\/visti\/visti-requisiti\/visa-para-familiares\/visa-para-reagrupacion-entre-hijos-y-padres-menores-de-65-anos\/","title":{"rendered":"Visto per il Ricongiungimento tra Genitori e Figli Residenti in Italia"},"content":{"rendered":"<p>Per informazioni generali su questo tipo di VISTO, visitate il seguente sito del Governo italiano: <a href=\"http:\/\/vistoperitalia.esteri.it\/\">vistoperitalia.esteri.it<\/a><\/p>\n<p><strong>A cosa serve e chi pu\u00f2 richiederlo:<\/strong><\/p>\n<p>Questo visto consente ai cittadini stranieri di entrare e risiedere in Italia per il ricongiungimento familiare tra il <strong>figlio straniero<\/strong> (regolarmente residente in Italia) e <strong>il\/i genitore\/i <\/strong>(regolarmente residente\/i in Colombia) ed <strong>economicamente dipendente dal figlio<\/strong>.<\/p>\n<p>La procedura inizia in Italia, dove il<strong> figlio straniero<\/strong>, presenta la domanda di ricongiungimento familiare presso la <em>Prefettura<\/em> territorialmente competente. Una volta che la <em>predetta autorit\u00e0<\/em> abbia rilasciato il <em>Nulla Osta<\/em>, il genitore residente in Colombia pu\u00f2 richiedere il visto.<\/p>\n<p>Il visto pu\u00f2 essere richiesto <u>sei mesi prima della data del viaggio<\/u> e fino a 15 giorni lavorativi prima della data del viaggio.<\/p>\n<p><strong>Tipo di visto<\/strong>: \u201cD\u201d visto per soggiorno di lunga durata (da pi\u00f9 di 90 giorni fino a 365 giorni).<\/p>\n<p><strong>\u00a0REQUISITI<\/strong>: Devono essere presentati seguendo il rigoroso ordine sotto indicato.<\/p>\n<ol>\n<li><a href=\"https:\/\/ambbogota.esteri.it\/wp-content\/uploads\/2023\/11\/Formulario_D_-VistoNazionale_spagnolo.pdf\"><strong>Modulo di richiesta di visto Nazionale<\/strong><\/a> debitamente compilato in tutti i campi e firmato.<\/li>\n<li><strong>Due fotografie<\/strong> (3 cm x 4 cm), sfondo bianco a colore (identiche e recenti), una delle quali deve essere incollata al modulo nella casella corrispondente.<\/li>\n<li><a href=\"https:\/\/ambbogota.esteri.it\/it\/servizi-consolari-e-visti\/servizi-per-il-cittadino-italiano\/diritti-consolari\/\"><strong>Pagamento dei diritti consolari<\/strong><\/a> (portare l&#8217;originale del versamento effettuato sul conto corrente n. 11538667 della Banca GNB Sudameris &#8211; Art. 29. Non si accettano fotocopie o bonifici bancari diretti).<\/li>\n<li><strong>Passaporto valido<\/strong> (con validit\u00e0 di almeno 3 mesi oltre la durata del visto) con almeno due pagine libere e una fotocopia del passaporto (solo la pagina del passaporto contenente i dati personali del titolare).<\/li>\n<li><strong>Carta d&#8217;identit\u00e0 colombiana<\/strong> &#8211; per gli stranieri <em>c\u00e9dula de extranjer\u00eda e visto colombiano<\/em>, in corso di validit\u00e0 (fotocopia ingrandita e leggibile).<\/li>\n<li><strong>Fotocopia del <em>&#8220;Nulla Osta&#8221;<\/em><\/strong> rilasciato dalla Prefettura &#8211; S.U.I. (Sportello Unico Immigrazione).<\/li>\n<li><strong>Atto di nascita <\/strong>del figlio residente in Italia &#8211; insieme all&#8217;apostilla rilasciata dal Ministero degli Affari Esteri della Colombia. (Originale e fotocopia)<\/li>\n<li><strong>Traduzione in italiano<\/strong> del documento di cui al punto 7, apostillata dalle autorit\u00e0 locali. <a href=\"https:\/\/ambbogota.esteri.it\/es\/servizi-consolari-e-visti\/servizi-per-il-cittadino-straniero\/traduzione-e-legalizzazione-dei-documenti\/\">https:\/\/ambbogota.esteri.it\/es\/servizi-consolari-e-visti\/servizi-per-il-cittadino-straniero\/traduzione-e-legalizzazione-dei-documenti\/<\/a><\/li>\n<li><strong>Fotocopia del Permesso di soggiorno e del Passaporto <\/strong>(solo della pagina contenente i dati personali) del figlio residente in Italia.<\/li>\n<li><strong>Fotocopia leggibile della Carta d\u2019identit\u00e0 colombiana<\/strong> del figlio residente in Italia.<\/li>\n<li><strong>Dichiarazione di composizione del nucleo familiare<\/strong> <strong>del richiedente visto<\/strong> secondo il <a href=\"https:\/\/ambbogota.esteri.it\/wp-content\/uploads\/2023\/11\/Modelo-A.pdf\">modello A<\/a>. Questa dichiarazione pu\u00f2 essere firmata davanti al funzionario consolare o presso uno studio notarile.<\/li>\n<li><strong>Dimostrazione di essere economicamente dipendente dal\/dalla figlio\/a <\/strong>che sta richiedendo il ricongiungimento familiare, attraverso trasferimenti di denaro\/bonifici bancari, dimostrabili e rilevanti (secondo il costo della vita locale), continui, costanti e prolungati per un periodo minimo di due anni. Devono essere presentati gli estratti conto bancari del\/dei conto\/i degli ultimi ventiquattro mesi precedenti alla data di presentazione della richiesta di visto (originali, debitamente timbrati dalla banca emittente &#8211; non sono ammessi documenti scaricati da internet senza i criteri sopra indicati). Nel caso in cui non siano disponibili gli estratti conto dell&#8217;ultimo periodo, si richiede di presentare oltre al certificato dei movimenti bancari dei periodi che non dispongono di estratto conto, il certificato del saldo disponibile del\/dei conto\/i bancario\/i. Non \u00e8 ammesso il supporto della carta di credito.<\/li>\n<li><strong>Prenotazione<\/strong> di sola andata con destinazione finale Italia.<\/li>\n<\/ol>\n<p><strong><u>NOTE:<\/u><\/strong><\/p>\n<ul>\n<li>La richiesta di visto deve essere presentata presenzialmente dall\u2019interessato.<\/li>\n<li>Potranno essere ricevute solo le richieste di visto da <u>persone residenti in Colombia<\/u>.<\/li>\n<li>La procedura \u00e8 strettamente personale. <u>L&#8217;Ambasciata non ha autorizzato alcuna agenzia o intermediario per la richiesta del visto<\/u>.<\/li>\n<li><u>Se i genitori hanno pi\u00f9 di 65 anni e hanno altri figli, deve essere dimostrato che questi ultimi non sono in grado di prendersi cura dei genitori per gravi motivi di salute debitamente documentati.<\/u><\/li>\n<li><u>Per i genitori di et\u00e0 inferiore ai 65 anni, la dipendenza economica pu\u00f2 essere dimostrata se i genitori non hanno altri figli nel Paese di origine o di procedenza.<\/u><\/li>\n<li>Si informa che l&#8217;Ufficio Visti non potr\u00e0 ricevere la domanda fintanto che non abbia<strong> ricevuto il Nulla Osta trasmesso dall&#8217;Ufficio S.U.I. (Prefettura in Italia).<\/strong><\/li>\n<li>Si ricorda che il &#8220;<em>Nulla Osta<\/em>&#8221; <strong>ha una validit\u00e0 di 6 mesi<\/strong> (dalla data di emissione del S.U.I.) e <strong>deve essere utilizzato prima della sua scadenza<\/strong>.<\/li>\n<li>La mancata presentazione di uno dei documenti sopra indicati pu\u00f2 comportare il rifiuto della domanda di visto allo sportello. La domanda <u>non potr\u00e0 essere accettata<\/u> se i diritti consolari non sono stati interamente pagati in anticipo direttamente alla banca (vedi <a href=\"https:\/\/ambbogota.esteri.it\/it\/servizi-consolari-e-visti\/servizi-per-il-cittadino-italiano\/diritti-consolari\/\"><strong>diritti consolari<\/strong><\/a>).<\/li>\n<li>L&#8217;Ambasciata d&#8217;Italia si riserva il diritto di richiedere la documentazione aggiuntiva che ritenga necessaria.<\/li>\n<li>Il visto (se concesso) potr\u00e0 essere rilasciato con una data di validit\u00e0 alcuni giorni prima dell\u2019ingresso in Italia. Coloro che desiderino entrare in Italia prima di tale data potranno entrare come turisti (senza visto) per un massimo di 3 mesi se la loro nazionalit\u00e0 rientra tra quelle esentate dalla richiesta di un visto turistico.<\/li>\n<li>La presentazione della documentazione richiesta non comporta necessariamente la concessione del visto. Poich\u00e9 il medesimo \u00e8 una concessione, anche qualora dovessero essere presentati tutti i documenti summenzionati, questo pu\u00f2 essere concesso o rifiutato. In quest&#8217;ultimo caso, verr\u00e0 rilasciato un &#8220;<em><u>Provvedimento di Diniego<\/u><\/em>&#8220;.<\/li>\n<li>Se il visto viene concesso, il titolare, una volta arrivato in Italia, deve richiedere il <em>Permesso di Soggiorno<\/em> alle autorit\u00e0 italiane competenti entro i primi otto giorni lavorativi.<\/li>\n<\/ul>\n","protected":false},"excerpt":{"rendered":"Per informazioni generali su questo tipo di VISTO, visitate il seguente sito del Governo italiano: vistoperitalia.esteri.it A cosa serve e chi pu\u00f2 richiederlo: Questo visto consente ai cittadini stranieri di entrare e risiedere in Italia per il ricongiungimento familiare tra il figlio straniero (regolarmente residente in Italia) e il\/i genitore\/i (regolarmente residente\/i in Colombia) ed [&hellip;]","protected":false},"author":5,"featured_media":0,"parent":450,"menu_order":0,"comment_status":"closed","ping_status":"closed","template":"","meta":{"footnotes":""},"class_list":["post-468","page","type-page","status-publish","hentry"],"_links":{"self":[{"href":"https:\/\/ambbogota.esteri.it\/it\/wp-json\/wp\/v2\/pages\/468","targetHints":{"allow":["GET"]}}],"collection":[{"href":"https:\/\/ambbogota.esteri.it\/it\/wp-json\/wp\/v2\/pages"}],"about":[{"href":"https:\/\/ambbogota.esteri.it\/it\/wp-json\/wp\/v2\/types\/page"}],"author":[{"embeddable":true,"href":"https:\/\/ambbogota.esteri.it\/it\/wp-json\/wp\/v2\/users\/5"}],"replies":[{"embeddable":true,"href":"https:\/\/ambbogota.esteri.it\/it\/wp-json\/wp\/v2\/comments?post=468"}],"version-history":[{"count":7,"href":"https:\/\/ambbogota.esteri.it\/it\/wp-json\/wp\/v2\/pages\/468\/revisions"}],"predecessor-version":[{"id":5365,"href":"https:\/\/ambbogota.esteri.it\/it\/wp-json\/wp\/v2\/pages\/468\/revisions\/5365"}],"up":[{"embeddable":true,"href":"https:\/\/ambbogota.esteri.it\/it\/wp-json\/wp\/v2\/pages\/450"}],"wp:attachment":[{"href":"https:\/\/ambbogota.esteri.it\/it\/wp-json\/wp\/v2\/media?parent=468"}],"curies":[{"name":"wp","href":"https:\/\/api.w.org\/{rel}","templated":true}]}}