{"id":49,"date":"2023-04-11T18:13:11","date_gmt":"2023-04-11T16:13:11","guid":{"rendered":"https:\/\/ambasciatapraga.esteri.it\/?page_id=49"},"modified":"2026-03-16T12:13:18","modified_gmt":"2026-03-16T17:13:18","slug":"passaporti-e-carte-didentita","status":"publish","type":"page","link":"https:\/\/ambbogota.esteri.it\/it\/servizi-consolari-e-visti\/servizi-per-il-cittadino-italiano\/passaporti-e-carte-didentita\/","title":{"rendered":"Passaporto"},"content":{"rendered":"<h5><strong>Cittadini maggiorenni<\/strong><\/h5>\n<p><strong>\u00a0<\/strong><strong>Prima della richiesta accertare il possesso dei seguenti requisiti:<\/strong><\/p>\n<ol>\n<li>Essere cittadino italiano;<\/li>\n<li>Essere iscritto all\u2019A.I.R.E. (Anagrafe Italiani Residenti all\u2019Estero) come residente nella circoscrizione consolare della Colombia. In caso contrario, l\u2019Ambasciata d\u2019Italia, acquisir\u00e0 il necessario nulla osta\/delega da parte della competente Autorit\u00e0 italiana di residenza;<\/li>\n<li>Aver aggiornato il proprio indirizzo di residenzamediante la piattaforma\u00a0\u201c<a href=\"https:\/\/serviziconsolari.esteri.it\/ScoFE\/index.sco\">Fast It<\/a>\u201c (nel caso in cui il richiedente risieda in Colombia);<\/li>\n<li>Se si \u00e8 in possesso di un passaporto italiano ancora vigente, questo potr\u00e0 essere rinnovato <strong>solo<\/strong> a partire da 6 mesi prima della data di scadenza (salvo casi di comprovata necessit\u00e0).<\/li>\n<\/ol>\n<p><strong>Requisiti al momento della richiesta del passaporto (maggiorenni):<\/strong><\/p>\n<ol>\n<li>Presentarsi di persona;<\/li>\n<li><a href=\"https:\/\/ambbogota.esteri.it\/wp-content\/uploads\/2024\/12\/Formulario-passaporto.pdf\">Modulo<\/a> di domanda\u00a0debitamente compilato e firmato;<\/li>\n<li>passaporto italiano <u>originale<\/u>, scaduto o in scadenza (nel caso di richiesta di primo passaporto, originale di un documento in corso di validit\u00e0);<\/li>\n<li>Fotocopia del passaporto scaduto o in scadenza (nel caso di richiesta di primo passaporto, fotocopia di un documento in corso di validit\u00e0);<\/li>\n<li>Ricevuta originale di pagamento della tassa consolare, o copia della ricevuta elettronica del pagamento effettuato mediante PSE (tale ricevuta dovr\u00e0 indicare il CUS, la data di versamento e il nome del titolare del servizio consolare).<\/li>\n<li><strong>Per le richieste di passaporto presso i Consolati Onorari <\/strong>presentare una fototessera a colori recente con fondo bianco che misuri 3.5cm x 4cm (<a href=\"https:\/\/www.esteri.it\/it\/servizi-consolari-e-visti\/italiani-all-estero\/documenti_di_viaggio\/linee-guida-foto-icao\/\">conforme al formato Icao<\/a>).<\/li>\n<\/ol>\n<p><em><strong>N.B<\/strong>.: La tariffa consolare \u00e8 quella corrispondente all\u2019art. 27 della\u00a0<a href=\"https:\/\/ambbogota.esteri.it\/it\/servizi-consolari-e-visti\/servizi-per-il-cittadino-italiano\/diritti-consolari\/\">tabella dei diritti consolari<\/a>\u00a0alla voce\u00a0<u>rilascio passaporto<\/u>\u00a0(contributo amministrativo + libretto) da effettuare presso il Banco GNB Sudameris (conto corrente n. 11538667, beneficiario: Embajada de Italia\u00a0<a href=\"https:\/\/ambbogota.esteri.it\/it\/servizi-consolari-e-visti\/servizi-per-il-cittadino-italiano\/diritti-consolari\/\">seguendo le istruzioni<\/a>). Le tariffe consolari cambiano trimestralmente, si prega pertanto di verificare l\u2019importo da versare prima di effettuare il pagamento.<\/em><\/p>\n<p><strong>Per connazionali affetti da particolari patologie<\/strong> che impediscano la corretta acquisizione dei dati biometrici (foto, firma e impronte) sar\u00e0 necessario presentare inoltre:<\/p>\n<p><strong>A.<\/strong> Una fototessera a colori recente con fondo bianco che misuri 3.5cm x 4cm (<a href=\"https:\/\/www.esteri.it\/it\/servizi-consolari-e-visti\/italiani-all-estero\/documenti_di_viaggio\/linee-guida-foto-icao\/\">conforme al formato Icao<\/a>);<br \/>\n<strong>B.<\/strong> Certificato medico che attesti la patologia, nell\u2019impossibilit\u00e0 accertata dai funzionari consolari di acquisire i dati biometrici.<\/p>\n<h5><strong><br \/>\nCittadini minori di 18 anni<\/strong><\/h5>\n<p><strong>Prima della richiesta accertare il possesso dei seguenti requisiti:<\/strong><\/p>\n<ol>\n<li>Essere cittadino italiano;<\/li>\n<li>Essere iscritto all\u2019A.I.R.E. (Anagrafe Italiani Residenti all\u2019Estero) come residente nella circoscrizione consolare della Colombia. In caso contrario, l\u2019Ambasciata d\u2019Italia, acquisir\u00e0 il necessario nulla osta\/delega da parte della competente Autorit\u00e0 italiana di residenza;<\/li>\n<li>Aver aggiornato il proprio indirizzo di residenzamediante la piattaforma\u00a0\u201c<a href=\"https:\/\/serviziconsolari.esteri.it\/ScoFE\/index.sco\">Fast It<\/a>\u201c (nel caso in cui il richiedente risieda in Colombia);<\/li>\n<li>Se si \u00e8 in possesso di un passaporto italiano ancora vigente, questo potr\u00e0 essere rinnovato <strong>solo<\/strong> a partire da 6 mesi prima della data di scadenza (salvo casi di comprovata necessit\u00e0).<\/li>\n<\/ol>\n<p><strong>Requisiti al momento della richiesta del passaporto (minorenni):<\/strong><\/p>\n<ol>\n<li>Presentarsi di persona, accompagnato dai due genitori.<br \/>\n&#8211; Nel caso in cui il genitore che non abbia nazionalit\u00e0 italiana\/UE, o non possa presentarsi, dovr\u00e0 autenticare la firma sul documento di assenso al rilascio del passaporto del minore presso l\u2019Autorit\u00e0 italiana del luogo di residenza (Consolato italiano\/Questura). Il genitore italiano\/UE, invece, potr\u00e0 firmare l\u2019assenso al rilascio del passaporto del figlio minore, sottoscrivendolo con la stessa firma che compare nel documento italiano\/UE in corso di validit\u00e0, di cui \u00e8 titolare, e che dovr\u00e0 allegare in copia.<\/li>\n<li><a href=\"https:\/\/ambbogota.esteri.it\/wp-content\/uploads\/2024\/12\/Formulario-passaporto.pdf\">Modulo<\/a> debitamente compilato con i dati del minore e firmato da uno dei due genitori;<\/li>\n<li>Passaporto italiano <strong>originale<\/strong>, scaduto o in scadenza (nel caso di richiesta di primo passaporto, un documento originale in corso di validit\u00e0);<\/li>\n<li>Fotocopia del passaporto scaduto o in scadenza (nel caso di richiesta di primo passaporto, fotocopia di un documento in corso di validit\u00e0);<\/li>\n<li>Fotocopia dei documenti d\u2019identit\u00e0 dei genitori del minore;<\/li>\n<li>Ricevuta originale di pagamento della tassa consolare, o copia della ricevuta elettronica del pagamento effettuato mediante PSE (tale ricevuta dovr\u00e0 indicare il CUS, la data di versamento e il nome del titolare del servizio consolare).<br \/>\n<em><strong>N.B<\/strong>.: La tassa consolare \u00e8 quella corrispondente all\u2019art. 27 della\u00a0<a href=\"https:\/\/ambbogota.esteri.it\/it\/servizi-consolari-e-visti\/servizi-per-il-cittadino-italiano\/diritti-consolari\/\">tabella dei diritti consolari<\/a>\u00a0alla voce\u00a0<u>rilascio passaporto<\/u>\u00a0(contributo amministrativo + libretto) da effettuare presso il Banco GNB Sudameris (conto corrente n. 11538667, beneficiario: Embajada de Italia\u00a0<a href=\"https:\/\/ambbogota.esteri.it\/it\/servizi-consolari-e-visti\/servizi-per-il-cittadino-italiano\/diritti-consolari\/\">seguendo le istruzioni<\/a>). Le tariffe consolari cambiano trimestralmente, si prega pertanto di verificare l\u2019importo da versare prima di effettuare il pagamento.<\/em><\/li>\n<li>L\u2019atto di assenso sottoscritto dai genitori secondo le modalit\u00e0 indicate <a href=\"https:\/\/ambbogota.esteri.it\/it\/servizi-consolari-e-visti\/servizi-per-il-cittadino-italiano\/passaporti-e-carte-didentita\/atto-di-assenso\/\">qui<\/a>;<\/li>\n<li>Per i minorenni alti meno di 110 cm <strong>e per le richieste di passaporto presso i Consolati Onorari<\/strong>: 1 fototessera a colori recente con fondo bianco che misuri 3.5cm x 4cm (<a href=\"https:\/\/www.esteri.it\/it\/servizi-consolari-e-visti\/italiani-all-estero\/documenti_di_viaggio\/linee-guida-foto-icao\/\">conforme al formato Icao<\/a>);<\/li>\n<\/ol>\n<p><strong>Per i minorenni dai 12 ai 17 anni affetti da particolari patologie<\/strong> che impediscano la corretta acquisizione dei dati biometrici (foto, firma e impronte) sar\u00e0 necessario presentare inoltre:<\/p>\n<p><strong>A.<\/strong> Una fototessera a colori recente con fondo bianco che misuri 3.5cm x 4cm (<a href=\"https:\/\/www.esteri.it\/it\/servizi-consolari-e-visti\/italiani-all-estero\/documenti_di_viaggio\/linee-guida-foto-icao\/\">conforme al formato Icao<\/a>);<br \/>\n<strong>B.<\/strong> Certificato medico che attesti la patologia, nell\u2019impossibilit\u00e0 accertata dai funzionari consolari di acquisire i dati biometrici.<\/p>\n<p><em><strong>N.B.<\/strong>: Il passaporto rilasciato ad un minorenne\u00a0<u>non<\/u>\u00a0deve essere rinnovato al raggiungimento della maggiore et\u00e0 in quanto resta valido fino alla data di scadenza dello stesso.<\/em><\/p>\n<p><strong>Dove presentarsi per ottenere il passaporto?<\/strong><\/p>\n<ul>\n<li>In Ambasciata negli\u00a0<a href=\"https:\/\/ambbogota.esteri.it\/it\/servizi-consolari-e-visti\/servizi-per-il-cittadino-italiano\/prenotazioni-servizi-consolari\/\">orari di ricezione del pubblico<\/a>;<\/li>\n<li>Presso la <a href=\"https:\/\/ambbogota.esteri.it\/it\/chi-siamo\/la-rete-consolare\/\">Rete consolare<\/a>. Nel caso si necessiti con urgenza del nuovo passaporto i connazionali dovranno recarsi direttamente all\u2019Ambasciata d\u2019Italia a Bogot\u00e1 negli <a href=\"https:\/\/ambbogota.esteri.it\/it\/servizi-consolari-e-visti\/servizi-per-il-cittadino-italiano\/prenotazioni-servizi-consolari\/\">orari di ricezione del pubblico<\/a>.<\/li>\n<\/ul>\n<p>Per l\u2019emissione del passaporto in favore di <u>cittadini non iscritti all\u2019A.I.R.E. in Colombia<\/u>, l\u2019Ambasciata, <strong>in caso di comprovate situazioni di necessit\u00e0 al rilascio del passaporto<\/strong>, richieder\u00e0 il Nulla Osta\/Delega all\u2019Autorit\u00e0 competente (Questura o Consolato italiano di residenza). <u>In tal caso il passaporto verr\u00e0 rilasciato <strong>solo<\/strong> <strong>dopo<\/strong> aver ottenuto il Nulla Osta\/Delega<\/u>.<\/p>\n<p><em><strong>N.B.:<\/strong> Nel caso in cui non fosse possibile procedere al rilascio del passaporto si potr\u00e0 richiedere un documento di viaggio provvisorio. Consultare al seguente link i requisiti <a href=\"https:\/\/ambbogota.esteri.it\/it\/servizi-consolari-e-visti\/servizi-per-il-cittadino-italiano\/emergency-travel-documents-etd\/\">E.T.D.<\/a> (Emergency Travel Document).<\/em><\/p>\n<p class=\"null\" style=\"margin: 0cm; margin-bottom: .0001pt;\"><span class=\"null1\"><br \/>\nIl <b>rilascio<\/b> del passaporto \u00e8 <b>gratuito<\/b> nei seguenti casi:<\/span><\/p>\n<ul>\n<li class=\"null\"><span class=\"null1\">il richiedente \u00e8 considerato emigrante ai sensi del T.U. 13.11.1919, n. 2205 (convertito in legge 17.04.1925, n. 473). L\u2019art. 10 del T.U. stabilisce che \u201c\u00e8 considerato emigrante, agli effetti delle leggi e regolamenti sull\u2019emigrazione, ogni cittadino che espatri esclusivamente a scopo di lavoro manuale e per esercitare il piccolo traffico o vada a raggiungere il coniuge, gli ascendenti, fratelli, zii, nipoti e gli affini negli stessi gradi, gi\u00e0 emigrati a scopo di lavoro, o ritorni in Paesi esteri ove gi\u00e0 precedentemente sia emigrato nelle condizioni previste dal presente articolo\u201d;<\/span><\/li>\n<li class=\"null\"><span class=\"null1\">il richiedente italiano residente all\u2019estero necessita di rimpatrio consolare o rientra per prestare il servizio militare volontario;<\/span><\/li>\n<li class=\"null\"><span class=\"null1\">il richiedente italiano \u00e8 indigente (al fine di individuare la soglia di indigenza ci si riferisce ai parametri utilizzati per l\u2019assistenza in ciascun Paese. Per maggiori informazioni si suggerisce di contattare il Consolato nella cui circoscrizione territoriale si \u00e8 residenti).<\/span><\/li>\n<li class=\"null\"><span class=\"null1\"> il richiedente italiano \u00e8 un ministro del culto o un religioso missionario (in questo caso deve essere presentata una dichiarazione del superiore, in carta timbrata, attestando che il richiedente \u00e8 religioso missionario, con l\u2019indicazione della sua residenza).<\/span><\/li>\n<\/ul>\n","protected":false},"excerpt":{"rendered":"Cittadini maggiorenni \u00a0Prima della richiesta accertare il possesso dei seguenti requisiti: Essere cittadino italiano; Essere iscritto all\u2019A.I.R.E. (Anagrafe Italiani Residenti all\u2019Estero) come residente nella circoscrizione consolare della Colombia. In caso contrario, l\u2019Ambasciata d\u2019Italia, acquisir\u00e0 il necessario nulla osta\/delega da parte della competente Autorit\u00e0 italiana di residenza; Aver aggiornato il proprio indirizzo di residenzamediante la piattaforma\u00a0\u201cFast [&hellip;]","protected":false},"author":1,"featured_media":0,"parent":47,"menu_order":0,"comment_status":"closed","ping_status":"closed","template":"","meta":{"footnotes":""},"class_list":["post-49","page","type-page","status-publish","hentry"],"_links":{"self":[{"href":"https:\/\/ambbogota.esteri.it\/it\/wp-json\/wp\/v2\/pages\/49","targetHints":{"allow":["GET"]}}],"collection":[{"href":"https:\/\/ambbogota.esteri.it\/it\/wp-json\/wp\/v2\/pages"}],"about":[{"href":"https:\/\/ambbogota.esteri.it\/it\/wp-json\/wp\/v2\/types\/page"}],"author":[{"embeddable":true,"href":"https:\/\/ambbogota.esteri.it\/it\/wp-json\/wp\/v2\/users\/1"}],"replies":[{"embeddable":true,"href":"https:\/\/ambbogota.esteri.it\/it\/wp-json\/wp\/v2\/comments?post=49"}],"version-history":[{"count":9,"href":"https:\/\/ambbogota.esteri.it\/it\/wp-json\/wp\/v2\/pages\/49\/revisions"}],"predecessor-version":[{"id":7567,"href":"https:\/\/ambbogota.esteri.it\/it\/wp-json\/wp\/v2\/pages\/49\/revisions\/7567"}],"up":[{"embeddable":true,"href":"https:\/\/ambbogota.esteri.it\/it\/wp-json\/wp\/v2\/pages\/47"}],"wp:attachment":[{"href":"https:\/\/ambbogota.esteri.it\/it\/wp-json\/wp\/v2\/media?parent=49"}],"curies":[{"name":"wp","href":"https:\/\/api.w.org\/{rel}","templated":true}]}}