{"id":493,"date":"2023-08-11T16:07:50","date_gmt":"2023-08-11T21:07:50","guid":{"rendered":"https:\/\/ambbogota.esteri.it\/?page_id=493"},"modified":"2026-02-05T11:57:37","modified_gmt":"2026-02-05T16:57:37","slug":"cittadinanza-per-matrimonio","status":"publish","type":"page","link":"https:\/\/ambbogota.esteri.it\/it\/servizi-consolari-e-visti\/servizi-per-il-cittadino-straniero\/cittadinanza\/cittadinanza-per-matrimonio\/","title":{"rendered":"Cittadinanza per matrimonio"},"content":{"rendered":"<p>Il coniuge straniero di cittadino italiano pu\u00f2 richiedere la cittadinanza italiana (art. 5 legge n.91\/92) nei seguenti casi:<\/p>\n<ul>\n<li>se risiede in Italia: due anni dopo il matrimonio;<\/li>\n<li>se risiede all\u2019estero: tre anni dopo il matrimonio.<\/li>\n<\/ul>\n<p>I termini indicati si riducono della met\u00e0 in presenza di figli nati o adottati dai coniugi.<\/p>\n<h5><strong>Presentazione della richiesta<\/strong><\/h5>\n<p>Per avviare la pratica di cittadinanza, l\u2019interessato deve obbligatoriamente caricare tutti i documenti indicati di seguito nel\u00a0<a href=\"https:\/\/portaleservizi.dlci.interno.it\/AliCittadinanza\/ali\/home.htm\">portale CIVES<\/a>\u00a0del Ministero dell\u2019Interno:<\/p>\n<ol>\n<li><strong>modulo di richiesta di cittadinanza<\/strong> (Formulario AE compilato automaticamente dal programma) nel quale devono essere riportati tutti gli indirizzi di residenza a partire dal compimento del quattordicesimo anno d\u2019et\u00e0, evitando di lasciare periodi scoperti;<\/li>\n<li><strong>atto di nascita <\/strong>in originale apostillato, tradotto e con apostilla della traduzione. Nell\u2019atto di nascita deve essere riportata l\u2019annotazione del matrimonio vigente con il cittadino\/a italiano\/a e le eventuali annotazioni di precedenti matrimoni e divorzi.<br \/>\nSe il richiedente non \u00e8 nato in Colombia, l\u2019atto di nascita deve essere apostillato e tradotto nel Paese della nascita e legalizzato dal Consolato italiano in loco. Si invita a controllare integralmente i dati riportati nella traduzione prima di caricarla;<\/li>\n<li><strong>documento d\u2019identit\u00e0<\/strong> (copia del passaporto autenticata da un notaio) e copia semplice (senza autentica) del passaporto italiano del coniuge;<\/li>\n<li><strong>estratto per riassunto dell\u2019atto di matrimonio<\/strong> rilasciato dal Comune italiano presso il quale \u00e8 registrato, con data di emissione non anteriore a sei mesi al momento dell\u2019inserimento della domanda nel portale. Se il matrimonio \u00e8 stato celebrato all\u2019estero, ad esempio in Colombia, il coniuge italiano deve aver richiesto preventivamente all\u2019Ambasciata la <a href=\"https:\/\/ambbogota.esteri.it\/it\/servizi-consolari-e-visti\/servizi-per-il-cittadino-italiano\/stato-civile\/registrare-un-matrimonio\/\">trascrizione del matrimonio<\/a>. <u>Attenzione: si deve caricare l\u2019<em>Estratto per riassunto dell\u2019atto di matrimonio<\/em> (o, in alternativa, l\u2019<em>Atto integrale di matrimonio<\/em>), ma non sar\u00e0 possibile accattare il <em>Certificato di matrimonio<\/em><\/u>;<\/li>\n<li><strong>ricevuta di pagamento del contributo di Euro 250,00 <\/strong>da pagare preferibilmente con carta di credito attraverso la piattaforma PagoPA presente all\u2019interno del portale CIVES. In caso di impossibilit\u00e0 ad effettuare il pagamento attraverso PagoPA, \u00e8 possibile effettuarlo mediante bonifico bancario sul conto corrente intestato al MINISTERO DELL\u2019INTERNO D.C.L.I. \u2013 CITTADINANZA \u2013 indicando come causale del versamento: Nome, Cognome, \u201cNaturalizzazione per matrimonio\u201d. Le coordinate bancarie sono: codice IBAN IT54D0760103200000000809020 e codice SWIFT BPPIITRRXXX;<\/li>\n<li><strong>certificato di precedenti penali colombiano<\/strong> apostillato, tradotto e con apostilla della traduzione e di tutti gli eventuali Paesi di residenza in cui il richiedente abbia vissuto a partire dall\u2019et\u00e0 di 14 anni. I certificati penali emessi in Paesi diversi dalla Colombia devono essere apostillati e tradotti nei Paesi in cui vengono rilasciati e legalizzati dai rispettivi Consolati italiani presenti in tali Paesi. I certificati penali non devono essere stati emessi da pi\u00f9 di 6 mesi al momento dell\u2019inserimento della domanda nel portale. La persona che abbia risieduto negli Stati Uniti d\u2019America deve presentare sia il certificato di precedenti penali federale che quello di ogni Stato dove ha risieduto (anche in questo caso apostillati, tradotti e legalizzati). Si invita a controllare integralmente i dati riportati nelle traduzioni prima di caricarle;<\/li>\n<li>certificato di\u00a0<a href=\"https:\/\/ambbogota.esteri.it\/it\/italia-e-colombia\/diplomazia-culturale\/lingua-e-cultura-italiana\/\">Conoscenza della lingua italiana<\/a>\u00a0non inferiore al livello B1 del Quadro comune di riferimento per la conoscenza delle lingue.La conoscenza della lingua italiana si potr\u00e0 dimostrare caricando uno dei seguenti documenti:\n<ul>\n<li><strong>certificato emesso da uno degli enti certificatori<\/strong>:\n<ol>\n<li>Universit\u00e0 degli studi di Roma Tre;<\/li>\n<li>Universit\u00e0 per stranieri di Perugia;<\/li>\n<li>Universit\u00e0 per stranieri di Siena;<\/li>\n<li>Societ\u00e0 Dante Alighieri;<\/li>\n<li>Universit\u00e0 per stranieri &#8220;Dante Alighieri&#8221; di Reggio Calabria.<\/li>\n<\/ol>\n<\/li>\n<\/ul>\n<p>I richiedenti sono tenuti a produrre il certificato definitivo, munito di QR code. NON sar\u00e0 considerato valido il documento riportante il riepilogo delle prove d\u2019esame;<\/p>\n<ul>\n<li><strong>titolo di studio<\/strong> rilasciato da un istituto di istruzione pubblico o paritario riconosciuto dal Ministero dell\u2019Istruzione, dell\u2019Universit\u00e0 e della Ricerca e dal Ministero degli Affari Esteri e della Cooperazione internazionale.<\/li>\n<\/ul>\n<\/li>\n<\/ol>\n<h5><strong>Accettazione della richiesta<\/strong><\/h5>\n<p><strong>\u00a0<\/strong>Dopo aver caricato la domanda nel portale CIVES, l\u2019Ambasciata provveder\u00e0 a verificare la documentazione e, nel caso sia corretta, il richiedente ricever\u00e0 due e-mail:<\/p>\n<ol>\n<li>avviso dell\u2019avvio del procedimento;<\/li>\n<li>convocazione presso gli Uffici dell\u2019Ambasciata per consegnare la documentazione in originale.<\/li>\n<\/ol>\n<p>Una volta ricevute tali e-mail, il richiedente potr\u00e0 recarsi in Ambasciata negli orari di attenzione al pubblico e consegnare i seguenti documenti:<\/p>\n<ol>\n<li>la stampa dell\u2019ultima pagina del modulo AE (gi\u00e0 completamente compilato e prodotto dal portale CIVES), sul quale dovr\u00e0 apporre la firma in presenza del funzionario consolare che provveder\u00e0 ad autenticarla;<\/li>\n<li>gli originali dei documenti caricati nel portale;<\/li>\n<li>la ricevuta di pagamento dell\u2019art. 24, il cui importo \u00e8 rilevabile dalla <a href=\"https:\/\/ambbogota.esteri.it\/it\/servizi-consolari-e-visti\/servizi-per-il-cittadino-italiano\/diritti-consolari\/\">tabella delle tariffe consolari<\/a>.<\/li>\n<\/ol>\n<p>Il codice identificativo della domanda, che viene automaticamente attribuito al momento dell\u2019accettazione della domanda da parte dell\u2019Ambasciata e che viene comunicato al richiedente, permette di controllare personalmente lo stato della richiesta attraverso il link\u00a0<a href=\"http:\/\/www.libertaciviliimmigrazione.dlci.interno.gov.it\/it\/servizi-online\">http:\/\/www.libertaciviliimmigrazione.dlci.interno.gov.it\/it\/servizi-online<\/a>. L\u2019Ambasciata\u00a0<strong><u>non<\/u>\u00a0<\/strong>pu\u00f2 effettuare tale verifica che pu\u00f2 fatta direttamente sul portale solo dall\u2019interessato.<\/p>\n<h5><strong>Esame della richiesta da parte dei Ministeri italiani competenti<\/strong><\/h5>\n<p><strong>\u00a0<\/strong>Dal momento della consegna dei documenti in originale presso l\u2019Ambasciata, la richiesta di cittadinanza verr\u00e0 esaminata dai Ministeri degli Affari Esteri e dell\u2019Interno.<\/p>\n<h5><strong>Emissione del decreto e convocazione al giuramento<\/strong><\/h5>\n<p><strong>\u00a0<\/strong>In caso di esito positivo, viene emesso un decreto di attribuzione della cittadinanza entro 3 anni e l\u2019Ambasciata provveder\u00e0 a comunicare all\u2019interessato la data del giuramento e la documentazione da presentare con comunicazione inviata all\u2019interno del portale CIVES, sempre che nel frattempo non sia intervenuto lo scioglimento, l\u2019annullamento o la cessazione degli effetti civili del matrimonio. Per tale motivo \u00e8 importante che il coniuge italiano mantenga sempre aggiornato l\u2019indirizzo del nucleo famigliare comunicando eventuali variazioni attraverso la\u00a0<a href=\"https:\/\/serviziconsolari.esteri.it\/ScoFE\/index.sco\">piattaforma FAST IT<\/a>.<\/p>\n","protected":false},"excerpt":{"rendered":"Il coniuge straniero di cittadino italiano pu\u00f2 richiedere la cittadinanza italiana (art. 5 legge n.91\/92) nei seguenti casi: se risiede in Italia: due anni dopo il matrimonio; se risiede all\u2019estero: tre anni dopo il matrimonio. I termini indicati si riducono della met\u00e0 in presenza di figli nati o adottati dai coniugi. Presentazione della richiesta Per [&hellip;]","protected":false},"author":4,"featured_media":0,"parent":90,"menu_order":0,"comment_status":"closed","ping_status":"closed","template":"","meta":{"footnotes":""},"class_list":["post-493","page","type-page","status-publish","hentry"],"_links":{"self":[{"href":"https:\/\/ambbogota.esteri.it\/it\/wp-json\/wp\/v2\/pages\/493","targetHints":{"allow":["GET"]}}],"collection":[{"href":"https:\/\/ambbogota.esteri.it\/it\/wp-json\/wp\/v2\/pages"}],"about":[{"href":"https:\/\/ambbogota.esteri.it\/it\/wp-json\/wp\/v2\/types\/page"}],"author":[{"embeddable":true,"href":"https:\/\/ambbogota.esteri.it\/it\/wp-json\/wp\/v2\/users\/4"}],"replies":[{"embeddable":true,"href":"https:\/\/ambbogota.esteri.it\/it\/wp-json\/wp\/v2\/comments?post=493"}],"version-history":[{"count":6,"href":"https:\/\/ambbogota.esteri.it\/it\/wp-json\/wp\/v2\/pages\/493\/revisions"}],"predecessor-version":[{"id":7465,"href":"https:\/\/ambbogota.esteri.it\/it\/wp-json\/wp\/v2\/pages\/493\/revisions\/7465"}],"up":[{"embeddable":true,"href":"https:\/\/ambbogota.esteri.it\/it\/wp-json\/wp\/v2\/pages\/90"}],"wp:attachment":[{"href":"https:\/\/ambbogota.esteri.it\/it\/wp-json\/wp\/v2\/media?parent=493"}],"curies":[{"name":"wp","href":"https:\/\/api.w.org\/{rel}","templated":true}]}}