{"id":527,"date":"2023-08-11T17:04:25","date_gmt":"2023-08-11T22:04:25","guid":{"rendered":"https:\/\/ambbogota.esteri.it\/?page_id=527"},"modified":"2023-08-29T09:43:08","modified_gmt":"2023-08-29T14:43:08","slug":"notifiche","status":"publish","type":"page","link":"https:\/\/ambbogota.esteri.it\/it\/servizi-consolari-e-visti\/servizi-per-il-cittadino-italiano\/notifiche\/","title":{"rendered":"Notifiche"},"content":{"rendered":"<p><strong>Notifica all&#8217;estero di atti giudiziari ed extragiudiziari<\/strong><\/p>\n<p>L&#8217;attivit\u00e0 di notificazione \u00e8 una fase fondamentale dei processi civili, penali, tributari, amministrativi, fallimentari e del lavoro, nonch\u00e9 di alcune fasi pre-processuali o amministrative, che d\u00e0 la conoscenza legale di un provvedimento mediante la consegna di un atto, giudiziario o extragiudiziario, da parte di un particolare soggetto notificatore, secondo precise modalit\u00e0.<\/p>\n<p>Ai sensi dell&#8217;art. 37 del D.Lgs. 71\/2011 l&#8217;Ufficio Consolare provvede alla notifica degli atti ad esso rimessi, in conformit\u00e0 alle disposizioni di cooperazione giudiziaria dell&#8217;UE, alle convenzioni internazionali in materia e alle leggi dello Stato di residenza.<\/p>\n<p>Va effettuata una distinzione tra\u00a0<em>atti civili<\/em>\u00a0e\u00a0<em>atti amministrativi<\/em>.<\/p>\n<p>Per quanto riguarda i primi, la Colombia ha aderito nel 2013 alla convenzione dell&#8217;Aja del 1965, in base alla quale la richiesta di notifica diretta a stranieri (ma anche italiani, quando non si preferisce la via diplomatica) va indirizzata direttamente &#8211; non tramite l&#8217;Ambasciata &#8211; all&#8217;autorit\u00e0 Centrale indicata dal Paese aderente. In questo caso il Ministerio de Relaciones Exteriores &#8211; Direcci\u00f3n de Asuntos Migratorios, Consulares y Servicio al Ciudadano.<\/p>\n<p>Gli atti amministrativi, invece, devono essere inviati direttamente dall&#8217;Italia con plico raccomandato a cura dell&#8217;Ente interessato. In questi casi eventuali richieste che pervengano direttamente all&#8217;Ambasciata possono essere respinte al mittente, a meno che non venga richiesta espressamente la via diplomatica, cui si ricorre a volte quando il primo tentativo per via ordinaria non ha dato buon esito.<\/p>\n<p><strong>In caso di indirizzo sconosciuto non \u00e8 possibile effettuare la notifica dell&#8217;atto all&#8217;estero.<\/strong><\/p>\n<p>Sul sito del MAECI sono presenti delle guide sulla notifica di atti all&#8217;estero, dove si trovano tutti i riferimenti normativi:<\/p>\n<ul>\n<li><a href=\"https:\/\/www.esteri.it\/wp-content\/uploads\/2022\/10\/Guida-notifiche-civili-e-commerciali-2022.pdf\">Notifica all&#8217;estero degli atti giudiziari ed extragiudiziali in materia civile e commerciale<\/a><\/li>\n<li><a href=\"https:\/\/www.esteri.it\/wp-content\/uploads\/2022\/10\/Guida-Notifiche-Amministrative-2022.pdf\">Notifica di atti amministrativi a persone residenti all&#8217;estero<\/a><\/li>\n<li><a href=\"https:\/\/www.esteri.it\/wp-content\/uploads\/2022\/06\/Vademecum-Notifiche-in-Italia-2022.pdf\">Notifica in Italia di atti giudiziari ed extragiudiziali in materia civile-commerciale, amministrativa e penale<\/a><\/li>\n<\/ul>\n<p>Si consiglia inoltre di consultare i seguenti siti ufficiali dei competenti organismi professionali preposti alla trattazione della materia:<\/p>\n<ul>\n<li>sito ufficiale del\u00a0<a href=\"https:\/\/www.notariato.it\/\" target=\"_blank\" rel=\"noopener\">Notariato<\/a>;<\/li>\n<li>sito ufficiale dell\u2019<a href=\"http:\/\/www.auge.it\/\" target=\"_blank\" rel=\"noopener\">Associazione Ufficiali Giudiziari in Europa (AUGE)<\/a>;<\/li>\n<li>sito ufficiale dell\u2019<a href=\"http:\/\/www.anusca.it\/\" target=\"_blank\" rel=\"noopener\">Associazione Nazionale Ufficiali di Stato Civile e d\u2019Anagrafe (ANUSCA)<\/a>.<\/li>\n<\/ul>\n","protected":false},"excerpt":{"rendered":"Notifica all&#8217;estero di atti giudiziari ed extragiudiziari L&#8217;attivit\u00e0 di notificazione \u00e8 una fase fondamentale dei processi civili, penali, tributari, amministrativi, fallimentari e del lavoro, nonch\u00e9 di alcune fasi pre-processuali o amministrative, che d\u00e0 la conoscenza legale di un provvedimento mediante la consegna di un atto, giudiziario o extragiudiziario, da parte di un particolare soggetto notificatore, [&hellip;]","protected":false},"author":4,"featured_media":0,"parent":47,"menu_order":0,"comment_status":"closed","ping_status":"closed","template":"","meta":{"footnotes":""},"class_list":["post-527","page","type-page","status-publish","hentry"],"_links":{"self":[{"href":"https:\/\/ambbogota.esteri.it\/it\/wp-json\/wp\/v2\/pages\/527","targetHints":{"allow":["GET"]}}],"collection":[{"href":"https:\/\/ambbogota.esteri.it\/it\/wp-json\/wp\/v2\/pages"}],"about":[{"href":"https:\/\/ambbogota.esteri.it\/it\/wp-json\/wp\/v2\/types\/page"}],"author":[{"embeddable":true,"href":"https:\/\/ambbogota.esteri.it\/it\/wp-json\/wp\/v2\/users\/4"}],"replies":[{"embeddable":true,"href":"https:\/\/ambbogota.esteri.it\/it\/wp-json\/wp\/v2\/comments?post=527"}],"version-history":[{"count":2,"href":"https:\/\/ambbogota.esteri.it\/it\/wp-json\/wp\/v2\/pages\/527\/revisions"}],"predecessor-version":[{"id":1128,"href":"https:\/\/ambbogota.esteri.it\/it\/wp-json\/wp\/v2\/pages\/527\/revisions\/1128"}],"up":[{"embeddable":true,"href":"https:\/\/ambbogota.esteri.it\/it\/wp-json\/wp\/v2\/pages\/47"}],"wp:attachment":[{"href":"https:\/\/ambbogota.esteri.it\/it\/wp-json\/wp\/v2\/media?parent=527"}],"curies":[{"name":"wp","href":"https:\/\/api.w.org\/{rel}","templated":true}]}}