{"id":535,"date":"2023-08-14T10:43:31","date_gmt":"2023-08-14T15:43:31","guid":{"rendered":"https:\/\/ambbogota.esteri.it\/?page_id=535"},"modified":"2023-08-14T12:51:53","modified_gmt":"2023-08-14T17:51:53","slug":"smarrimento-o-furto-del-passaporto-e-documento-di-viaggio-provvisorio-e-t-d","status":"publish","type":"page","link":"https:\/\/ambbogota.esteri.it\/it\/servizi-consolari-e-visti\/servizi-per-il-cittadino-italiano\/passaporti-e-carte-didentita\/smarrimento-o-furto-del-passaporto-e-documento-di-viaggio-provvisorio-e-t-d\/","title":{"rendered":"Smarrimento o furto del passaporto"},"content":{"rendered":"<p>In caso di\u00a0<strong>furto<\/strong> del passaporto e\/o di altri documenti di riconoscimento italiani, gli interessati possono recarsi in Ambasciata negli orari di attenzione al pubblico\u00a0e presentare la denuncia di furto rilasciata da qualsiasi Sede de la \u201cUnidad de Reacci\u00f3n Inmediata (URI) della \u201cFiscal\u00eda General de la Naci\u00f3n\u201d, da una \u201cInspecci\u00f3n de Polic\u00eda\u201d o dall\u2019 \u201cUnidad de denuncia de Polic\u00eda\u201d.<\/p>\n<p>Link:\u00a0<a href=\"https:\/\/www.fiscalia.gov.co\/colombia\/servicios-de-informacion-al-ciudadano\/donde-y-como-denunciar\/\">D\u00f3nde y c\u00f3mo denunciar | Fiscal\u00eda General de la Naci\u00f3n (fiscalia.gov.co)<\/a><\/p>\n<p>Se il passaporto e altri documenti di riconoscimento italiani appartenevano ad un\u00a0<strong>minore<\/strong>, la denuncia deve essere presentata dai genitori (o da chi esercita la patria potest\u00e0). \u00c8 fondamentale indicare il numero del passaporto al quale si riferisce la denuncia.<\/p>\n<p>In caso di\u00a0<strong>smarrimento<\/strong> del passaporto e\/o di altri documenti di riconoscimento italiani, gli interessati <a href=\"https:\/\/ambbogota.esteri.it\/it\/servizi-consolari-e-visti\/servizi-per-il-cittadino-italiano\/prenotazioni-servizi-consolari\/\">possono recarsi in Ambasciata negli orari di attenzione al pubblico<\/a> e la relativa\u00a0<strong>denuncia di smarrimento verr\u00e0 effettuata dall\u2019interessato direttamente presso la Cancelleria Consolare il giorno dell\u2019appuntamento<\/strong>.<\/p>\n<p>Se il passaporto o altri documenti di riconoscimento italiani appartenevano ad un\u00a0<strong>minore<\/strong>, la denuncia deve essere presentata dai genitori presso la Cancelleria Consolare il giorno dell\u2019appuntamento (o da chi esercita la patria potest\u00e0). \u00c8 fondamentale indicare il numero del passaporto al quale si riferisce la denuncia.<\/p>\n<p><a href=\"https:\/\/ambbogota.esteri.it\/wp-content\/uploads\/2023\/08\/modulo__denuncia_furto_smarrimento_passaporto.docx\">Modulo di denuncia per furto\/smarrimento<\/a>\u00a0da <strong>sottoscrivere in presenza del funzionario consolare<\/strong>.<\/p>\n","protected":false},"excerpt":{"rendered":"In caso di\u00a0furto del passaporto e\/o di altri documenti di riconoscimento italiani, gli interessati possono recarsi in Ambasciata negli orari di attenzione al pubblico\u00a0e presentare la denuncia di furto rilasciata da qualsiasi Sede de la \u201cUnidad de Reacci\u00f3n Inmediata (URI) della \u201cFiscal\u00eda General de la Naci\u00f3n\u201d, da una \u201cInspecci\u00f3n de Polic\u00eda\u201d o dall\u2019 \u201cUnidad de [&hellip;]","protected":false},"author":4,"featured_media":0,"parent":49,"menu_order":0,"comment_status":"closed","ping_status":"closed","template":"","meta":{"footnotes":""},"class_list":["post-535","page","type-page","status-publish","hentry"],"_links":{"self":[{"href":"https:\/\/ambbogota.esteri.it\/it\/wp-json\/wp\/v2\/pages\/535","targetHints":{"allow":["GET"]}}],"collection":[{"href":"https:\/\/ambbogota.esteri.it\/it\/wp-json\/wp\/v2\/pages"}],"about":[{"href":"https:\/\/ambbogota.esteri.it\/it\/wp-json\/wp\/v2\/types\/page"}],"author":[{"embeddable":true,"href":"https:\/\/ambbogota.esteri.it\/it\/wp-json\/wp\/v2\/users\/4"}],"replies":[{"embeddable":true,"href":"https:\/\/ambbogota.esteri.it\/it\/wp-json\/wp\/v2\/comments?post=535"}],"version-history":[{"count":5,"href":"https:\/\/ambbogota.esteri.it\/it\/wp-json\/wp\/v2\/pages\/535\/revisions"}],"predecessor-version":[{"id":787,"href":"https:\/\/ambbogota.esteri.it\/it\/wp-json\/wp\/v2\/pages\/535\/revisions\/787"}],"up":[{"embeddable":true,"href":"https:\/\/ambbogota.esteri.it\/it\/wp-json\/wp\/v2\/pages\/49"}],"wp:attachment":[{"href":"https:\/\/ambbogota.esteri.it\/it\/wp-json\/wp\/v2\/media?parent=535"}],"curies":[{"name":"wp","href":"https:\/\/api.w.org\/{rel}","templated":true}]}}