{"id":538,"date":"2023-08-14T10:54:06","date_gmt":"2023-08-14T15:54:06","guid":{"rendered":"https:\/\/ambbogota.esteri.it\/?page_id=538"},"modified":"2025-04-15T14:34:54","modified_gmt":"2025-04-15T19:34:54","slug":"viaggi-dei-minori-non-accompagnati","status":"publish","type":"page","link":"https:\/\/ambbogota.esteri.it\/it\/servizi-consolari-e-visti\/servizi-per-il-cittadino-italiano\/passaporti-e-carte-didentita\/viaggi-dei-minori-non-accompagnati\/","title":{"rendered":"Viaggi di minori non accompagnati"},"content":{"rendered":"<div id=\"tw-target-text-container\" class=\"tw-ta-container F0azHf tw-nfl\" tabindex=\"0\">\n<p>Nel caso di viaggi all\u2019estero di minori italiani di et\u00e0 inferiore agli anni 14 (non accompagnati da almeno uno dei due genitori o da chi ne fa le veci), \u00e8 necessario richiedere una menzione sul passaporto italiano o una dichiarazione di accompagnamento.<\/p>\n<p>Alla dichiarazione vanno allegati i seguenti documenti:<\/p>\n<ul>\n<li>copia del documento d\u2019identit\u00e0 che il minore utilizzer\u00e0 per il viaggio;<\/li>\n<li>copia dei documenti d\u2019identit\u00e0 dei genitori (o esercenti potest\u00e0 tutoria);<\/li>\n<li>copia dei documenti d\u2019identit\u00e0 degli accompagnatori;<\/li>\n<li>prenotazione o biglietto di viaggio (con indicazione dell\u2019itinerario).<\/li>\n<\/ul>\n<p>La dichiarazione pu\u00f2 essere presentata:<\/p>\n<ul>\n<li>per posta elettronica: inviando un\u2019e-mail a\u00a0<a href=\"mailto:bogota.consolare@esteri.it\">bogota.consolare@esteri.it<\/a>\u00a0indicando nell\u2019oggetto \u201cViaggio minori accompagnati\u201d e allegando un documento d\u2019identit\u00e0 in corso di validit\u00e0;<\/li>\n<li>attraverso uno dei nostri\u00a0<a href=\"https:\/\/ambbogota.esteri.it\/it\/chi-siamo\/la-rete-consolare\/\">Consolati Onorari in Colombia<\/a>;<\/li>\n<li>di persona in Ambasciata, negli orari di ricezione del pubblico.<\/li>\n<\/ul>\n<p>L\u2019Ambasciata pu\u00f2 comunque richiedere, in casi specifici, la presenza fisica degli esercenti la potest\u00e0 genitoriale.<\/p>\n<p>I genitori o gli esercenti la potest\u00e0 genitoriale dovranno presentare una dichiarazione all\u2019Autorit\u00e0 competente al rilascio del passaporto (fare clic <a href=\"https:\/\/ambbogota.esteri.it\/wp-content\/uploads\/2023\/12\/Dichiarazione_accompagnamento.pdf\">qui <\/a>per scaricare il modulo dichiarazione accompagnamento minori), che \u00e8 di norma quella nella cui circoscrizione risiede il richiedente (Questura o Consolato), nella quale indicano il nome della\/e persona\/e o dell\u2019ente cui il minore \u00e8 affidato, chiedendo che la menzione venga apposta sul passaporto del minore o in un\u2019attestazione separata.<\/p>\n<p>La dichiarazione \u00e8 di norma valida per un solo viaggio (da intendersi come andata e\/o ritorno) fuori dal Paese di residenza del minore infra-quattordicenne, con destinazione determinata. Il termine massimo di validit\u00e0 della dichiarazione (entro cui devono essere ricomprese la data di partenza e di rientro) \u00e8 di 6 mesi. La validit\u00e0 non pu\u00f2 comunque superare la data di scadenza del passaporto del minore.<\/p>\n<p>Nel caso di viaggi che prevedono l\u2019attraversamento di diversi Stati, spetta ai genitori o di che ne fa le veci \u2013 sulla base delle modalit\u00e0 del viaggio stesso \u2013 indicare solo il Paese di destinazione finale o tutti i singoli Paesi visitati.<\/p>\n<p>Nel caso di affidamento ad un ente o compagnia di trasporto non \u00e8 possibile la menzione sul passaporto e verr\u00e0 rilasciata la sola attestazione.<\/p>\n<p>La dichiarazione \u00e8 gratuita. Le eventuali spese di spedizione a domicilio dell\u2019attestato o del passaporto sono a carico dei richiedenti.<\/p>\n<\/div>\n","protected":false},"excerpt":{"rendered":"Nel caso di viaggi all\u2019estero di minori italiani di et\u00e0 inferiore agli anni 14 (non accompagnati da almeno uno dei due genitori o da chi ne fa le veci), \u00e8 necessario richiedere una menzione sul passaporto italiano o una dichiarazione di accompagnamento. Alla dichiarazione vanno allegati i seguenti documenti: copia del documento d\u2019identit\u00e0 che il [&hellip;]","protected":false},"author":4,"featured_media":0,"parent":49,"menu_order":0,"comment_status":"closed","ping_status":"closed","template":"","meta":{"footnotes":""},"class_list":["post-538","page","type-page","status-publish","hentry"],"_links":{"self":[{"href":"https:\/\/ambbogota.esteri.it\/it\/wp-json\/wp\/v2\/pages\/538","targetHints":{"allow":["GET"]}}],"collection":[{"href":"https:\/\/ambbogota.esteri.it\/it\/wp-json\/wp\/v2\/pages"}],"about":[{"href":"https:\/\/ambbogota.esteri.it\/it\/wp-json\/wp\/v2\/types\/page"}],"author":[{"embeddable":true,"href":"https:\/\/ambbogota.esteri.it\/it\/wp-json\/wp\/v2\/users\/4"}],"replies":[{"embeddable":true,"href":"https:\/\/ambbogota.esteri.it\/it\/wp-json\/wp\/v2\/comments?post=538"}],"version-history":[{"count":6,"href":"https:\/\/ambbogota.esteri.it\/it\/wp-json\/wp\/v2\/pages\/538\/revisions"}],"predecessor-version":[{"id":6323,"href":"https:\/\/ambbogota.esteri.it\/it\/wp-json\/wp\/v2\/pages\/538\/revisions\/6323"}],"up":[{"embeddable":true,"href":"https:\/\/ambbogota.esteri.it\/it\/wp-json\/wp\/v2\/pages\/49"}],"wp:attachment":[{"href":"https:\/\/ambbogota.esteri.it\/it\/wp-json\/wp\/v2\/media?parent=538"}],"curies":[{"name":"wp","href":"https:\/\/api.w.org\/{rel}","templated":true}]}}