{"id":571,"date":"2023-08-14T11:40:47","date_gmt":"2023-08-14T16:40:47","guid":{"rendered":"https:\/\/ambbogota.esteri.it\/?page_id=571"},"modified":"2023-08-14T11:42:08","modified_gmt":"2023-08-14T16:42:08","slug":"spid-sistema-pubblico-di-identita-digitale","status":"publish","type":"page","link":"https:\/\/ambbogota.esteri.it\/it\/servizi-consolari-e-visti\/servizi-per-il-cittadino-italiano\/codice-fiscale\/spid-sistema-pubblico-di-identita-digitale\/","title":{"rendered":"SPID (Sistema Pubblico di Identit\u00e0 Digitale)"},"content":{"rendered":"<p><strong>Attenzione:<\/strong>\u00a0dal 1 aprile 2026 l\u2019accesso ai servizi consolari on line avr\u00e0 luogo solo con identit\u00e0 digitale pubblica. Richiedi le tue credenziali entro il 31 dicembre 2025.<\/p>\n<p><strong>Cos\u2019\u00e8 lo SPID (Sistema Pubblico di Identit\u00e0 Digitale)<\/strong><\/p>\n<p>Lo SPID, Sistema Pubblico di Identit\u00e0 Digitale, \u00e8 la soluzione che permette di accedere ai servizi online della Pubblica Amministrazione e dei soggetti privati aderenti con un&#8217;unica Identit\u00e0 Digitale (username e password) utilizzabile in modo semplice e sicuro da computer, tablet e smartphone, ogni volta che, su un sito o un\u2019app di servizi, trovi il pulsante \u201cEntra con SPID\u201d.<\/p>\n<p><strong>\u00c8 gratuito?<\/strong><\/p>\n<p>Si\u2019, l\u2019utilizzo dello SPID \u00e8 gratuito. Anche richiedere lo SPID \u00e8 gratuito, ma alcune forme di riconoscimento da parte degli operatori potrebbero essere a pagamento. Una volta ottenuto, nessun costo o canone verr\u00e0 richiesto.<\/p>\n<p><strong>Chi pu\u00f2 richiedere lo SPID?<\/strong><\/p>\n<p>Tutti i cittadini maggiorenni, in possesso di un documento italiano in corso di validit\u00e0, possono attivare lo SPID rivolgendosi ad uno dei gestori dell\u2019identit\u00e0 digitale riconosciuti dall\u2019Agenzia per l\u2019Italia Digitale e scegliendo tra diverse modalit\u00e0 di riconoscimento.<\/p>\n<p><strong>A chi rivolgersi per ottenere lo SPID?<\/strong><\/p>\n<p>Puoi rivolgerti ad uno dei gestori di identit\u00e0 digitale accreditati dall\u2019Agenzia per l\u2019Italia Digitale. Trovi tutte le procedure di attivazione alla pagina\u00a0<strong><a href=\"https:\/\/www.spid.gov.it\/cos-e-spid\/come-attivare-spid\/\">Richiedi SPID<\/a><\/strong>.<\/p>\n<p><strong>Quali documenti mi servono?<\/strong><\/p>\n<p>Per richiedere e ottenere le tue credenziali SPID avrai bisogno di:<\/p>\n<ul>\n<li>un indirizzo e-mail<\/li>\n<li>il numero di telefono del cellulare che usi normalmente (anche straniero)<\/li>\n<li>un documento di identit\u00e0 italiano valido (uno tra: carta di identit\u00e0, passaporto, patente). Durante la registrazione pu\u00f2 essere necessario fotografarli e allegarli al form che compilerai<\/li>\n<li>il codice fiscale (in assenza di codice fiscale, \u00e8 possibile farne richiesta all\u2019ufficio consolare. Clicca\u00a0<strong><a href=\"https:\/\/ambbogota.esteri.it\/it\/servizi-consolari-e-visti\/servizi-per-il-cittadino-italiano\/codice-fiscale\/\">qui<\/a><\/strong>\u00a0per sapere come richiederlo in questo Consolato)<\/li>\n<\/ul>\n<p><strong>Cosa fare per ottenere lo SPID?<\/strong><\/p>\n<p>Scegli uno tra gli Identity provider (<a href=\"https:\/\/www.spid.gov.it\/richiedi-spid\">https:\/\/www.spid.gov.it\/richiedi-spid<\/a>) e registrati sul loro sito.<\/p>\n<p>La registrazione consiste in 3 step:<\/p>\n<ol>\n<li>Inserisci i dati anagrafici<\/li>\n<li>Crea le tue credenziali SPID<\/li>\n<li>Effettua il riconoscimento a scelta tra le diverse modalit\u00e0:<\/li>\n<\/ol>\n<ul>\n<li>\n<ul>\n<li>di persona presso gli uffici dei gestori di identit\u00e0 digitale (identity provider);<\/li>\n<li>online (via webcam con operatore messo a disposizione dal provider o con un selfie audio-video insieme al versamento di un bonifico bancario);<\/li>\n<li>con Carta d&#8217;Identit\u00e0 Elettronica (CIE) o passaporto elettronico, identificandosi attraverso le app dei gestori scaricabili dagli store;<\/li>\n<li>con Carta Nazionale dei Servizi (CNS): \u00e8 possibile usare anche la tessera sanitaria;<\/li>\n<li>con firma digitale con l\u2019ausilio di un lettore (ad esempio la smart card) e del relativo pin.<\/li>\n<\/ul>\n<\/li>\n<\/ul>\n<p>I tempi di rilascio dell&#8217;identit\u00e0 digitale dipendono dai singoli Identity Provider.<\/p>\n<p><strong>Come scegliere tra i diversi Identity Provider?<\/strong><\/p>\n<p>Gli Identity Provider forniscono diverse modalit\u00e0 di registrazione gratuitamente o a pagamento e i rispettivi SPID hanno diversi livelli di sicurezza.<\/p>\n<p>La tabella qui riportata (<a href=\"https:\/\/www.spid.gov.it\/cos-e-spid\/come-scegliere-tra-gli-idp\/\">https:\/\/www.spid.gov.it\/cos-e-spid\/come-scegliere-tra-gli-idp\/<\/a>) fornisce un quadro aggiornato della situazione. In particolare, si consiglia di soffermarsi sui seguenti parametri.<\/p>\n<ul>\n<li>Scegli la modalit\u00e0 di riconoscimento che ti risulta pi\u00f9 comoda (di persona, tramite Carta d\u2019Identit\u00e0 Elettronica (CIE)*, Carta Nazionale dei Servizi (CNS), Passaporto biometrico, Firma Digitale o tramite webcam).<\/li>\n<li>Scegli sulla base del livello di sicurezza di SPID che ti serve.<\/li>\n<li>Se sei gi\u00e0 cliente di uno degli Identity Provider, potresti avere un flusso di registrazione semplificato.<\/li>\n<li>Se sei un cittadino italiano residente all\u2019estero, fai attenzione a chi offre il servizio per l\u2019estero: scegli l\u2019Identity Provider che mostra l\u2019icona \u201cMondo\u201d o \u201cEU\u201d.<\/li>\n<li>Ricorda che anche usando la CIE, la CNS, il Passaporto biometrico e la firma digitale puoi ottenere lo SPID da remoto (a distanza). Visita i siti dei diversi gestori per verificare le condizioni di rilascio e scegliere quella pi\u00f9 utile per te.<\/li>\n<\/ul>\n<p><strong>Dove puoi usare lo SPID?<\/strong><\/p>\n<p>A questo\u00a0<strong><a href=\"https:\/\/www.spid.gov.it\/\">link<\/a><\/strong>\u00a0puoi cercare tra i servizi abilitati SPID di oltre 4000 amministrazioni e trovare l\u2019elenco dei fornitori di servizi privati.<\/p>\n<p><strong>E dall\u2019estero?<\/strong><\/p>\n<p>Con le credenziali SPID puoi gi\u00e0 accedere al portale \u201cFast It\u201d della Farnesina dedicato ai servizi consolari (<a href=\"https:\/\/serviziconsolarionline.esteri.it\/\">https:\/\/serviziconsolarionline.esteri.it<\/a>).<\/p>\n<p><strong>Domande frequenti<\/strong>:\u00a0<a href=\"https:\/\/www.spid.gov.it\/domande-frequenti\">https:\/\/www.spid.gov.it\/domande-frequenti<\/a><\/p>\n<p><strong>Video tutorial<\/strong>: visita il sito istituzionale\u00a0<a href=\"http:\/\/www.spid.gov.it\/\">www.spid.gov.it<\/a>\u00a0per video tutorial sul riconoscimento via webcam, sul riconoscimento di persona e sul riconoscimento online.<\/p>\n<p><em>[Fonte delle informazioni riportate su questa pagina:\u00a0<a href=\"http:\/\/www.spid.gov.it\/\">www.spid.gov.it<\/a>, cui si rimanda per aggiornamenti ed approfondimenti]<\/em><\/p>\n<p><strong>Per ulteriori informazioni\u00a0visita:<\/strong>\u00a0\u00a0<a href=\"https:\/\/www.esteri.it\/it\/servizi-consolari-e-visti\/italiani-all-estero\/spid\/\">https:\/\/www.esteri.it\/it\/servizi-consolari-e-visti\/italiani-all-estero\/spid\/<\/a><\/p>\n<p><strong>Attenzione:<\/strong>\u00a0lo SPID non \u00e8 rilasciato dalle Ambasciate e dagli Uffici Consolari, ma si potr\u00e0 ottenere seguendo le istruzioni indicate nel flyer allegato o collegandosi sul sito www.spid.gov.it, alla pagina dedicata agli italiani residenti all\u2019estero.<\/p>\n","protected":false},"excerpt":{"rendered":"Attenzione:\u00a0dal 1 aprile 2026 l\u2019accesso ai servizi consolari on line avr\u00e0 luogo solo con identit\u00e0 digitale pubblica. Richiedi le tue credenziali entro il 31 dicembre 2025. Cos\u2019\u00e8 lo SPID (Sistema Pubblico di Identit\u00e0 Digitale) Lo SPID, Sistema Pubblico di Identit\u00e0 Digitale, \u00e8 la soluzione che permette di accedere ai servizi online della Pubblica Amministrazione e [&hellip;]","protected":false},"author":4,"featured_media":0,"parent":75,"menu_order":0,"comment_status":"closed","ping_status":"closed","template":"","meta":{"footnotes":""},"class_list":["post-571","page","type-page","status-publish","hentry"],"_links":{"self":[{"href":"https:\/\/ambbogota.esteri.it\/it\/wp-json\/wp\/v2\/pages\/571","targetHints":{"allow":["GET"]}}],"collection":[{"href":"https:\/\/ambbogota.esteri.it\/it\/wp-json\/wp\/v2\/pages"}],"about":[{"href":"https:\/\/ambbogota.esteri.it\/it\/wp-json\/wp\/v2\/types\/page"}],"author":[{"embeddable":true,"href":"https:\/\/ambbogota.esteri.it\/it\/wp-json\/wp\/v2\/users\/4"}],"replies":[{"embeddable":true,"href":"https:\/\/ambbogota.esteri.it\/it\/wp-json\/wp\/v2\/comments?post=571"}],"version-history":[{"count":1,"href":"https:\/\/ambbogota.esteri.it\/it\/wp-json\/wp\/v2\/pages\/571\/revisions"}],"predecessor-version":[{"id":572,"href":"https:\/\/ambbogota.esteri.it\/it\/wp-json\/wp\/v2\/pages\/571\/revisions\/572"}],"up":[{"embeddable":true,"href":"https:\/\/ambbogota.esteri.it\/it\/wp-json\/wp\/v2\/pages\/75"}],"wp:attachment":[{"href":"https:\/\/ambbogota.esteri.it\/it\/wp-json\/wp\/v2\/media?parent=571"}],"curies":[{"name":"wp","href":"https:\/\/api.w.org\/{rel}","templated":true}]}}