{"id":578,"date":"2023-08-14T12:11:08","date_gmt":"2023-08-14T17:11:08","guid":{"rendered":"https:\/\/ambbogota.esteri.it\/?page_id=578"},"modified":"2023-08-14T13:15:32","modified_gmt":"2023-08-14T18:15:32","slug":"registrare-un-matrimonio","status":"publish","type":"page","link":"https:\/\/ambbogota.esteri.it\/it\/servizi-consolari-e-visti\/servizi-per-il-cittadino-italiano\/stato-civile\/registrare-un-matrimonio\/","title":{"rendered":"Registrare un matrimonio"},"content":{"rendered":"<p>Il matrimonio di un cittadino italiano residente in Colombia celebrato all\u2019estero deve essere trascritto presso il Comune italiano competente.<\/p>\n<p><strong>DOVE RICHIEDERE IL SERVIZIO:<\/strong><\/p>\n<ol>\n<li>presentandosi il cittadino italiano interessato<a href=\"https:\/\/ambbogota.esteri.it\/it\/servizi-consolari-e-visti\/servizi-per-il-cittadino-italiano\/prenotazioni-servizi-consolari\/\"> presso l\u2019Ambasciata d\u2019Italia a Bogot\u00e0 negli orari di attenzione al pubblico<\/a><\/li>\n<li>presentandosi il cittadino italiano interessato presso uno dei nostri Uffici consolari onorari in Colombia;<\/li>\n<li>rivolgendosi direttamente al proprio Comune di iscrizione A.I.R.E. (in questo caso \u00e8 necessario rivolgersi all&#8217;Ufficio di Stato Civile comunale).<\/li>\n<\/ol>\n<p><strong>DOCUMENTI DA PRESENTARE PER MATRIMONI CELEBRATI IN COLOMBIA<\/strong><\/p>\n<ol>\n<li><a href=\"https:\/\/ambbogota.esteri.it\/wp-content\/uploads\/2023\/08\/2._modulo_registro_atto_di_matrimonio.pdf\">Modulo<\/a>\u00a0di richiesta di trascrizione, debitamente compilato e firmato da entrambi i coniugi;<\/li>\n<li>Atto di matrimonio integrale in originale rilasciato da un Notaio, munito di\u00a0<a href=\"http:\/\/www.cancilleria.gov.co\/tramites_servicios\/apostilla_legalizacion_en_linea\">Apostille<\/a>, rilasciata da Canciller\u00eda de la Republica de Colombia;<\/li>\n<li>Traduzione dell\u2019atto debitamente accompagnata dall&#8217;apostille della firma del traduttore;<\/li>\n<li>Fotocopie dei documenti d&#8217;identit\u00e0 dei coniugi.<\/li>\n<\/ol>\n<p>Se i documenti possiedono scritte o annotazioni nel retro del foglio, si devono presentare anche le fotocopie del retro del suddetto foglio.<\/p>\n<p><strong>DOCUMENTI DA PRESENTARE PER MATRIMONI CELEBRATI IN ALTRI PAESI<\/strong><\/p>\n<ol>\n<li><a href=\"https:\/\/ambbogota.esteri.it\/wp-content\/uploads\/2023\/08\/2._modulo_registro_atto_di_matrimonio.pdf\">Modulo<\/a> di richiesta di trascrizione, debitamente compilato e firmato\u00a0da entrambi i coniugi.<\/li>\n<li>Atto di matrimonio integrale in originale rilasciato dall\u2019Autorit\u00e0 competente del Paese di origine (non l\u2019atto emesso dalle autorit\u00e0 colombiane sulla base dell\u2019atto straniero), con il timbro validit\u00e0 formale apposto dall\u2019Autorit\u00e0 italiana competente nel Paese di origine.<\/li>\n<li>Apostille dell\u2019Atto originale rilasciata dall\u2019Autorit\u00e0 competente nel Paese di origine.<\/li>\n<li>Traduzione dell\u2019Atto accompagnata dalla dichiarazione di conformit\u00e0 all\u2019originale apposto dall\u2019Autorit\u00e0 italiana competente nel Paese di origine.<\/li>\n<li>Fotocopie dei documenti d&#8217;identit\u00e0 dei coniugi.<\/li>\n<\/ol>\n<p>Se i documenti possiedono scritte o annotazioni nel retro del foglio, si devono presentare anche le fotocopie del retro del suddetto foglio.<\/p>\n<p><strong>L\u2019Ambasciata provveder\u00e0 ad inviare una e-mail all\u2019interessato sull\u2019effettiva trasmissione delle pratiche all\u2019autorit\u00e0 di competenza. Non \u00e8 quindi necessario chiedere informazioni sullo stato della pratica in quanto di competenza di altre autorit\u00e0.<\/strong><\/p>\n<p><strong>Si raccomanda pertanto di voler fornire un indirizzo e-mail valido e di comunicare gli eventuali aggiornamenti dei propri contatti.<\/strong><\/p>\n","protected":false},"excerpt":{"rendered":"Il matrimonio di un cittadino italiano residente in Colombia celebrato all\u2019estero deve essere trascritto presso il Comune italiano competente. DOVE RICHIEDERE IL SERVIZIO: presentandosi il cittadino italiano interessato presso l\u2019Ambasciata d\u2019Italia a Bogot\u00e0 negli orari di attenzione al pubblico presentandosi il cittadino italiano interessato presso uno dei nostri Uffici consolari onorari in Colombia; rivolgendosi direttamente [&hellip;]","protected":false},"author":4,"featured_media":0,"parent":68,"menu_order":0,"comment_status":"closed","ping_status":"closed","template":"","meta":{"footnotes":""},"class_list":["post-578","page","type-page","status-publish","hentry"],"_links":{"self":[{"href":"https:\/\/ambbogota.esteri.it\/it\/wp-json\/wp\/v2\/pages\/578","targetHints":{"allow":["GET"]}}],"collection":[{"href":"https:\/\/ambbogota.esteri.it\/it\/wp-json\/wp\/v2\/pages"}],"about":[{"href":"https:\/\/ambbogota.esteri.it\/it\/wp-json\/wp\/v2\/types\/page"}],"author":[{"embeddable":true,"href":"https:\/\/ambbogota.esteri.it\/it\/wp-json\/wp\/v2\/users\/4"}],"replies":[{"embeddable":true,"href":"https:\/\/ambbogota.esteri.it\/it\/wp-json\/wp\/v2\/comments?post=578"}],"version-history":[{"count":2,"href":"https:\/\/ambbogota.esteri.it\/it\/wp-json\/wp\/v2\/pages\/578\/revisions"}],"predecessor-version":[{"id":677,"href":"https:\/\/ambbogota.esteri.it\/it\/wp-json\/wp\/v2\/pages\/578\/revisions\/677"}],"up":[{"embeddable":true,"href":"https:\/\/ambbogota.esteri.it\/it\/wp-json\/wp\/v2\/pages\/68"}],"wp:attachment":[{"href":"https:\/\/ambbogota.esteri.it\/it\/wp-json\/wp\/v2\/media?parent=578"}],"curies":[{"name":"wp","href":"https:\/\/api.w.org\/{rel}","templated":true}]}}