{"id":581,"date":"2023-08-14T12:15:19","date_gmt":"2023-08-14T17:15:19","guid":{"rendered":"https:\/\/ambbogota.esteri.it\/?page_id=581"},"modified":"2023-08-14T13:15:59","modified_gmt":"2023-08-14T18:15:59","slug":"registrare-un-divorzio","status":"publish","type":"page","link":"https:\/\/ambbogota.esteri.it\/it\/servizi-consolari-e-visti\/servizi-per-il-cittadino-italiano\/stato-civile\/registrare-un-divorzio\/","title":{"rendered":"Registrare un divorzio"},"content":{"rendered":"<p>Le sentenze di divorzio o atti notarili di divorzio eseguiti all&#8217;estero NON sono automaticamente validi in Italia, devono essere trascritti presso l&#8217;Ufficio dello Stato Civile del Comune dove risulta registrato il relativo atto di matrimonio. L\u2019interessato\/a deve essere residente in Colombia.<\/p>\n<p>Per richiedere la trascrizione del divorzio si dovr\u00e0 presentare uno dei seguenti documenti:<\/p>\n<ol>\n<li>o la sentenza,\u00a0<strong>che dovr\u00e0 essere &#8220;passata in giudicato&#8221; e dovr\u00e0 indicare \u201cfin de los efectos civiles del matrimonio\u201d;<\/strong><\/li>\n<li>o l&#8217;atto notarile (emesso in quanto le persone sono in mutuo accordo per lo scioglimento del matrimonio).<\/li>\n<\/ol>\n<p><strong>DOVE RICHIEDERE IL SERVIZIO<\/strong><\/p>\n<ol>\n<li><a href=\"https:\/\/ambbogota.esteri.it\/it\/servizi-consolari-e-visti\/servizi-per-il-cittadino-italiano\/prenotazioni-servizi-consolari\/\">presentandosi personalmente presso l\u2019Ambasciata d\u2019Italia a Bogot\u00e0 durante gli orari di ricezione del pubblico<\/a>;<\/li>\n<li>presentandosi personalmente presso uno dei nostri Uffici onorari in Colombia;<\/li>\n<li>Rivolgendosi direttamente al proprio Comune di iscrizione AIRE (in questo caso \u00e8 necessario rivolgersi all&#8217;Ufficio di Stato Civile comunale).<\/li>\n<\/ol>\n<p><strong>1.DOCUMENTI DA PRESENTARE PER DIVORZIO AVVENUTO IN COLOMBIA<\/strong><\/p>\n<ol>\n<li><a href=\"https:\/\/ambbogota.esteri.it\/wp-content\/uploads\/2023\/08\/78395_f_amb61ATTODIVORZIO.pdf\">Modulo<\/a> di richiesta di trascrizione, debitamente compilato e firmato;<\/li>\n<li><a href=\"https:\/\/ambbogota.esteri.it\/wp-content\/uploads\/2023\/08\/66568_f_amb61Divorzio.pdf\">Dichiarazione sostitutiva dell&#8217;atto notorio<\/a>;<\/li>\n<li>Atto di divorzio integrale in originale (Sentenza del Tribunale o Atto Notarile) munito di\u00a0<a href=\"http:\/\/www.cancilleria.gov.co\/tramites_servicios\/apostilla_legalizacion_en_linea\">Apostille<\/a>, rilasciata da Canciller\u00eda de la Republica de Colombia;<\/li>\n<li>Traduzione integrale dell\u2019atto debitamente accompagnata dall&#8217;apostille della firma del traduttore;<\/li>\n<li>Copia del passaporto italiano valido del dichiarante;<\/li>\n<\/ol>\n<p><strong>2.DOCUMENTI DA PRESENTARE PER DIVORZI IN ALTRI PAESI<\/strong><\/p>\n<ol>\n<li><a href=\"https:\/\/ambbogota.esteri.it\/wp-content\/uploads\/2023\/08\/78395_f_amb61ATTODIVORZIO.pdf\">Modulo<\/a>di richiesta di trascrizione, debitamente compilato e firmato;<\/li>\n<li>\u00a0Atto di divorzio ( Sentenza del Tribunale o Atto Notarile) in originale rilasciato dall\u2019Autorit\u00e0 competente del Paese di origine (non l\u2019atto emesso dalle autorit\u00e0 colombiane sulla base dell\u2019atto straniero), con il timbro validit\u00e0 formale e sostanziale apposto dall\u2019Autorit\u00e0 italiana competente nel territorio di emissione;<\/li>\n<li><a href=\"http:\/\/www.cancilleria.gov.co\/tramites_servicios\/apostilla_legalizacion_en_linea\">Apostille <\/a>dell\u2019Atto originale rilasciata dall\u2019Autorit\u00e0 competente nel territorio di emissione;<\/li>\n<li>\u00a0Traduzione dell\u2019Atto accompagnata dalla dichiarazione di conformit\u00e0 all\u2019originale apposto dall\u2019Autorit\u00e0 italiana competente nel territorio di emissione dell\u2019Atto;<\/li>\n<li>\u00a0Fotocopie dei documenti d&#8217;identit\u00e0 dei coniugi.<\/li>\n<\/ol>\n<ul>\n<li>Se i documenti possiedono scritte o annotazioni nel retro del foglio, si devono presentare anche le fotocopie del retro del suddetto foglio.<\/li>\n<\/ul>\n<p><strong>L\u2019Ambasciata provveder\u00e0 ad inviare una e-mail all\u2019interessato sull\u2019effettiva trasmissione delle pratiche all\u2019autorit\u00e0 di competenza. Non \u00e8 quindi necessario chiedere informazioni sullo stato della pratica in quanto di competenza di altre autorit\u00e0.<\/strong><\/p>\n<p><strong>Si raccomanda pertanto di voler fornire un indirizzo e-mail valido e di comunicare gli eventuali aggiornamenti dei propri contatti.<\/strong><\/p>\n","protected":false},"excerpt":{"rendered":"Le sentenze di divorzio o atti notarili di divorzio eseguiti all&#8217;estero NON sono automaticamente validi in Italia, devono essere trascritti presso l&#8217;Ufficio dello Stato Civile del Comune dove risulta registrato il relativo atto di matrimonio. L\u2019interessato\/a deve essere residente in Colombia. Per richiedere la trascrizione del divorzio si dovr\u00e0 presentare uno dei seguenti documenti: o [&hellip;]","protected":false},"author":4,"featured_media":0,"parent":68,"menu_order":0,"comment_status":"closed","ping_status":"closed","template":"","meta":{"footnotes":""},"class_list":["post-581","page","type-page","status-publish","hentry"],"_links":{"self":[{"href":"https:\/\/ambbogota.esteri.it\/it\/wp-json\/wp\/v2\/pages\/581","targetHints":{"allow":["GET"]}}],"collection":[{"href":"https:\/\/ambbogota.esteri.it\/it\/wp-json\/wp\/v2\/pages"}],"about":[{"href":"https:\/\/ambbogota.esteri.it\/it\/wp-json\/wp\/v2\/types\/page"}],"author":[{"embeddable":true,"href":"https:\/\/ambbogota.esteri.it\/it\/wp-json\/wp\/v2\/users\/4"}],"replies":[{"embeddable":true,"href":"https:\/\/ambbogota.esteri.it\/it\/wp-json\/wp\/v2\/comments?post=581"}],"version-history":[{"count":3,"href":"https:\/\/ambbogota.esteri.it\/it\/wp-json\/wp\/v2\/pages\/581\/revisions"}],"predecessor-version":[{"id":819,"href":"https:\/\/ambbogota.esteri.it\/it\/wp-json\/wp\/v2\/pages\/581\/revisions\/819"}],"up":[{"embeddable":true,"href":"https:\/\/ambbogota.esteri.it\/it\/wp-json\/wp\/v2\/pages\/68"}],"wp:attachment":[{"href":"https:\/\/ambbogota.esteri.it\/it\/wp-json\/wp\/v2\/media?parent=581"}],"curies":[{"name":"wp","href":"https:\/\/api.w.org\/{rel}","templated":true}]}}