{"id":585,"date":"2023-08-14T12:18:32","date_gmt":"2023-08-14T17:18:32","guid":{"rendered":"https:\/\/ambbogota.esteri.it\/?page_id=585"},"modified":"2023-08-14T13:16:33","modified_gmt":"2023-08-14T18:16:33","slug":"registrare-un-decesso","status":"publish","type":"page","link":"https:\/\/ambbogota.esteri.it\/it\/servizi-consolari-e-visti\/servizi-per-il-cittadino-italiano\/stato-civile\/registrare-un-decesso\/","title":{"rendered":"Registrare un decesso"},"content":{"rendered":"<p>La morte di un cittadino italiano avvenuta all\u2019estero deve essere trascritta in Italia.<\/p>\n<p><strong>DOVE RICHIEDERE IL SERVIZIO:<\/strong><\/p>\n<ol>\n<li><a href=\"https:\/\/ambbogota.esteri.it\/it\/servizi-consolari-e-visti\/servizi-per-il-cittadino-italiano\/prenotazioni-servizi-consolari\/\">presentandosi presso la Ambasciata d\u2019Italia a Bogot\u00e0 negli orari di ricezione del pubblico<\/a>;<\/li>\n<li>presentandosi presso uno dei nostri Uffici onorari in Colombia;<\/li>\n<li>rivolgendosi al proprio Comune di iscrizione AIRE (in questo caso \u00e8 necessario rivolgersi all&#8217;Ufficio di Stato Civile comunale);<\/li>\n<\/ol>\n<p><strong>DOCUMENTI DA PRESENTARE PER DECESSO IN COLOMBIA:<\/strong><\/p>\n<ol>\n<li><a href=\"https:\/\/ambbogota.esteri.it\/wp-content\/uploads\/2023\/08\/4._modulo_registro_atto_di_morte_-_copia.pdf\">Modulo<\/a> di richiesta di trascrizione, debitamente compilato e firmato;<\/li>\n<li>Atto di morte integrale in originale, munito di\u00a0<a href=\"http:\/\/www.cancilleria.gov.co\/tramites_servicios\/apostilla_legalizacion_en_linea\">Apostille\u00a0<\/a>dell\u2019Atto di morte integrale, rilasciata da Canciller\u00eda de la Republica de Colombia;<\/li>\n<li>Traduzione dell\u2019atto debitamente accompagnata dall&#8217;apostille della firma del traduttore;<\/li>\n<li>Fotocopia del documento d&#8217;identit\u00e0 del defunto (ove disponibile).<\/li>\n<li>Delega, nel caso in cui il familiare non possa presentarsi, accompagnata da copia di un documento d&#8217;identit\u00e0 italiano vigente del richiedente o delega firmata presso un ufficio notarile e munita di apostille.<\/li>\n<\/ol>\n<ul>\n<li>Se i documenti possiedono scritte o annotazioni nel retro del foglio, si devono presentare anche le fotocopie del retro del suddetto foglio.<\/li>\n<\/ul>\n<p><strong>L\u2019Ambasciata provveder\u00e0 ad inviare una e-mail all\u2019interessato sull\u2019effettiva trasmissione delle pratiche all\u2019autorit\u00e0 di competenza. Non \u00e8 quindi necessario chiedere informazioni sullo stato della pratica in quanto di competenza di altre autorit\u00e0.<\/strong><\/p>\n<p><strong>Si raccomanda pertanto di voler fornire un indirizzo e-mail valido e di comunicare gli eventuali aggiornamenti dei propri contatti.<\/strong><\/p>\n","protected":false},"excerpt":{"rendered":"La morte di un cittadino italiano avvenuta all\u2019estero deve essere trascritta in Italia. DOVE RICHIEDERE IL SERVIZIO: presentandosi presso la Ambasciata d\u2019Italia a Bogot\u00e0 negli orari di ricezione del pubblico; presentandosi presso uno dei nostri Uffici onorari in Colombia; rivolgendosi al proprio Comune di iscrizione AIRE (in questo caso \u00e8 necessario rivolgersi all&#8217;Ufficio di Stato [&hellip;]","protected":false},"author":4,"featured_media":0,"parent":68,"menu_order":0,"comment_status":"closed","ping_status":"closed","template":"","meta":{"footnotes":""},"class_list":["post-585","page","type-page","status-publish","hentry"],"_links":{"self":[{"href":"https:\/\/ambbogota.esteri.it\/it\/wp-json\/wp\/v2\/pages\/585","targetHints":{"allow":["GET"]}}],"collection":[{"href":"https:\/\/ambbogota.esteri.it\/it\/wp-json\/wp\/v2\/pages"}],"about":[{"href":"https:\/\/ambbogota.esteri.it\/it\/wp-json\/wp\/v2\/types\/page"}],"author":[{"embeddable":true,"href":"https:\/\/ambbogota.esteri.it\/it\/wp-json\/wp\/v2\/users\/4"}],"replies":[{"embeddable":true,"href":"https:\/\/ambbogota.esteri.it\/it\/wp-json\/wp\/v2\/comments?post=585"}],"version-history":[{"count":2,"href":"https:\/\/ambbogota.esteri.it\/it\/wp-json\/wp\/v2\/pages\/585\/revisions"}],"predecessor-version":[{"id":679,"href":"https:\/\/ambbogota.esteri.it\/it\/wp-json\/wp\/v2\/pages\/585\/revisions\/679"}],"up":[{"embeddable":true,"href":"https:\/\/ambbogota.esteri.it\/it\/wp-json\/wp\/v2\/pages\/68"}],"wp:attachment":[{"href":"https:\/\/ambbogota.esteri.it\/it\/wp-json\/wp\/v2\/media?parent=585"}],"curies":[{"name":"wp","href":"https:\/\/api.w.org\/{rel}","templated":true}]}}