{"id":5955,"date":"2025-03-19T10:10:41","date_gmt":"2025-03-19T15:10:41","guid":{"rendered":"https:\/\/ambbogota.esteri.it\/?page_id=5955"},"modified":"2025-03-19T10:13:30","modified_gmt":"2025-03-19T15:13:30","slug":"avviso-pubblico-per-sponsorizzazioni-eventi-di-promozione-integrata","status":"publish","type":"page","link":"https:\/\/ambbogota.esteri.it\/it\/amministrazione-trasparente\/bandi-di-gara-e-contratti\/avviso-pubblico-per-sponsorizzazioni-eventi-di-promozione-integrata\/","title":{"rendered":"Avviso pubblico per sponsorizzazioni eventi di promozione integrata"},"content":{"rendered":"<p>L\u2019Ambasciata d\u2019Italia a Bogot\u00e1 invita soggetti pubblici e\/o privati a manifestare il proprio interesse a sostenere mediante sponsorizzazioni l\u2019organizzazione di eventi e\u00a0 attivit\u00e0 di promozione integrata (culturale, scientifica, economica) legati alla propria missione.<\/p>\n<p>I soggetti interessati avranno la possibilit\u00e0 di promuovere la propria immagine, ragione sociale o altri elementi distintivi con le modalit\u00e0 di volta in volta concordate, definite in un contratto di sponsorizzazione che sar\u00e0 negoziato tra le parti secondo i termini descritti nell\u2019<a href=\"https:\/\/ambbogota.esteri.it\/wp-content\/uploads\/2025\/03\/Avviso-pubblico-per-sponsorizzazioni-eventi-ITA.pdf\">avviso<\/a>.<\/p>\n","protected":false},"excerpt":{"rendered":"L\u2019Ambasciata d\u2019Italia a Bogot\u00e1 invita soggetti pubblici e\/o privati a manifestare il proprio interesse a sostenere mediante sponsorizzazioni l\u2019organizzazione di eventi e\u00a0 attivit\u00e0 di promozione integrata (culturale, scientifica, economica) legati alla propria missione. I soggetti interessati avranno la possibilit\u00e0 di promuovere la propria immagine, ragione sociale o altri elementi distintivi con le modalit\u00e0 di volta [&hellip;]","protected":false},"author":4,"featured_media":0,"parent":223,"menu_order":0,"comment_status":"closed","ping_status":"closed","template":"","meta":{"footnotes":""},"class_list":["post-5955","page","type-page","status-publish","hentry"],"_links":{"self":[{"href":"https:\/\/ambbogota.esteri.it\/it\/wp-json\/wp\/v2\/pages\/5955","targetHints":{"allow":["GET"]}}],"collection":[{"href":"https:\/\/ambbogota.esteri.it\/it\/wp-json\/wp\/v2\/pages"}],"about":[{"href":"https:\/\/ambbogota.esteri.it\/it\/wp-json\/wp\/v2\/types\/page"}],"author":[{"embeddable":true,"href":"https:\/\/ambbogota.esteri.it\/it\/wp-json\/wp\/v2\/users\/4"}],"replies":[{"embeddable":true,"href":"https:\/\/ambbogota.esteri.it\/it\/wp-json\/wp\/v2\/comments?post=5955"}],"version-history":[{"count":1,"href":"https:\/\/ambbogota.esteri.it\/it\/wp-json\/wp\/v2\/pages\/5955\/revisions"}],"predecessor-version":[{"id":5958,"href":"https:\/\/ambbogota.esteri.it\/it\/wp-json\/wp\/v2\/pages\/5955\/revisions\/5958"}],"up":[{"embeddable":true,"href":"https:\/\/ambbogota.esteri.it\/it\/wp-json\/wp\/v2\/pages\/223"}],"wp:attachment":[{"href":"https:\/\/ambbogota.esteri.it\/it\/wp-json\/wp\/v2\/media?parent=5955"}],"curies":[{"name":"wp","href":"https:\/\/api.w.org\/{rel}","templated":true}]}}