{"id":6148,"date":"2025-04-02T14:23:04","date_gmt":"2025-04-02T19:23:04","guid":{"rendered":"https:\/\/ambbogota.esteri.it\/?page_id=6148"},"modified":"2026-03-05T14:56:34","modified_gmt":"2026-03-05T19:56:34","slug":"referendum-abrogativi-8-9-giugno-2025","status":"publish","type":"page","link":"https:\/\/ambbogota.esteri.it\/it\/servizi-consolari-e-visti\/servizi-per-il-cittadino-italiano\/servizi-elettorali\/elezioni-politiche-e-referendum\/referendum-abrogativi-8-9-giugno-2025\/","title":{"rendered":"Referendum Costituzionale Confermativo 22-23 Marzo 2026"},"content":{"rendered":"<p><strong>RILASCIO DEI DUPLICATI<\/strong><\/p>\n<p>Si informa che<strong> A PARTIRE DA DOMENICA 8 MARZO 2026 <\/strong>gli elettori che non hanno ricevuto il plico elettorale per il voto per corrispondenza in occasione del referendum costituzionale del 22 e 23 marzo al proprio indirizzo di residenza potranno richiederne un DUPLICATO a questa Ambasciata.<\/p>\n<p>La richiesta di duplicato potr\u00e0 essere presentata di persona presso l\u2019Ufficio consolare o inviata via posta, via posta elettronica ordinaria <a href=\"mailto:bogota.elezione@esteri.it\">bogota.elezione@esteri.it<\/a> o via posta elettronica certificata <a href=\"mailto:amb.bogota.consolare@cert.esteri.it\">amb.bogota.consolare@cert.esteri.it<\/a>. La richiesta \u2013 che pu\u00f2 essere redatta utilizzando il modello disponibile <a href=\"https:\/\/ambbogota.esteri.it\/wp-content\/uploads\/2026\/03\/Modulo-Richiesta-Duplicati.pdf\"><u>qui<\/u><\/a>\u00a0 \u2013 dovr\u00e0 essere accompagnata da un valido documento di riconoscimento.<\/p>\n<p>Gli elettori che richiederanno il duplicato del plico elettorale dovranno dichiarare di essere consapevoli delle <strong>responsabilit\u00e0 penali conseguenti al doppio voto<\/strong>, previste dall\u2019art. 18, comma 2, della Legge 459\/2001, secondo il quale: \u201c<em>Chiunque, in occasione delle elezioni delle Camere e dei referendum, vota sia per corrispondenza che nel seggio di ultima iscrizione in Italia, ovvero vota pi\u00f9 volte per corrispondenza \u00e8 punito con la reclusione da uno a tre anni e con la multa da 52 euro a 258 euro<\/em>\u201d.<\/p>\n<p>Effettuate le opportune verifiche, questa Ambasciata fornir\u00e0 le necessarie indicazioni agli interessati per il rilascio del duplicato. Il duplicato potr\u00e0 essere spedito all\u2019indirizzo di residenza dell\u2019elettore richiedente (se sussistono i tempi per la ricezione del plico) o rilasciato di persona, negli orari di apertura dell\u2019Ufficio consolare consultabili nel sito dell\u2019Ambasciata a questo indirizzo: <a href=\"https:\/\/ambbogota.esteri.it\/it\/servizi-consolari-e-visti\/servizi-per-il-cittadino-italiano\/prenotazioni-servizi-consolari\/\">https:\/\/ambbogota.esteri.it\/it\/servizi-consolari-e-visti\/servizi-per-il-cittadino-italiano\/prenotazioni-servizi-consolari\/<\/a>.<\/p>\n<p>Si ricorda che questa Sede, esclusivamente per il rilascio dei duplicati dei plichi elettorali, osserver\u00e0 inoltre le seguenti aperture al pubblico straordinarie:<\/p>\n<p>sabato 14 marzo 2026: dalle ore 9.00 alle ore 12.00;<\/p>\n<p>domenica 15 marzo 2026: dalle ore 9.00 alle ore 12.00<\/p>\n<p>Si ricorda, infine, che le buste preaffrancate contenenti le <strong>schede votate dovranno pervenire a questa Ambasciata tassativamente entro le ore 16:00 di gioved\u00ec 19 marzo 2026.<\/strong><\/p>\n<p><strong>VOTO OPZIONE ELETTORI TEMPORANEAMENTE ALL&#8217;ESTERO<\/strong><\/p>\n<p>Con\u00a0<a href=\"https:\/\/www.gazzettaufficiale.it\/eli\/id\/2026\/01\/14\/26A00167\/SG\">decreto del Presidente della Repubblica del 13\/01\/2026, pubblicato nella Gazzetta Ufficiale del 14\/01\/2026<\/a>, \u00e8 stata fissata\u00a0<strong>nei giorni 22 e 23 MARZO 2026<\/strong>\u00a0la data del referendum ex art. 138 della Costituzione per la modifica di alcuni articoli della Costituzione (c.d. \u201cRiforma della giustizia\u201d).<\/p>\n<p>Gli <strong>elettori residenti in Italia<\/strong> che per motivi di <strong>lavoro, studio o cure mediche<\/strong> si trovano temporaneamente all\u2019estero per un periodo di almeno tre mesi, nel quale ricade la data di svolgimento delle prossime consultazioni referendarie ex art. 138 della Costituzione (<strong>22 e 23 marzo 2026<\/strong>), nonch\u00e9 i <strong>familiari con loro conviventi<\/strong>, potranno esercitare il diritto di voto per corrispondenza a norma dell\u2019art. 4-bis, comma 1, Legge 27 dicembre 2001, n. 459.<\/p>\n<p>Per ricevere il plico elettorale (contenente la scheda per il voto) all\u2019indirizzo di temporanea dimora all\u2019estero, i sopramenzionati elettori dovranno trasmettere <strong>DIRETTAMENTE <\/strong>al proprio comune d\u2019iscrizione nelle liste elettorali un\u2019apposita<strong> <u>opzione entro mercoled\u00ec 18 febbraio 2026<\/u>. <\/strong><\/p>\n<p>L\u2019opzione (esercitabile tramite il modulo allegato o in carta libera) deve essere inviata al Comune di iscrizione nelle liste elettorali per posta, posta elettronica ordinaria o certificata. Alternativamente, pu\u00f2 essere presentata a mano, anche da una persona delegata dall\u2019interessato.<\/p>\n<p>L\u2019opzione, obbligatoriamente corredata di copia di valido documento d\u2019identit\u00e0 dell\u2019elettore, deve in ogni caso contenere l\u2019<strong><u>indirizzo postale estero completo a cui andr\u00e0 inviato il plico elettorale<\/u><\/strong> cos\u00ec come l\u2019indicazione dell\u2019Ufficio consolare competente per territorio. Essa deve inoltre contenere una dichiarazione attestante il possesso dei requisiti per l\u2019ammissione al voto per corrispondenza, ossia di trovarsi temporaneamente all\u2019estero per motivi di lavoro, studio o cure mediche per un periodo di <strong>almeno tre mesi<\/strong> (nel quale ricade la data di svolgimento delle consultazioni) <u>in un Paese estero in cui non si \u00e8 anagraficamente residenti<\/u> oppure di essere familiare convivente di un cittadino che rientra nelle predette condizioni. Tale procedura si applica <strong>anche ai cittadini italiani iscritti all\u2019AIRE temporaneamente dimoranti in una CIRCOSCRIZIONE CONSOLARE<\/strong> <strong>diversa<\/strong> da quella di stabile residenza.<\/p>\n<p>L\u2019opzione va resa ai sensi degli articoli 46 e 47 del decreto del Presidente della Repubblica del 28 dicembre 2000, n. 445 (Testo Unico delle disposizioni legislative e regolamentari in materia di documentazione amministrativa), dichiarandosi consapevoli delle conseguenze penali in caso di dichiarazioni mendaci (art. 76 del citato DPR 445\/2000).<\/p>\n<p><strong>\u00c8 possibile revocare <\/strong>l\u2019opzione presentata secondo le modalit\u00e0 di cui sopra<strong> entro lo stesso termine (<u>18 febbraio 2026<\/u>). <\/strong>Si ricorda infine che l\u2019opzione \u00e8 valida <u>esclusivamente<\/u> per la consultazione elettorale cui si riferisce.<\/p>\n<p><a href=\"https:\/\/ambbogota.esteri.it\/wp-content\/uploads\/2026\/01\/Modello-Opzione-Temporanei-Referendum-2026.pdf\">Scarica\u00a0qui\u00a0il modulo per l\u2019opzione di voto all\u2019estero.<\/a><\/p>\n<p><strong>VOTO PER CORRISPONDENZA DEI CITTADINI ITALIANI RESIDENTI ALL\u2019ESTERO E OPZIONE PER IL VOTO IN ITALIA<\/strong><\/p>\n<p>Con decreto del Presidente della Repubblica del 13\/01\/2026, pubblicato nella Gazzetta Ufficiale n. 10 del 14\/01\/2026, \u00e8 stata fissata ai giorni 22 e 23 MARZO 2026 la data del referendum costituzionale in tema di separazione delle carriere nella Magistratura.<\/p>\n<p>Si ricorda che\u00a0<strong>il VOTO \u00e8 un DIRITTO<\/strong>\u00a0tutelato dalla Costituzione Italiana e che, in base alla Legge 27 dicembre 2001, n. 459, i cittadini italiani residenti all\u2019estero, iscritti nelle liste elettorali, possono<strong>\u00a0VOTARE PER POSTA<\/strong>, ricevendo il plico elettorale al proprio indirizzo di residenza. In vista di questo appuntamento elettorale, \u00e8\u00a0<u>fondamentale<\/u>\u00a0per gli italiani residenti all\u2019estero e iscritti all\u2019A.I.R.E.\u00a0<strong>mantenere aggiornato il proprio indirizzo di residenza<\/strong>, soprattutto al fine di poter ricevere a domicilio il plico elettorale per il voto per corrispondenza.<\/p>\n<p>Sia in caso di variazione di indirizzo all\u2019interno di questa circoscrizione consolare, sia in caso di trasferimento in un\u2019altra circoscrizione consolare si prega di procedere quanto prima seguendo le\u00a0<u><a href=\"https:\/\/ambbogota.esteri.it\/it\/servizi-consolari-e-visti\/servizi-per-il-cittadino-italiano\/a-i-r-e\/\">istruzioni\u00a0qui indicate<\/a><\/u>.<\/p>\n<p><strong>In alternativa al voto per corrispondenza, gli elettori iscritti all\u2019AIRE possono SCEGLIERE DI VOTARE IN ITALIA PRESSO IL PROPRIO COMUNE DI ISCRIZIONE ELETTORALE, comunicando per iscritto la propria scelta (OPZIONE) al Consolato entro il 10\u00b0 giorno successivo alla indizione del referendum<\/strong>. Gli elettori che scelgono di votare in Italia in occasione della prossima consultazione referendaria, riceveranno dai rispettivi Comuni italiani la cartolina-avviso per votare presso i seggi elettorali in Italia. La scelta (opzione) di votare in Italia vale solo per la consultazione referendaria rispetto alla quale \u00e8 espressa.<\/p>\n<p>Si ribadisce che in ogni caso<strong> l\u2019opzione DEVE PERVENIRE all\u2019Ufficio consolare NON OLTRE I DIECI GIORNI SUCCESSIVI A QUELLO DELL\u2019INDIZIONE DELLE VOTAZIONI, OVVERO ENTRO IL GIORNO 24\/01\/2026. <\/strong>Tale comunicazione pu\u00f2 essere scritta su carta semplice e \u2013 per essere valida \u2013 deve contenere nome, cognome, data e luogo di nascita, luogo di residenza e\u00a0<strong>firma<\/strong> dell\u2019elettore, accompagnata da copia di un documento di identit\u00e0 italiano in corso di validit\u00e0 del dichiarante.<\/p>\n<p>Il <a href=\"https:\/\/ambbogota.esteri.it\/wp-content\/uploads\/2026\/01\/Modulo_di_opzione_Referendum_2026.pdf\"><u>modulo<\/u><\/a>, debitamente compilato, firmato e accompagnato da un documento d\u2019identit\u00e0, pu\u00f2 essere consegnato\/inviato:<br \/>\n&#8211; a mano: Ambasciata d\u2019Italia a Bogot\u00e0, calle 93B 9-92, dal luned\u00ec al venerd\u00ec dalle ore 8:30 alle ore 16:00<br \/>\n&#8211; per posta elettronica ordinaria: <a href=\"mailto:bogota.elezione@esteri.it\">bogota.elezione@esteri.it<\/a><br \/>\n&#8211; per posta elettronica certificata: <a href=\"mailto:amb.bogota.consolare@cert.esteri.it\">amb.bogota.consolare@cert.esteri.it<\/a><br \/>\n&#8211; per posta: Ambasciata d\u2019Italia a Bogot\u00e0, calle 93B 9-92<\/p>\n<p>Come prescritto dalla normativa vigente, sar\u00e0 cura degli elettori verificare che la comunicazione di opzione spedita per posta sia stata ricevuta in tempo utile dal proprio Ufficio consolare. Le richieste pervenute oltre il termine sopra indicato NON potranno essere ritenute valide.<\/p>\n<p>La scelta di votare in Italia pu\u00f2 essere successivamente\u00a0<strong>REVOCATA<\/strong>\u00a0con una comunicazione scritta da inviare o consegnare all\u2019Ufficio consolare con le stesse modalit\u00e0 ed entro la stessa data prevista per l\u2019esercizio dell\u2019opzione.<\/p>\n<p>Se si sceglie di rientrare in Italia per votare, la Legge\u00a0<strong>NON<\/strong>\u00a0prevede alcun tipo di\u00a0<strong>rimborso<\/strong>\u00a0per le spese di viaggio sostenute, ma solo agevolazioni tariffarie all\u2019interno del territorio italiano.<\/p>\n<p>L\u2019UFFICIO CONSOLARE \u00c8 A DISPOSIZIONE PER OGNI ULTERIORE CHIARIMENTO all\u2019indirizzo di posta elettronica <a href=\"mailto:bogota.elezione@esteri.it\">bogota.elezione@esteri.it<\/a> .<\/p>\n","protected":false},"excerpt":{"rendered":"RILASCIO DEI DUPLICATI Si informa che A PARTIRE DA DOMENICA 8 MARZO 2026 gli elettori che non hanno ricevuto il plico elettorale per il voto per corrispondenza in occasione del referendum costituzionale del 22 e 23 marzo al proprio indirizzo di residenza potranno richiederne un DUPLICATO a questa Ambasciata. La richiesta di duplicato potr\u00e0 essere [&hellip;]","protected":false},"author":9,"featured_media":0,"parent":564,"menu_order":0,"comment_status":"closed","ping_status":"closed","template":"","meta":{"footnotes":""},"class_list":["post-6148","page","type-page","status-publish","hentry"],"_links":{"self":[{"href":"https:\/\/ambbogota.esteri.it\/it\/wp-json\/wp\/v2\/pages\/6148","targetHints":{"allow":["GET"]}}],"collection":[{"href":"https:\/\/ambbogota.esteri.it\/it\/wp-json\/wp\/v2\/pages"}],"about":[{"href":"https:\/\/ambbogota.esteri.it\/it\/wp-json\/wp\/v2\/types\/page"}],"author":[{"embeddable":true,"href":"https:\/\/ambbogota.esteri.it\/it\/wp-json\/wp\/v2\/users\/9"}],"replies":[{"embeddable":true,"href":"https:\/\/ambbogota.esteri.it\/it\/wp-json\/wp\/v2\/comments?post=6148"}],"version-history":[{"count":6,"href":"https:\/\/ambbogota.esteri.it\/it\/wp-json\/wp\/v2\/pages\/6148\/revisions"}],"predecessor-version":[{"id":7507,"href":"https:\/\/ambbogota.esteri.it\/it\/wp-json\/wp\/v2\/pages\/6148\/revisions\/7507"}],"up":[{"embeddable":true,"href":"https:\/\/ambbogota.esteri.it\/it\/wp-json\/wp\/v2\/pages\/564"}],"wp:attachment":[{"href":"https:\/\/ambbogota.esteri.it\/it\/wp-json\/wp\/v2\/media?parent=6148"}],"curies":[{"name":"wp","href":"https:\/\/api.w.org\/{rel}","templated":true}]}}