{"id":67,"date":"2023-04-11T18:17:44","date_gmt":"2023-04-11T16:17:44","guid":{"rendered":"https:\/\/ambasciatapraga.esteri.it\/?page_id=67"},"modified":"2025-12-10T09:56:24","modified_gmt":"2025-12-10T14:56:24","slug":"emergency-travel-documents-etd","status":"publish","type":"page","link":"https:\/\/ambbogota.esteri.it\/it\/servizi-consolari-e-visti\/servizi-per-il-cittadino-italiano\/emergency-travel-documents-etd\/","title":{"rendered":"EU Emergency Travel Documents\u00a0 (EU &#8211;\u00a0 ETD)"},"content":{"rendered":"<p>L\u2019EU ETD \u00e8 un <strong>documento di emergenza<\/strong> che pu\u00f2 essere rilasciato a favore dei connazionali o dei cittadini di Paesi UE, per i quali non sia presente in loco una Rappresentanza Diplomatico-consolare, limitatamente a <strong>un solo viaggio<\/strong> verso lo Stato membro di cui il richiedente \u00e8 cittadino, verso il suo Paese di residenza permanente o, eccezionalmente, verso un\u2019altra destinazione. Esso pu\u00f2 essere rilasciato a qualsiasi cittadino dell\u2019Unione, previa autorizzazione dello Stato membro di cittadinanza.<\/p>\n<p>Si rammenta che, ai sensi della normativa vigente, l&#8217;EU ETD <strong>ha una validit\u00e0 pari alla durata del viaggio per il quale \u00e8 stato rilasciato, <\/strong>per un<strong> massimo di quindici giorni.<\/strong><\/p>\n<p>Il documento\u00a0<strong>non<\/strong> \u00e8 valido per un viaggio con destinazione o scalo\u00a0<strong>negli<\/strong>\u00a0<strong>Stati Uniti d\u2019America\u00a0<\/strong>e in<strong>\u00a0Canada<\/strong>, poich\u00e9 le Autorit\u00e0 di questi Paesi non rilasciano l\u2019ESTA o L\u2019ETA su tale documento.<\/p>\n<p><strong>Requisiti per la richiesta:<\/strong><\/p>\n<ol>\n<li>Presentarsi personalmente in Ambasciata (<a href=\"https:\/\/ambbogota.esteri.it\/it\/servizi-consolari-e-visti\/servizi-per-il-cittadino-italiano\/prenotazioni-servizi-consolari\/\">orari di ricezione del pubblico<\/a>);<\/li>\n<li><a href=\"https:\/\/ambbogota.esteri.it\/wp-content\/uploads\/2025\/12\/Modulo-richiesta.docx\">Modulo<\/a>\u00a0di richiesta;<\/li>\n<li>Denuncia di furto del passaporto presso le Autorit\u00e0 locali competenti (Fiscal\u00eda). Nel caso di smarrimento sar\u00e0 possibile effettuare la denuncia presso l\u2019Ambasciata (<a href=\"https:\/\/ambbogota.esteri.it\/it\/servizi-consolari-e-visti\/servizi-per-il-cittadino-italiano\/passaporti-e-carte-didentita\/smarrimento-o-furto-del-passaporto-e-documento-di-viaggio-provvisorio-e-t-d\/\">Smarrimento o furto del passaporto \u2013 Ambasciata d\u2019Italia Bogot\u00e0<\/a>);<\/li>\n<li>Titolo di viaggio stampato (biglietto aereo);<\/li>\n<li>2 fototessere a colori, recenti e a sfondo bianco (3.5 cm x 4 cm).<\/li>\n<\/ol>\n<p><strong>Per il 2026 l\u2019UE ETD \u00e8 rilasciato gratuitamente<\/strong>.<\/p>\n<p><strong>UE ETD per minorenni<\/strong><\/p>\n<p>Nel caso in cui la persona che abbia bisogno del documento di emergenza sia minorenne, dovr\u00e0 presentarsi con almeno uno dei due genitori, o con l\u2019adulto responsabile durante il periodo del viaggio.<\/p>\n<p>Nella circostanza in cui il genitore non abbia nazionalit\u00e0 italiana\/UE, o non possa presentarsi, dovr\u00e0 autenticare la firma sul documento di autorizzazione al rilascio dell\u2019UE ETD a favore del minore presso l\u2019Autorit\u00e0 italiana del luogo di residenza (Consolato italiano\/Questura). Il genitore italiano\/UE, invece, potr\u00e0 firmare tale autorizzazione, sottoscrivendola con la stessa firma utilizzata nel documento italiano\/UE in corso di validit\u00e0, di cui \u00e8 titolare, che dovr\u00e0 allegare in copia.<\/p>\n<p><strong>OBBLIGO DI RESTITUZIONE DEL DOCUMENTO:<\/strong><\/p>\n<p>Il beneficiario dell\u2019UE ETD \u00e8 obbligato a consegnare, una volta giunto a destinazione, il documento alla polizia di frontiera o ad altro posto di polizia, indipendentemente dalla validit\u00e0 residua.<\/p>\n<p>Qualora il beneficiario di un EU ETD rilasciato da un Ufficio consolare viaggi verso un Paese diverso dall\u2019Italia, il beneficiario ha l\u2019obbligo restituire il documento all\u2019Ufficio consolare territorialmente competente per la localit\u00e0 di destinazione.<\/p>\n","protected":false},"excerpt":{"rendered":"L\u2019EU ETD \u00e8 un documento di emergenza che pu\u00f2 essere rilasciato a favore dei connazionali o dei cittadini di Paesi UE, per i quali non sia presente in loco una Rappresentanza Diplomatico-consolare, limitatamente a un solo viaggio verso lo Stato membro di cui il richiedente \u00e8 cittadino, verso il suo Paese di residenza permanente o, [&hellip;]","protected":false},"author":1,"featured_media":0,"parent":47,"menu_order":2,"comment_status":"closed","ping_status":"closed","template":"","meta":{"footnotes":""},"class_list":["post-67","page","type-page","status-publish","hentry"],"_links":{"self":[{"href":"https:\/\/ambbogota.esteri.it\/it\/wp-json\/wp\/v2\/pages\/67","targetHints":{"allow":["GET"]}}],"collection":[{"href":"https:\/\/ambbogota.esteri.it\/it\/wp-json\/wp\/v2\/pages"}],"about":[{"href":"https:\/\/ambbogota.esteri.it\/it\/wp-json\/wp\/v2\/types\/page"}],"author":[{"embeddable":true,"href":"https:\/\/ambbogota.esteri.it\/it\/wp-json\/wp\/v2\/users\/1"}],"replies":[{"embeddable":true,"href":"https:\/\/ambbogota.esteri.it\/it\/wp-json\/wp\/v2\/comments?post=67"}],"version-history":[{"count":5,"href":"https:\/\/ambbogota.esteri.it\/it\/wp-json\/wp\/v2\/pages\/67\/revisions"}],"predecessor-version":[{"id":7228,"href":"https:\/\/ambbogota.esteri.it\/it\/wp-json\/wp\/v2\/pages\/67\/revisions\/7228"}],"up":[{"embeddable":true,"href":"https:\/\/ambbogota.esteri.it\/it\/wp-json\/wp\/v2\/pages\/47"}],"wp:attachment":[{"href":"https:\/\/ambbogota.esteri.it\/it\/wp-json\/wp\/v2\/media?parent=67"}],"curies":[{"name":"wp","href":"https:\/\/api.w.org\/{rel}","templated":true}]}}