{"id":6924,"date":"2025-09-23T15:18:53","date_gmt":"2025-09-23T20:18:53","guid":{"rendered":"https:\/\/ambbogota.esteri.it\/?page_id=6924"},"modified":"2025-09-23T15:31:41","modified_gmt":"2025-09-23T20:31:41","slug":"cittadinanza-per-discendenza-iure-sanguinis","status":"publish","type":"page","link":"https:\/\/ambbogota.esteri.it\/it\/servizi-consolari-e-visti\/servizi-per-il-cittadino-straniero\/cittadinanza\/cittadinanza-per-discendenza-iure-sanguinis\/","title":{"rendered":"Cittadinanza per discendenza \u201ciure sanguinis\u201d"},"content":{"rendered":"<p><strong>Requisiti per richiedere la cittadinanza<\/strong><\/p>\n<p>A partire dal 24 maggio 2025, un cittadino straniero (non italiano), che desideri richiedere il riconoscimento della cittadinanza italiana, deve dimostrare di essere discendente da un cittadino italiano in base ai seguenti requisiti:<\/p>\n<ol>\n<li>al momento della nascita del richiedente, almeno un ascendente di primo grado (un genitore) o di secondo grado (un nonno) doveva possedere <strong>esclusivamente<\/strong> la cittadinanza italiana. Nel caso l\u2019ascendente sia morto prima della nascita del richiedente, questi doveva possedere solo la cittadinanza italiana al momento della morte;<\/li>\n<li>un genitore o adottante che abbia acquisito la cittadinanza italiana, deve essere stato residente in Italia per almeno due anni continuativi successivamente all\u2019acquisto della cittadinanza italiana e prima della data di nascita o di adozione del figlio.<\/li>\n<\/ol>\n<p><strong>Caso n. 1: genitore o nonno solo italiano<\/strong><\/p>\n<p>In questo caso, \u00e8 onere del richiedente dimostrare in maniera incontrovertibile che gli ascendenti in questione non possedevano, al momento della nascita del richiedente (o al momento della morte dell\u2019ascendente, se essa \u00e8 avvenuta prima della nascita dell\u2019interessato), altre cittadinanze al di fuori di quella italiana.<\/p>\n<p>Al fine di provare il possesso della sola cittadinanza italiana, il richiedente potr\u00e0 presentare:<\/p>\n<ul>\n<li>certificati negativi di cittadinanza dei paesi in cui l\u2019ascendente ha risieduto;<\/li>\n<li>attestazioni di rinuncia ad altre cittadinanze;<\/li>\n<li>attestazioni di non iscrizione alle liste elettorali dei paesi in cui l\u2019ascendente ha risieduto;<\/li>\n<li>ogni altro atto o certificato utile a dimostrare che l\u2019ascendente non possieda altre cittadinanze.<\/li>\n<\/ul>\n<p>Non sono considerate sufficienti mere dichiarazioni di parte rilasciate dal richiedente o da famigliari.<\/p>\n<p>DOCUMENTAZIONE DA PRESENTARE<\/p>\n<ol>\n<li><a href=\"https:\/\/ambbogota.esteri.it\/wp-content\/uploads\/2023\/08\/1._modulo_registro_atto_di_nascita.pdf\"><strong>Modulo<\/strong><\/a> di richiesta di trascrizione del proprio atto di nascita;<\/li>\n<li><a href=\"https:\/\/ambbogota.esteri.it\/wp-content\/uploads\/2023\/08\/78393_f_amb61AlberoGenealogico.pdf\"><strong>Albero genealogico<\/strong><\/a> con indicazione di date di nascita, matrimonio e morte degli ascendenti di primo e\/o secondo grado;<\/li>\n<li><strong>Atti di nascita, matrimonio e morte<\/strong> <strong>degli ascendenti che trasmettono la cittadinanza<\/strong> risultanti dall\u2019albero genealogico. I documenti devono essere presentati in originale, e devono essere richiesti nel paese in cui sono stati registrati, con apostille, traduzioni e apostille delle traduzioni.<br \/>\nNel caso in cui alcuni ascendenti non abbiano contratto matrimonio, \u00e8 necessario che vi sia della documentazione che comprovi il riconoscimento paterno e l\u2019accettazione da parte della madre del riconoscimento paterno, con firma autografa da parte di entrambi i genitori. In assenza di tale documentazione, la catena di trasmissione della cittadinanza non potr\u00e0 essere accertata e, pertanto, non sar\u00e0 possibile riconoscere la cittadinanza italiana al richiedente.<\/li>\n<li><strong>Certificato di non naturalizzazione dell\u2019ascendente italiano (genitore o nonno) che trasmette la cittadinanza<\/strong> rilasciato dal Ministero degli Esteri colombiano (o del paese in cui questi \u00e8 emigrato) che dichiari che l\u2019ascendente italiano non ha ottenuto la cittadinanza del paese di emigrazione;<\/li>\n<li><strong>Eventuale altra documentazione che provi che l\u2019ascendente che trasmette la cittadinanza non possieda altre cittadinanze oltre a quella italiana<\/strong>;<\/li>\n<li><strong>Ricevuta<\/strong> originale di pagamento dei diritti consolari dell\u2019importo in Pesos relativo all\u2019art. 7B della\u00a0<a href=\"https:\/\/ambbogota.esteri.it\/it\/servizi-consolari-e-visti\/servizi-per-il-cittadino-italiano\/diritti-consolari\/\">tabella dei diritti consolari<\/a>.<br \/>\nIl pagamento dei diritti consolari \u00e8 relativo alla presentazione e allo studio della richiesta di cittadinanza, pertanto non verr\u00e0 rimborsato nel caso in cui la pratica non risulti completa o nel caso in cui il richiedente non abbia diritto al riconoscimento della cittadinanza.<\/li>\n<\/ol>\n<p><strong>Caso n. 2: genitore o adottante che ha risieduto in Italia per 2 anni<\/strong><\/p>\n<p>In questo caso, il richiedente dovr\u00e0 dimostrare che <strong>il genitore o l\u2019adottante ha risieduto in Italia per almeno due anni<\/strong>, presentando un\u00a0certificato storico di residenza rilasciato dal Comune in cui ha vissuto il genitore o l\u2019adottante. \u00c8 sufficiente che uno solo dei genitori o adottanti sia stato residente in Italia, ma vengono presi in considerazione solo i genitori cittadini italiani. La residenza deve essere stata di almeno due anni continuativi\u00a0<strong>dopo<\/strong> l\u2019acquisto della cittadinanza italiana e <strong>prima<\/strong>\u00a0della nascita del richiedente. Non \u00e8 rilevante la residenza in Italia di genitori stranieri.<\/p>\n<p>Nel caso di genitore cittadino italiano\u00a0<em>iure sanguinis<\/em>\u00a0che abbia ottenuto il riconoscimento della propria cittadinanza italiana\u00a0dopo\u00a0il periodo di residenza in Italia, il requisito della residenza in Italia si considera comunque soddisfatto e il figlio pu\u00f2 ottenere il riconoscimento della cittadinanza italiana.<\/p>\n<p>DOCUMENTAZIONE DA PRESENTARE<\/p>\n<ol>\n<li><a href=\"https:\/\/ambbogota.esteri.it\/wp-content\/uploads\/2023\/08\/1._modulo_registro_atto_di_nascita.pdf\"><strong>Modulo<\/strong><\/a> di richiesta di trascrizione del proprio atto di nascita;<\/li>\n<li><strong>Atti di nascita e matrimonio del genitore o adottante che trasmette la cittadinanza<\/strong>. I documenti devono essere presentati in originale, e devono essere richiesti nel paese in cui sono stati registrati, con apostille, traduzioni e apostille delle traduzioni.<br \/>\nNel caso in cui il genitore non abbia contratto matrimonio, \u00e8 necessario che vi sia della documentazione che comprovi il riconoscimento paterno e l\u2019accettazione da parte della madre del riconoscimento paterno, con firma autografa da parte di entrambi i genitori. In assenza di tale documentazione, la catena di trasmissione della cittadinanza non potr\u00e0 essere accertata e, pertanto, non sar\u00e0 possibile riconoscere la cittadinanza italiana al richiedente.<\/li>\n<li><strong>Documentazione che certifica la naturalizzazione italiana <\/strong>del genitore o adottante (decreto di cittadinanza e atto di giuramento);<\/li>\n<li><strong>Certificato storico di residenza <\/strong>emesso dal Comune italiano competente;<\/li>\n<li><strong>Ricevuta<\/strong> originale di pagamento dei diritti consolari dell\u2019importo in Pesos relativo all\u2019art. 7B della\u00a0<a href=\"https:\/\/ambbogota.esteri.it\/it\/servizi-consolari-e-visti\/servizi-per-il-cittadino-italiano\/diritti-consolari\/\">tabella dei diritti consolari<\/a>.<br \/>\nIl pagamento dei diritti consolari \u00e8 relativo alla presentazione e allo studio della richiesta di cittadinanza, pertanto non verr\u00e0 rimborsato nel caso in cui la pratica non risulti completa o nel caso in cui il richiedente non abbia diritto al riconoscimento della cittadinanza.<\/li>\n<\/ol>\n<p><strong>\u00a0<\/strong><strong>Esito della richiesta<\/strong><\/p>\n<p>L\u2019Ambasciata ricever\u00e0 la documentazione precedentemente indicata e, a seguito della verifica della stessa, potr\u00e0:<\/p>\n<ul>\n<li><strong>Accogliere<\/strong> la richiesta e riconoscere la cittadinanza al richiedente: in questo caso, la documentazione verr\u00e0 inviata al Comune competente e verr\u00e0 data comunicazione per e-mail;<\/li>\n<li><strong>Respingere<\/strong> la richiesta ed emettere una <em>Dichiarazione di diniego di cittadinanza<\/em>, che verr\u00e0 consegnata in originale al richiedente.<\/li>\n<\/ul>\n<p>In ogni caso, il pagamento dei diritti consolari non potr\u00e0 essere rimborsato.<\/p>\n<p>L\u2019Ambasciata d\u2019Italia \u00e8 competente per la trattazione delle pratiche di riconoscimento di cittadinanza italiana solo per le persone residenti in Colombia, pertanto i cittadini non colombiani dovranno dimostrare di essere regolarmente residenti in Colombia presentando l\u2019idonea documentazione.<\/p>\n<p>In accordo con quanto previsto dalla L.183\/2011, l\u2019Ambasciata non potr\u00e0 accettare dichiarazioni nelle quali il richiedente indichi che parte dei documenti sono gi\u00e0 stati presentati da un proprio congiunto, al quale sia gi\u00e0 stata riconosciuta la cittadinanza italiana, presso un altro Comune italiano o presso un\u2019altra Autorit\u00e0 consolare (Ambasciata o Consolato). Ogni nuova richiesta di ricostruzione di cittadinanza dovr\u00e0 essere completa di tutta la documentazione prevista in originale.<\/p>\n<p>&nbsp;<\/p>\n","protected":false},"excerpt":{"rendered":"Requisiti per richiedere la cittadinanza A partire dal 24 maggio 2025, un cittadino straniero (non italiano), che desideri richiedere il riconoscimento della cittadinanza italiana, deve dimostrare di essere discendente da un cittadino italiano in base ai seguenti requisiti: al momento della nascita del richiedente, almeno un ascendente di primo grado (un genitore) o di secondo [&hellip;]","protected":false},"author":7,"featured_media":0,"parent":90,"menu_order":0,"comment_status":"closed","ping_status":"closed","template":"","meta":{"footnotes":""},"class_list":["post-6924","page","type-page","status-publish","hentry"],"_links":{"self":[{"href":"https:\/\/ambbogota.esteri.it\/it\/wp-json\/wp\/v2\/pages\/6924","targetHints":{"allow":["GET"]}}],"collection":[{"href":"https:\/\/ambbogota.esteri.it\/it\/wp-json\/wp\/v2\/pages"}],"about":[{"href":"https:\/\/ambbogota.esteri.it\/it\/wp-json\/wp\/v2\/types\/page"}],"author":[{"embeddable":true,"href":"https:\/\/ambbogota.esteri.it\/it\/wp-json\/wp\/v2\/users\/7"}],"replies":[{"embeddable":true,"href":"https:\/\/ambbogota.esteri.it\/it\/wp-json\/wp\/v2\/comments?post=6924"}],"version-history":[{"count":2,"href":"https:\/\/ambbogota.esteri.it\/it\/wp-json\/wp\/v2\/pages\/6924\/revisions"}],"predecessor-version":[{"id":6928,"href":"https:\/\/ambbogota.esteri.it\/it\/wp-json\/wp\/v2\/pages\/6924\/revisions\/6928"}],"up":[{"embeddable":true,"href":"https:\/\/ambbogota.esteri.it\/it\/wp-json\/wp\/v2\/pages\/90"}],"wp:attachment":[{"href":"https:\/\/ambbogota.esteri.it\/it\/wp-json\/wp\/v2\/media?parent=6924"}],"curies":[{"name":"wp","href":"https:\/\/api.w.org\/{rel}","templated":true}]}}