{"id":89,"date":"2023-04-11T18:22:07","date_gmt":"2023-04-11T16:22:07","guid":{"rendered":"https:\/\/ambasciatapraga.esteri.it\/?page_id=89"},"modified":"2024-06-11T03:59:23","modified_gmt":"2024-06-11T08:59:23","slug":"visti","status":"publish","type":"page","link":"https:\/\/ambbogota.esteri.it\/it\/servizi-consolari-e-visti\/servizi-per-il-cittadino-straniero\/visti\/","title":{"rendered":"Visti"},"content":{"rendered":"<p style=\"text-align: justify;\">La richiesta di visto deve essere effettuata direttamente presso l\u2019Ambasciata d\u2019Italia a Bogot\u00e0 (Calle 93-B n. 9-92) presentando in Ambasciata la documentazione richiesta per la tipologia di visto per la quale si vuole postulare.<\/p>\n<p style=\"text-align: justify;\">Altres\u00ec, si informa all\u2019utenza che l\u2019orario di ricevimento delle richieste di visto sar\u00e0 garantito nella seguente modalit\u00e0: luned\u00ec, mercoled\u00ec, gioved\u00ec e venerd\u00ec dalle ore 08:30 alle ore 11:30 e marted\u00ec dalle ore 13:30 alle ore 15:00 senza previo appuntamento e senza contingentamenti di sorta.<\/p>\n<p style=\"text-align: justify;\">Dal 1 gennaio 2019 l\u2019Ambasciata d\u2019Italia non autorizza nessun intermediario per la gestione e richiesta del visto.<\/p>\n<p style=\"text-align: justify;\"><strong>ATTENZIONE<\/strong><\/p>\n<p style=\"text-align: justify;\">I cittadini colombiani sono esenti dalla richiesta di visto quando si recano nello Spazio Schengen per motivi di turismo\/affari\/missione\/gara sportiva\/studio\/invito per un massimo di 90 giorni nell\u2019arco temporale di 180 giorni. Il decorrere dei giorni ha inizio il primo giorno di entrata nel territorio Schengen (fa fede il timbro di entrata apposto sul passaporto).<\/p>\n<p style=\"text-align: justify;\">Visiti il sito\u00a0<a href=\"http:\/\/vistoperitalia.esteri.it\/home.aspx\"><strong>Il Visto per l\u2019Italia<\/strong><\/a>\u00a0per le informazioni riguardanti tutte le tipologie di visto (Nazionali e Schengen) previste dalla normativa italiana e applicabili a tutte le nazionalit\u00e0.<\/p>\n","protected":false},"excerpt":{"rendered":"La richiesta di visto deve essere effettuata direttamente presso l\u2019Ambasciata d\u2019Italia a Bogot\u00e0 (Calle 93-B n. 9-92) presentando in Ambasciata la documentazione richiesta per la tipologia di visto per la quale si vuole postulare. Altres\u00ec, si informa all\u2019utenza che l\u2019orario di ricevimento delle richieste di visto sar\u00e0 garantito nella seguente modalit\u00e0: luned\u00ec, mercoled\u00ec, gioved\u00ec e [&hellip;]","protected":false},"author":1,"featured_media":0,"parent":48,"menu_order":0,"comment_status":"closed","ping_status":"closed","template":"","meta":{"footnotes":""},"class_list":["post-89","page","type-page","status-publish","hentry"],"_links":{"self":[{"href":"https:\/\/ambbogota.esteri.it\/it\/wp-json\/wp\/v2\/pages\/89","targetHints":{"allow":["GET"]}}],"collection":[{"href":"https:\/\/ambbogota.esteri.it\/it\/wp-json\/wp\/v2\/pages"}],"about":[{"href":"https:\/\/ambbogota.esteri.it\/it\/wp-json\/wp\/v2\/types\/page"}],"author":[{"embeddable":true,"href":"https:\/\/ambbogota.esteri.it\/it\/wp-json\/wp\/v2\/users\/1"}],"replies":[{"embeddable":true,"href":"https:\/\/ambbogota.esteri.it\/it\/wp-json\/wp\/v2\/comments?post=89"}],"version-history":[{"count":4,"href":"https:\/\/ambbogota.esteri.it\/it\/wp-json\/wp\/v2\/pages\/89\/revisions"}],"predecessor-version":[{"id":3923,"href":"https:\/\/ambbogota.esteri.it\/it\/wp-json\/wp\/v2\/pages\/89\/revisions\/3923"}],"up":[{"embeddable":true,"href":"https:\/\/ambbogota.esteri.it\/it\/wp-json\/wp\/v2\/pages\/48"}],"wp:attachment":[{"href":"https:\/\/ambbogota.esteri.it\/it\/wp-json\/wp\/v2\/media?parent=89"}],"curies":[{"name":"wp","href":"https:\/\/api.w.org\/{rel}","templated":true}]}}