{"id":95,"date":"2023-04-11T18:23:52","date_gmt":"2023-04-11T16:23:52","guid":{"rendered":"https:\/\/ambasciatapraga.esteri.it\/?page_id=95"},"modified":"2025-01-31T12:17:27","modified_gmt":"2025-01-31T17:17:27","slug":"fare-affari-in-colombia","status":"publish","type":"page","link":"https:\/\/ambbogota.esteri.it\/it\/italia-e-colombia\/diplomazia-economica\/fare-affari-in-colombia\/","title":{"rendered":"Fare Affari in Colombia"},"content":{"rendered":"<p><strong>Link utili:<\/strong><\/p>\n<ul>\n<li><a href=\"https:\/\/www.infomercatiesteri.it\/paese.php?id_paesi=41\" target=\"_blank\" rel=\"noopener\">infoMercatiEsteri &#8211; Scheda Colombia<\/a><\/li>\n<li><a class=\"\" href=\"https:\/\/ccicolombia.com\/\" target=\"_blank\" rel=\"noopener\" data-focus-mouse=\"false\">Camera di Commercio Italiana per la Colombia<\/a><\/li>\n<li><a href=\"https:\/\/www.ice.it\/it\/mercati\/colombia\" target=\"_blank\" rel=\"noopener\">Agenzia ITA-ICE \u2013 Scheda Colombia<\/a><\/li>\n<li><a href=\"https:\/\/www.dane.gov.co\/\" target=\"_blank\" rel=\"noopener\">Dipartimento Amministrativo Nazionale di Statistica della Colombia (DANE)<\/a><\/li>\n<li><a href=\"https:\/\/www.banrep.gov.co\/es\" target=\"_blank\" rel=\"noopener\">Banco della Repubblica della Colombia<\/a><\/li>\n<li><a href=\"https:\/\/www.mincit.gov.co\/\" target=\"_blank\" rel=\"noopener\">Ministero di Commercio, Industria e Turismo della Colombia (MINCIT)<\/a><\/li>\n<li><a href=\"https:\/\/procolombia.co\/\" target=\"_blank\" rel=\"noopener\">Agenzia per la promozione delle esportazioni, turismo e investimenti (PROCOLOMBIA)<\/a><\/li>\n<\/ul>\n<p>Nel periodo gen-ott 2024\u00a0l\u2019interscambio commerciale tra\u00a0Italia e Colombia si \u00e8 attestato su un valore di 1,52 miliardi di euro (-5,3% rispetto allo stesso periodo del 2023), rappresentando il terzo miglior risultato a livello UE dopo\u00a0Paesi Bassi e Germania.\u00a0Il deficit commerciale\u00a0\u00e9 di 142 milioni euro per l\u2019Italia, pressoch\u00e9 invariato; in particolare, le esportazioni italiane verso la Colombia\u00a0sono ammontate a circa 692 milioni Euro (-5,3% rispetto al periodo gen-ott 2023, quarto maggior volume tra i Paesi UE, quota pari all\u201911%), mentre le importazioni italiane\u00a0a\u00a0833 mln\/euro (-5,3% rispetto al gen-ott 2023, secondo maggior volume tra i Paesi UE, quota pari al 20%).\u00a0 Le principali esportazioni italiane sono state: macchinari, prodotti farmaceutici e chimici, apparati e materiale elettrico. Viceversa, le principali importazioni italiane sono state soprattutto prodotti dell\u2019agricoltura (in primis banane, caff\u00e9, frutta tropicale, zucchero), prodotti minerari e metalli.<\/p>\n<p>Nel corso del 2023 gli investimenti diretti esteri (IDE) italiani in Colombia sono stati di circa 40 milioni Euro, a fronte di un dato accumulato di 573 milioni di euro.<\/p>\n<p>La carenza di infrastrutture offre molteplici opportunit\u00e0 nel settore stradale e ferroviario. \u00c8 in atto una vasta campagna di ristrutturazioni\/ampliamento di porti ed aeroporti in tutto il Paese e sono allo studio diversi progetti di mobilit\u00e0 per potenziare il trasporto urbano e interurbano e decongestionare il pesante traffico delle principali citt\u00e0 colombiane, in particolare nella capitale. Tra questi si segnala la metropolitana di Bogot\u00e1, il progetto infrastrutturale pi\u00f9 importante del Paese, aggiudicato nel 2019 e con cantieri ormai avviati.<\/p>\n<p>Agli investimenti diretti italiani in Colombia si affianca un rinnovato impegno istituzionale tra Italia e Colombia per un incremento delle relazioni commerciali rappresentata, tra l\u2019altro, dalla firma nel gennaio 2018 dell\u2019Accordo sulla Doppie Imposizioni Fiscali (entrato in vigore nell\u2019ottobre 2021) e dal Memorandum d\u2019Intesa sulle risorse energetiche. La presenza delle imprese straniere \u00e8 inoltre fortemente incoraggiata dalle stesse Autorit\u00e0 locali, grazie a un piano di incentivi. In connessione, allo scopo di convertire il paese in Hub regionale, sono state attivate le c.d. Zone Franche, ove \u00e8 possibile avviare attivit\u00e0 economiche beneficiando di un regime speciale in materia tributaria, doganale e di commercio estero.<\/p>\n<p>L\u2019Accordo di Libero Scambio tra UE-Colombia e Per\u00f9, in vigore dal 1\u00b0 agosto 2013, ha ridotto notevolmente i dazi doganali, facilitando le nostre esportazioni. La presenza italiana in Colombia\u00a0continua intanto la sua espansione. Il\u00a0settore alimentare\u00a0con, tra\u00a0i principali marchi e realt\u00e0 imprenditoriali,\u00a0Ferrero, Barilla, Illy caff\u00e8, Pasta Garofalo, Lavazza e Segafredo; quello delle\u00a0grandi costruzioni\u00a0con Salini-Impregilo, ATB Riva Calzoni; il settore energia con, ENEL, SAIPEM e ACEA; quello\u00a0automobilistico\u00a0con Fiat, Ferrari, IVECO, Piaggio, Ducati, Maserati, Aprilia e NGV Motori; quello\u00a0industriale\u00a0con Trevi, Bticino, De Longhi e\u00a0farmaceutico\u00a0con Zambon, Recordati e il Gruppo Menarini; quello dei\u00a0mobili\u00a0con Scavolini, Natuzzi e Campo Marzio e il settore\u00a0abbigliamento e accessori\u00a0che raggruppa importatori di nomi noti quali Benetton, Diesel, Zegna, Ferragamo, Versace, Bulgari, Emporio Armani, Dolce &amp; Gabbana, Intimissimi, Calzedonia e Replay.<\/p>\n","protected":false},"excerpt":{"rendered":"Link utili: infoMercatiEsteri &#8211; Scheda Colombia Camera di Commercio Italiana per la Colombia Agenzia ITA-ICE \u2013 Scheda Colombia Dipartimento Amministrativo Nazionale di Statistica della Colombia (DANE) Banco della Repubblica della Colombia Ministero di Commercio, Industria e Turismo della Colombia (MINCIT) Agenzia per la promozione delle esportazioni, turismo e investimenti (PROCOLOMBIA) Nel periodo gen-ott 2024\u00a0l\u2019interscambio commerciale [&hellip;]","protected":false},"author":1,"featured_media":0,"parent":43,"menu_order":0,"comment_status":"closed","ping_status":"closed","template":"","meta":{"footnotes":""},"class_list":["post-95","page","type-page","status-publish","hentry"],"_links":{"self":[{"href":"https:\/\/ambbogota.esteri.it\/it\/wp-json\/wp\/v2\/pages\/95","targetHints":{"allow":["GET"]}}],"collection":[{"href":"https:\/\/ambbogota.esteri.it\/it\/wp-json\/wp\/v2\/pages"}],"about":[{"href":"https:\/\/ambbogota.esteri.it\/it\/wp-json\/wp\/v2\/types\/page"}],"author":[{"embeddable":true,"href":"https:\/\/ambbogota.esteri.it\/it\/wp-json\/wp\/v2\/users\/1"}],"replies":[{"embeddable":true,"href":"https:\/\/ambbogota.esteri.it\/it\/wp-json\/wp\/v2\/comments?post=95"}],"version-history":[{"count":8,"href":"https:\/\/ambbogota.esteri.it\/it\/wp-json\/wp\/v2\/pages\/95\/revisions"}],"predecessor-version":[{"id":5622,"href":"https:\/\/ambbogota.esteri.it\/it\/wp-json\/wp\/v2\/pages\/95\/revisions\/5622"}],"up":[{"embeddable":true,"href":"https:\/\/ambbogota.esteri.it\/it\/wp-json\/wp\/v2\/pages\/43"}],"wp:attachment":[{"href":"https:\/\/ambbogota.esteri.it\/it\/wp-json\/wp\/v2\/media?parent=95"}],"curies":[{"name":"wp","href":"https:\/\/api.w.org\/{rel}","templated":true}]}}